{"id":722055,"date":"2025-08-27T18:59:08","date_gmt":"2025-08-27T15:59:08","guid":{"rendered":"https:\/\/roveyayinevi.com.tr\/index.php\/urun\/nuyageva\/"},"modified":"2026-04-16T02:29:52","modified_gmt":"2026-04-15T23:29:52","slug":"nuyageva","status":"publish","type":"product","link":"https:\/\/roveyayinevi.com.tr\/index.php\/urun\/nuyageva\/","title":{"rendered":"Nuyageva"},"content":{"rendered":"<p>Usta \u015fair Nurullah Gen\u00e7&#8217;in kalemiyle hayata arma\u011fan etti\u011fi kelimeler, Nuyageva&#8217;da y\u0131llar sonra yeniden nefes buluyor.O nas\u0131l macerayd\u0131, o nas\u0131l \u201cd\u00fc\u015f\u201dt\u00fc\u00c7evresine ihtilal kuzgunlar\u0131 \u00fc\u015f\u00fc\u015ft\u00fcAy g\u00f6r\u00fcnce d\u00fczenli \u0131\u015f\u0131yan g\u00f6zleriniH\u0131\u00e7k\u0131r\u0131kl\u0131 bir mendil g\u00f6kten k\u0131y\u0131ya d\u00fc\u015ft\u00fc\u00d6yle maktul bir esaret bo\u015fald\u0131 ki do\u011fudanK\u00f6leler ata bindi; sultanlar yaya d\u00fc\u015ft\u00fcNuyageva bir g\u00fcm\u00fc\u015ft\u00fc, t\u0131ls\u0131ml\u0131 bir g\u00fcl\u00fc\u015ft\u00fc<\/p>\n","protected":false},"excerpt":{"rendered":"<p>Usta \u015fair Nurullah Gen\u00e7&#8217;in kalemiyle hayata arma\u011fan etti\u011fi kelimeler, Nuyageva&#8217;da y\u0131llar sonra yeniden nefes buluyor.O nas\u0131l macerayd\u0131, o nas\u0131l \u201cd\u00fc\u015f\u201dt\u00fc\u00c7evresine ihtilal kuzgunlar\u0131 \u00fc\u015f\u00fc\u015ft\u00fcAy g\u00f6r\u00fcnce d\u00fczenli \u0131\u015f\u0131yan<span class=\"excerpt-hellip\"> [\u2026]<\/span><\/p>\n","protected":false},"featured_media":0,"template":"","meta":{"_monsterinsights_skip_tracking":false,"_monsterinsights_sitenote_active":false,"_monsterinsights_sitenote_note":"","_monsterinsights_sitenote_category":0},"product_brand":[],"product_cat":[12291,12509],"product_tag":[],"class_list":{"0":"post-722055","1":"product","2":"type-product","3":"status-publish","5":"product_cat-edebiyat","6":"product_cat-siir","7":"pa_cilt-ciltsiz","8":"pa_tur-kitap","9":"pa_yayinevi-timas-yayinlari","10":"pa_yazar-nurullah-genc","12":"first","13":"instock","14":"sale","15":"shipping-taxable","16":"purchasable","17":"product-type-simple"},"_links":{"self":[{"href":"https:\/\/roveyayinevi.com.tr\/index.php\/wp-json\/wp\/v2\/product\/722055","targetHints":{"allow":["GET"]}}],"collection":[{"href":"https:\/\/roveyayinevi.com.tr\/index.php\/wp-json\/wp\/v2\/product"}],"about":[{"href":"https:\/\/roveyayinevi.com.tr\/index.php\/wp-json\/wp\/v2\/types\/product"}],"wp:attachment":[{"href":"https:\/\/roveyayinevi.com.tr\/index.php\/wp-json\/wp\/v2\/media?parent=722055"}],"wp:term":[{"taxonomy":"product_brand","embeddable":true,"href":"https:\/\/roveyayinevi.com.tr\/index.php\/wp-json\/wp\/v2\/product_brand?post=722055"},{"taxonomy":"product_cat","embeddable":true,"href":"https:\/\/roveyayinevi.com.tr\/index.php\/wp-json\/wp\/v2\/product_cat?post=722055"},{"taxonomy":"product_tag","embeddable":true,"href":"https:\/\/roveyayinevi.com.tr\/index.php\/wp-json\/wp\/v2\/product_tag?post=722055"}],"curies":[{"name":"wp","href":"https:\/\/api.w.org\/{rel}","templated":true}]}}