{"id":722053,"date":"2025-08-27T18:59:07","date_gmt":"2025-08-27T15:59:07","guid":{"rendered":"https:\/\/roveyayinevi.com.tr\/index.php\/urun\/ozgenin-dirilisi\/"},"modified":"2026-04-16T02:29:52","modified_gmt":"2026-04-15T23:29:52","slug":"ozgenin-dirilisi","status":"publish","type":"product","link":"https:\/\/roveyayinevi.com.tr\/index.php\/urun\/ozgenin-dirilisi\/","title":{"rendered":"\u00d6zge&#8217;nin Dirili\u015fi"},"content":{"rendered":"<p>Hayat\u0131n\u0131, alemde namaz k\u0131lmayan tek ki\u015fi kalmay\u0131ncaya kadar namaz\u0131 anlatmaya adam\u0131\u015f olan \u0130lahiyat\u00e7\u0131 yazar Ahmet Bulut, yeni kitab\u0131 \u00d6zge\u2019nin Dirili\u015fi\u2019nde ateist oldu\u011funa inanan gen\u00e7 bir k\u0131z\u0131n hakikati bulu\u015f hik\u00e2yesini anlat\u0131yor. E\u011flence ve sefahet dolu bir hayattan, kalbinin ve vicdan\u0131n\u0131n sesini dinleyerek ya\u015fayaca\u011f\u0131 zorluklar, s\u0131k\u0131nt\u0131lar, buhranlar\u0131 g\u00f6ze al\u0131p \u00e7\u0131k\u0131\u015f\u0131n\u0131n hik\u00e2yesi bu. Bizzat ya\u015fanm\u0131\u015f bir hidayet \u00f6yk\u00fcs\u00fc.Bu d\u00fcnyaya g\u00f6nderili\u015f maksad\u0131n\u0131n pe\u015fine d\u00fc\u015fen \u00d6zge\u2019nin en ba\u015fta nefsi ve ailesiyle verdi\u011fi m\u00fccadele\u2026Ahmet Bulut\u2019un kaleminden \u00d6zge\u2019nin ya\u015fad\u0131\u011f\u0131 d\u00f6n\u00fc\u015f\u00fcme \u015fahitlik etmeye davetlisiniz; kim bilir belki de bu kendi d\u00f6n\u00fc\u015f\u00fcm\u00fcn\u00fcz\u00fc ya\u015famaya bir davettir\u2026\u201cAllah&#8217;\u0131m ka\u00e7ak kulun geldi, tut ellerimden. Beni bana b\u0131rakma. Beni bana b\u0131rak\u0131rsan nereye s\u00fcr\u00fcklenece\u011fimi biliyorsun. Bu zamana kadar nas\u0131l uzak kald\u0131m Senden? Affet beni.&#8221; <\/p>\n","protected":false},"excerpt":{"rendered":"<p>Hayat\u0131n\u0131, alemde namaz k\u0131lmayan tek ki\u015fi kalmay\u0131ncaya kadar namaz\u0131 anlatmaya adam\u0131\u015f olan \u0130lahiyat\u00e7\u0131 yazar Ahmet Bulut, yeni kitab\u0131 \u00d6zge\u2019nin Dirili\u015fi\u2019nde ateist oldu\u011funa inanan gen\u00e7 bir k\u0131z\u0131n<span class=\"excerpt-hellip\"> [\u2026]<\/span><\/p>\n","protected":false},"featured_media":0,"template":"","meta":{"_monsterinsights_skip_tracking":false,"_monsterinsights_sitenote_active":false,"_monsterinsights_sitenote_note":"","_monsterinsights_sitenote_category":0},"product_brand":[],"product_cat":[12718,18102,12719],"product_tag":[],"class_list":{"0":"post-722053","1":"product","2":"type-product","3":"status-publish","5":"product_cat-din","6":"product_cat-edebiyat-roman","7":"product_cat-islam","8":"pa_cilt-ciltsiz","9":"pa_tur-kitap","10":"pa_yayinevi-timas-yayinlari","11":"pa_yazar-ahmet-bulut","13":"first","14":"instock","15":"sale","16":"shipping-taxable","17":"purchasable","18":"product-type-simple"},"_links":{"self":[{"href":"https:\/\/roveyayinevi.com.tr\/index.php\/wp-json\/wp\/v2\/product\/722053","targetHints":{"allow":["GET"]}}],"collection":[{"href":"https:\/\/roveyayinevi.com.tr\/index.php\/wp-json\/wp\/v2\/product"}],"about":[{"href":"https:\/\/roveyayinevi.com.tr\/index.php\/wp-json\/wp\/v2\/types\/product"}],"wp:attachment":[{"href":"https:\/\/roveyayinevi.com.tr\/index.php\/wp-json\/wp\/v2\/media?parent=722053"}],"wp:term":[{"taxonomy":"product_brand","embeddable":true,"href":"https:\/\/roveyayinevi.com.tr\/index.php\/wp-json\/wp\/v2\/product_brand?post=722053"},{"taxonomy":"product_cat","embeddable":true,"href":"https:\/\/roveyayinevi.com.tr\/index.php\/wp-json\/wp\/v2\/product_cat?post=722053"},{"taxonomy":"product_tag","embeddable":true,"href":"https:\/\/roveyayinevi.com.tr\/index.php\/wp-json\/wp\/v2\/product_tag?post=722053"}],"curies":[{"name":"wp","href":"https:\/\/api.w.org\/{rel}","templated":true}]}}