{"id":722052,"date":"2025-08-27T18:59:06","date_gmt":"2025-08-27T15:59:06","guid":{"rendered":"https:\/\/roveyayinevi.com.tr\/index.php\/urun\/gonul-kapisinda-bir-elif\/"},"modified":"2026-04-16T02:29:52","modified_gmt":"2026-04-15T23:29:52","slug":"gonul-kapisinda-bir-elif","status":"publish","type":"product","link":"https:\/\/roveyayinevi.com.tr\/index.php\/urun\/gonul-kapisinda-bir-elif\/","title":{"rendered":"G\u00f6n\u00fcl Kap\u0131s\u0131nda Bir Elif"},"content":{"rendered":"<p>Ben, Elif.K\u0131rk ya\u015f\u0131ma de\u011fin kendi d\u00fcnyam\u0131n i\u00e7inde neden, ni\u00e7in sorular\u0131yla bo\u011fularak isyan e\u015fi\u011fine gelmi\u015fken, hi\u00e7 ummad\u0131\u011f\u0131m bir zaman diliminde sadece kendi cevaplar\u0131m\u0131 de\u011fil, t\u00fcm evrenin cevaplar\u0131n\u0131 da buluverdim.\u00d6\u011frendim; herkesin bir hik\u00e2yesi varm\u0131\u015f&#8230; O hik\u00e2yeler ki d\u00fcnya ate\u015finde yan\u0131p yok olmam\u0131z\u0131 sa\u011flarm\u0131\u015f. Bedenin hi\u00e7li\u011finden \u00e7\u0131k\u0131p, varl\u0131\u011f\u0131m\u0131z\u0131n sebebine vak\u0131f olmam\u0131z i\u00e7in \u00e7ok g\u00f6zya\u015f\u0131 d\u00f6kmek laz\u0131mm\u0131\u015f. Hepimizin s\u0131nav\u0131, o hik\u00e2yelerde sakl\u0131ym\u0131\u015f.\u00d6\u011frendim; A\u015fk ile dokunmak ve A\u015fk ile ya\u015famak gerekmi\u015f&#8230; A\u015fk&#8217;\u0131 bilmek i\u00e7in zaman\u0131n be\u015fi\u011finde avunmak yerine, yola \u00e7\u0131k\u0131p aramak gerekirmi\u015f. Yol \u00e7ok uzak lakin varmak bir ad\u0131m atmak kadar kolaym\u0131\u015f.\u00d6\u011frendim; isminin Elif olmas\u0131 yetmiyormu\u015f g\u00f6n\u00fcl kap\u0131s\u0131n\u0131 a\u015fmak i\u00e7in, Elif gibi dimdik ve emrolundu\u011fu gibi dosdo\u011fru olmak gerekmi\u015f. Nalan G\u00fcven, yeni roman\u0131 G\u00f6n\u00fcl Kap\u0131s\u0131nda Bir Elif&#8217;te, hayat\u0131nda her \u015fey yerli yerinde g\u00f6r\u00fcnen bir gen\u00e7 kad\u0131n\u0131n i\u00e7indeki bo\u015flu\u011fu dolduracak kayna\u011f\u0131 ke\u015ffetme hik\u00e2yesini anlat\u0131yor. R\u00fcya i\u00e7inde r\u00fcyalarda seyahat veya seyir etti\u011fi \u00e2lemde Hz. \u015eems, Hz. Mevl\u00e2n\u00e2, \u015eeyh-i Ekber, \u0130brahim Edhem Hz. gibi evliyalardan gelen hikmetlerle ge\u00e7mi\u015fiyle hesapla\u015fmas\u0131n\u0131 bitiren Elif, ya\u015fanan her \u015feyin bir sebebi oldu\u011fu ger\u00e7e\u011fine itimat ederek ba\u015fka bir hale ge\u00e7iyor.Ve kel\u00e2mlar\u0131n en g\u00fczelini duyuyor, g\u00f6n\u00fcl s\u00f6z\u00fc \u2018Kel\u00e2m-\u0131 A\u015fk&#8217;a var\u0131yor. Ey \u00c2demo\u011flu;Sen a\u015fk\u0131 yanl\u0131\u015f anlad\u0131n.Y\u00fcre\u011fine d\u00f6n bak!As\u0131l sahibi bulacaks\u0131n&#8230;<\/p>\n","protected":false},"excerpt":{"rendered":"<p>Ben, Elif.K\u0131rk ya\u015f\u0131ma de\u011fin kendi d\u00fcnyam\u0131n i\u00e7inde neden, ni\u00e7in sorular\u0131yla bo\u011fularak isyan e\u015fi\u011fine gelmi\u015fken, hi\u00e7 ummad\u0131\u011f\u0131m bir zaman diliminde sadece kendi cevaplar\u0131m\u0131 de\u011fil, t\u00fcm evrenin cevaplar\u0131n\u0131<span class=\"excerpt-hellip\"> [\u2026]<\/span><\/p>\n","protected":false},"featured_media":0,"template":"","meta":{"_monsterinsights_skip_tracking":false,"_monsterinsights_sitenote_active":false,"_monsterinsights_sitenote_note":"","_monsterinsights_sitenote_category":0},"product_brand":[],"product_cat":[12291,12711],"product_tag":[],"class_list":{"0":"post-722052","1":"product","2":"type-product","3":"status-publish","5":"product_cat-edebiyat","6":"product_cat-roman-oyku","7":"pa_cilt-ciltsiz","8":"pa_tur-kitap","9":"pa_yayinevi-timas-yayinlari","10":"pa_yazar-nalan-guven","12":"first","13":"instock","14":"sale","15":"shipping-taxable","16":"purchasable","17":"product-type-simple"},"_links":{"self":[{"href":"https:\/\/roveyayinevi.com.tr\/index.php\/wp-json\/wp\/v2\/product\/722052","targetHints":{"allow":["GET"]}}],"collection":[{"href":"https:\/\/roveyayinevi.com.tr\/index.php\/wp-json\/wp\/v2\/product"}],"about":[{"href":"https:\/\/roveyayinevi.com.tr\/index.php\/wp-json\/wp\/v2\/types\/product"}],"wp:attachment":[{"href":"https:\/\/roveyayinevi.com.tr\/index.php\/wp-json\/wp\/v2\/media?parent=722052"}],"wp:term":[{"taxonomy":"product_brand","embeddable":true,"href":"https:\/\/roveyayinevi.com.tr\/index.php\/wp-json\/wp\/v2\/product_brand?post=722052"},{"taxonomy":"product_cat","embeddable":true,"href":"https:\/\/roveyayinevi.com.tr\/index.php\/wp-json\/wp\/v2\/product_cat?post=722052"},{"taxonomy":"product_tag","embeddable":true,"href":"https:\/\/roveyayinevi.com.tr\/index.php\/wp-json\/wp\/v2\/product_tag?post=722052"}],"curies":[{"name":"wp","href":"https:\/\/api.w.org\/{rel}","templated":true}]}}