{"id":722051,"date":"2025-08-27T18:59:05","date_gmt":"2025-08-27T15:59:05","guid":{"rendered":"https:\/\/roveyayinevi.com.tr\/index.php\/urun\/milli-mucadele-kahramani-nazife-kadin\/"},"modified":"2026-04-16T02:29:51","modified_gmt":"2026-04-15T23:29:51","slug":"milli-mucadele-kahramani-nazife-kadin","status":"publish","type":"product","link":"https:\/\/roveyayinevi.com.tr\/index.php\/urun\/milli-mucadele-kahramani-nazife-kadin\/","title":{"rendered":"Milli M\u00fccadele Kahraman\u0131 Nazife Kad\u0131n"},"content":{"rendered":"<p>Y\u00fczy\u0131ll\u0131k bir hik\u00e2ye\u2026 Bir annenin d\u00fc\u015fman i\u015fgalindeki memleketini korumak i\u00e7in bug\u00fcn bile insan\u0131n inanamad\u0131\u011f\u0131, \u00f6l\u00fcm\u00fcn \u00f6ld\u00fcremedi\u011fi b\u00fcy\u00fck cesaretini art\u0131k herkes bilecek.Fedak\u00e2r bir kad\u0131n\u0131n kararl\u0131l\u0131\u011f\u0131n\u0131 g\u00f6zya\u015flar\u0131 i\u00e7inde okurken, asla de\u011ferini tartamayaca\u011f\u0131m\u0131z ba\u015fka bir kahraman g\u00f6z\u00fcm\u00fczde canlanacak.O, ta\u015f\u0131yabilece\u011fi en a\u011f\u0131r y\u00fck\u00fcn alt\u0131na girerken d\u00fc\u015fmana yakalanmamay\u0131 planl\u0131yordu. Her gece yeniden &#8216;bu kez yakalan\u0131r\u0131m&#8217; kayg\u0131s\u0131yla yollar\u0131n\u0131 de\u011fi\u015ftiriyordu. Korkusu yakalanmaktan \u00e7ok kendisinden ba\u015fka kimsenin buralara kadar gelemeyece\u011fini bilmesinin verdi\u011fi vicdani kayg\u0131yd\u0131. Kendisinden sonra kim ta\u015f\u0131rd\u0131 askere ekme\u011fini.Gecenin k\u00f6r karanl\u0131\u011f\u0131nda ke\u00e7inin zor y\u00fcr\u00fcyebilece\u011fi patikalardan ge\u00e7iyor; ge\u00e7erken nefessiz kal\u0131yordu. Ufak bir \u00e7\u0131t\u0131rt\u0131da onlarca merminin kendisini delik de\u015fik edece\u011fini bilerek her bast\u0131\u011f\u0131 yapra\u011f\u0131 hesapl\u0131yordu. Gecenin ayaz\u0131nda \u00fczerine a\u011f\u0131rl\u0131k olmas\u0131n diye kal\u0131n giyinmiyor; ta\u015f\u0131d\u0131\u011f\u0131 ekme\u011fin s\u0131cakl\u0131\u011f\u0131yla hem y\u00fcr\u00fcyor hem m\u0131r\u0131l m\u0131r\u0131l dua ederken g\u00f6z\u00fcn\u00fcn \u00f6n\u00fcnden bakmaya doyamad\u0131\u011f\u0131 evlad\u0131 ge\u00e7iyordu.<\/p>\n","protected":false},"excerpt":{"rendered":"<p>Y\u00fczy\u0131ll\u0131k bir hik\u00e2ye\u2026 Bir annenin d\u00fc\u015fman i\u015fgalindeki memleketini korumak i\u00e7in bug\u00fcn bile insan\u0131n inanamad\u0131\u011f\u0131, \u00f6l\u00fcm\u00fcn \u00f6ld\u00fcremedi\u011fi b\u00fcy\u00fck cesaretini art\u0131k herkes bilecek.Fedak\u00e2r bir kad\u0131n\u0131n kararl\u0131l\u0131\u011f\u0131n\u0131 g\u00f6zya\u015flar\u0131 i\u00e7inde<span class=\"excerpt-hellip\"> [\u2026]<\/span><\/p>\n","protected":false},"featured_media":0,"template":"","meta":{"_monsterinsights_skip_tracking":false,"_monsterinsights_sitenote_active":false,"_monsterinsights_sitenote_note":"","_monsterinsights_sitenote_category":0},"product_brand":[],"product_cat":[13946,12304],"product_tag":[],"class_list":{"0":"post-722051","1":"product","2":"type-product","3":"status-publish","5":"product_cat-biyografi-otobiyografi","6":"product_cat-tarih","7":"pa_cilt-ciltsiz","8":"pa_tur-kitap","9":"pa_yayinevi-timas-yayinlari","10":"pa_yazar-ilknur-bektas","12":"first","13":"instock","14":"sale","15":"shipping-taxable","16":"purchasable","17":"product-type-simple"},"_links":{"self":[{"href":"https:\/\/roveyayinevi.com.tr\/index.php\/wp-json\/wp\/v2\/product\/722051","targetHints":{"allow":["GET"]}}],"collection":[{"href":"https:\/\/roveyayinevi.com.tr\/index.php\/wp-json\/wp\/v2\/product"}],"about":[{"href":"https:\/\/roveyayinevi.com.tr\/index.php\/wp-json\/wp\/v2\/types\/product"}],"wp:attachment":[{"href":"https:\/\/roveyayinevi.com.tr\/index.php\/wp-json\/wp\/v2\/media?parent=722051"}],"wp:term":[{"taxonomy":"product_brand","embeddable":true,"href":"https:\/\/roveyayinevi.com.tr\/index.php\/wp-json\/wp\/v2\/product_brand?post=722051"},{"taxonomy":"product_cat","embeddable":true,"href":"https:\/\/roveyayinevi.com.tr\/index.php\/wp-json\/wp\/v2\/product_cat?post=722051"},{"taxonomy":"product_tag","embeddable":true,"href":"https:\/\/roveyayinevi.com.tr\/index.php\/wp-json\/wp\/v2\/product_tag?post=722051"}],"curies":[{"name":"wp","href":"https:\/\/api.w.org\/{rel}","templated":true}]}}