{"id":722050,"date":"2025-08-27T18:59:05","date_gmt":"2025-08-27T15:59:05","guid":{"rendered":"https:\/\/roveyayinevi.com.tr\/index.php\/urun\/genc-wertherin-acilari-13\/"},"modified":"2026-04-16T02:29:51","modified_gmt":"2026-04-15T23:29:51","slug":"genc-wertherin-acilari-13","status":"publish","type":"product","link":"https:\/\/roveyayinevi.com.tr\/index.php\/urun\/genc-wertherin-acilari-13\/","title":{"rendered":"Gen\u00e7 Werther&#8217;in Ac\u0131lar\u0131"},"content":{"rendered":"<p>Ne garip \u015fey \u015fu insan kalbi!.. Ah, gen\u00e7lik a\u015fk\u0131m\u0131n yitip gitmi\u015f olmas\u0131 ne ac\u0131! Ah, ke\u015fke onu hi\u00e7 tan\u0131masayd\u0131m! E\u011fer h\u00e2l\u00e2 yan\u0131mda olsayd\u0131 ona, \u201cSen bir budalas\u0131n! Bu d\u00fcnyada bulunmas\u0131 m\u00fcmk\u00fcn olmayan \u015feyi ar\u0131yorsun,\u201d derdim. Ama ben onu buldum, kalbimi onunla doldurdum, huzurunda kendimi oldu\u011fumdan \u00e7ok daha fazlas\u0131 gibi hissetti\u011fim, \u00e7\u00fcnk\u00fc onunlayken, olabilece\u011fim ne varsa hepsi oldu\u011fum o y\u00fcce insanla birlikteydim.Gen\u00e7 Werther, b\u00fcy\u00fck kentin sebep oldu\u011fu ruhsal \u00e7\u00f6k\u00fcnt\u00fcden ka\u00e7arak ta\u015fraya s\u0131\u011f\u0131n\u0131r ve burada tan\u0131\u015ft\u0131\u011f\u0131 soylu g\u00fczel Lotte\u2019ye \u00e2\u015f\u0131k olur. Lotte de Werther i\u00e7in benzer duygular beslemektedir, ancak ne var ki hayat kar\u015f\u0131na daha \u00f6nce Albert\u2019i \u00e7\u0131karm\u0131\u015ft\u0131r. Lotte bir s\u00fcre sonra Albert ile evlenir, Werther ise bir aile dostu olarak yer al\u0131r yanlar\u0131nda. Kendine h\u00e2kim olamamaktan korkan Lotte bir daha g\u00f6r\u00fc\u015fmemeleri gerekti\u011fini d\u00fc\u015f\u00fcnmektedir art\u0131k. Ancak Werther\u2019in bu ac\u0131ya dayanmas\u0131 imk\u00e2ns\u0131z gibidir.Goethe\u2019nin ya\u015fam\u0131ndan otobiyografik izler ta\u015f\u0131yan Gen\u00e7 Werther\u2019in Ac\u0131lar\u0131\u2019nda yazar, gen\u00e7lik a\u015fk\u0131n\u0131 sembolle\u015ftirerek anlat\u0131r; umutsuzluklar\u0131n\u0131, \u00e7aresizliklerini, ta\u015fk\u0131nl\u0131klar\u0131n\u0131 g\u00f6zler \u00f6n\u00fcne serer. B\u00fcy\u00fck Alman dehas\u0131n\u0131n a\u015fk\u0131 \u00f6l\u00fcms\u00fczle\u015ftirdi\u011fi bir ba\u015fyap\u0131tt\u0131r bu roman.<\/p>\n","protected":false},"excerpt":{"rendered":"<p>Ne garip \u015fey \u015fu insan kalbi!.. Ah, gen\u00e7lik a\u015fk\u0131m\u0131n yitip gitmi\u015f olmas\u0131 ne ac\u0131! Ah, ke\u015fke onu hi\u00e7 tan\u0131masayd\u0131m! E\u011fer h\u00e2l\u00e2 yan\u0131mda olsayd\u0131 ona, \u201cSen bir<span class=\"excerpt-hellip\"> [\u2026]<\/span><\/p>\n","protected":false},"featured_media":0,"template":"","meta":{"_monsterinsights_skip_tracking":false,"_monsterinsights_sitenote_active":false,"_monsterinsights_sitenote_note":"","_monsterinsights_sitenote_category":0},"product_brand":[],"product_cat":[12291,12711],"product_tag":[],"class_list":{"0":"post-722050","1":"product","2":"type-product","3":"status-publish","5":"product_cat-edebiyat","6":"product_cat-roman-oyku","7":"pa_cilt-ciltsiz","8":"pa_tur-kitap","9":"pa_yayinevi-timas-yayinlari","10":"pa_yazar-johann-wolfgang-von-goethe","12":"first","13":"instock","14":"sale","15":"shipping-taxable","16":"purchasable","17":"product-type-simple"},"_links":{"self":[{"href":"https:\/\/roveyayinevi.com.tr\/index.php\/wp-json\/wp\/v2\/product\/722050","targetHints":{"allow":["GET"]}}],"collection":[{"href":"https:\/\/roveyayinevi.com.tr\/index.php\/wp-json\/wp\/v2\/product"}],"about":[{"href":"https:\/\/roveyayinevi.com.tr\/index.php\/wp-json\/wp\/v2\/types\/product"}],"wp:attachment":[{"href":"https:\/\/roveyayinevi.com.tr\/index.php\/wp-json\/wp\/v2\/media?parent=722050"}],"wp:term":[{"taxonomy":"product_brand","embeddable":true,"href":"https:\/\/roveyayinevi.com.tr\/index.php\/wp-json\/wp\/v2\/product_brand?post=722050"},{"taxonomy":"product_cat","embeddable":true,"href":"https:\/\/roveyayinevi.com.tr\/index.php\/wp-json\/wp\/v2\/product_cat?post=722050"},{"taxonomy":"product_tag","embeddable":true,"href":"https:\/\/roveyayinevi.com.tr\/index.php\/wp-json\/wp\/v2\/product_tag?post=722050"}],"curies":[{"name":"wp","href":"https:\/\/api.w.org\/{rel}","templated":true}]}}