{"id":722049,"date":"2025-08-27T18:59:04","date_gmt":"2025-08-27T15:59:04","guid":{"rendered":"https:\/\/roveyayinevi.com.tr\/index.php\/urun\/isik-yillari\/"},"modified":"2026-04-16T02:29:51","modified_gmt":"2026-04-15T23:29:51","slug":"isik-yillari","status":"publish","type":"product","link":"https:\/\/roveyayinevi.com.tr\/index.php\/urun\/isik-yillari\/","title":{"rendered":"I\u015f\u0131k Y\u0131llar\u0131"},"content":{"rendered":"<p>THE 100 serisi ile NEW YORK TIMES\u2019\u0131n en \u00e7ok satan yazarlar\u0131 aras\u0131na giren KASS MORGAN\u2019\u0131n yeni, heyecan verici ve romantik bilim kurgu serisinin ilk kitab\u0131. Gizemli bir d\u00fc\u015fman\u0131n y\u0131k\u0131c\u0131 sald\u0131r\u0131s\u0131yla sars\u0131lan Quatro Filo Akademisi, y\u00fczy\u0131llard\u0131r s\u00fcren ayr\u0131mc\u0131l\u0131\u011f\u0131n ard\u0131ndan sadece Tridyal\u0131 \u00f6\u011frencilere de\u011fil, G\u00fcne\u015f Sistemi\u2019ndeki t\u00fcm gezegenlerden se\u00e7ilen yetenekli gen\u00e7lere kap\u0131lar\u0131n\u0131 a\u00e7ar. H\u0131rsl\u0131 ve zengin bir Tridyal\u0131 aileden gelen Vesper, \u00e7ocuklu\u011fundan beri tak\u0131m kaptan\u0131 olmay\u0131 hayal etmi\u015ftir; ancak yerini asteroit ku\u015fa\u011f\u0131n\u0131n yanl\u0131\u015f taraf\u0131ndan gelen zeki, esprili bir \u00e7ocu\u011fa kapt\u0131rd\u0131\u011f\u0131nda, o g\u00fcne kadar ona \u00f6\u011fretilen her \u015feyi sorgulayacakt\u0131r. Temiz havan\u0131n parayla al\u0131nd\u0131\u011f\u0131 zehirli gezegen Deva\u2019da b\u00fcy\u00fcyen Cormak, zorlu hayat\u0131ndan ka\u00e7mak ve Akademi\u2019ye kat\u0131lmak i\u00e7in her f\u0131rsat\u0131 de\u011ferlendirecektir hatta bunun i\u00e7in abisinin kimli\u011fini \u00e7almak zorunda kalsa bile. Buzlu Chetire gezegeninde hep d\u0131\u015flanm\u0131\u015f Arran, madenlerde \u00e7al\u0131\u015farak kendini t\u00fcketece\u011fi bir hayattan daha fazlas\u0131n\u0131 hayal etmi\u015ftir. \u015eimdiyse Akademi\u2019de \u00f6\u011frenci olan Arran, kendini ait hissedebilece\u011fi bir yer aramaktad\u0131r.  Varl\u0131\u011f\u0131 Akademi\u2019deki herkesin g\u00fcvenli\u011fini tehdit eden Orelia, g\u00f6revi gere\u011fi Akademi\u2019ye s\u0131zmay\u0131 ba\u015farm\u0131\u015ft\u0131r. \u0130\u00e7lerinden biri onun ger\u00e7ekte kim oldu\u011funu \u00f6\u011frenirse Orelia\u2019y\u0131 bekleyen ceza \u00f6l\u00fcmd\u00fcr. D\u00f6rt gen\u00e7, farkl\u0131l\u0131klar\u0131n\u0131 bir kenara b\u0131rak\u0131p d\u00fcnyalar\u0131n\u0131 kurnaz bir d\u00fc\u015fmandan korumak i\u00e7in bir tak\u0131m olmay\u0131 ba\u015farmak ve birbirlerine g\u00fcvenmek zorundad\u0131r.  Fakat nefret etmeyi \u00f6\u011frendi\u011finiz insanlara nas\u0131l g\u00fcvenebilirsiniz.<\/p>\n","protected":false},"excerpt":{"rendered":"<p>THE 100 serisi ile NEW YORK TIMES\u2019\u0131n en \u00e7ok satan yazarlar\u0131 aras\u0131na giren KASS MORGAN\u2019\u0131n yeni, heyecan verici ve romantik bilim kurgu serisinin ilk kitab\u0131. Gizemli<span class=\"excerpt-hellip\"> [\u2026]<\/span><\/p>\n","protected":false},"featured_media":0,"template":"","meta":{"_monsterinsights_skip_tracking":false,"_monsterinsights_sitenote_active":false,"_monsterinsights_sitenote_note":"","_monsterinsights_sitenote_category":0},"product_brand":[],"product_cat":[12291,12711],"product_tag":[],"class_list":{"0":"post-722049","1":"product","2":"type-product","3":"status-publish","5":"product_cat-edebiyat","6":"product_cat-roman-oyku","7":"pa_cilt-ciltsiz","8":"pa_tur-kitap","9":"pa_yayinevi-go-kitap","10":"pa_yazar-kass-morgan","12":"first","13":"instock","14":"sale","15":"shipping-taxable","16":"purchasable","17":"product-type-simple"},"_links":{"self":[{"href":"https:\/\/roveyayinevi.com.tr\/index.php\/wp-json\/wp\/v2\/product\/722049","targetHints":{"allow":["GET"]}}],"collection":[{"href":"https:\/\/roveyayinevi.com.tr\/index.php\/wp-json\/wp\/v2\/product"}],"about":[{"href":"https:\/\/roveyayinevi.com.tr\/index.php\/wp-json\/wp\/v2\/types\/product"}],"wp:attachment":[{"href":"https:\/\/roveyayinevi.com.tr\/index.php\/wp-json\/wp\/v2\/media?parent=722049"}],"wp:term":[{"taxonomy":"product_brand","embeddable":true,"href":"https:\/\/roveyayinevi.com.tr\/index.php\/wp-json\/wp\/v2\/product_brand?post=722049"},{"taxonomy":"product_cat","embeddable":true,"href":"https:\/\/roveyayinevi.com.tr\/index.php\/wp-json\/wp\/v2\/product_cat?post=722049"},{"taxonomy":"product_tag","embeddable":true,"href":"https:\/\/roveyayinevi.com.tr\/index.php\/wp-json\/wp\/v2\/product_tag?post=722049"}],"curies":[{"name":"wp","href":"https:\/\/api.w.org\/{rel}","templated":true}]}}