{"id":722048,"date":"2025-08-27T18:59:03","date_gmt":"2025-08-27T15:59:03","guid":{"rendered":"https:\/\/roveyayinevi.com.tr\/index.php\/urun\/yoneticilik-mitleri\/"},"modified":"2026-04-16T02:29:51","modified_gmt":"2026-04-15T23:29:51","slug":"yoneticilik-mitleri","status":"publish","type":"product","link":"https:\/\/roveyayinevi.com.tr\/index.php\/urun\/yoneticilik-mitleri\/","title":{"rendered":"Y\u00f6neticilik Mitleri"},"content":{"rendered":"<p>Daha uzun saatler \u00e7al\u0131\u015fman\u0131n sizi daha ba\u015far\u0131l\u0131 k\u0131laca\u011f\u0131 ger\u00e7ekten do\u011fru mu? Bir y\u00f6netici olarak sayg\u0131 kazanmak i\u00e7in duygular\u0131n\u0131z\u0131 gizlemenize ger\u00e7ekten gerek var m\u0131? Daha y\u00fcksek maa\u015f daima daha iyi performans\u0131n \u00f6n\u00fcn\u00fc ger\u00e7ekten a\u00e7ar m\u0131? Y\u00f6neticilik d\u00fcnyas\u0131 modalar, masallar ve sahteliklerle \u00e7\u00fcr\u00fcy\u00fcp gidiyor. Y\u00f6neticilik Mitleri kitab\u0131nda Cary Cooper ve Stefan Stern sizi, y\u00f6neticilik hakk\u0131nda \u00e7ok\u00e7a yaz\u0131lm\u0131\u015f olan en me\u015fhur mitler aras\u0131nda e\u011flenceli bir yolculu\u011fa \u00e7\u0131kar\u0131yor. Yazarlar yanl\u0131\u015f varsay\u0131mlar\u0131 \u00e7\u00fcr\u00fct\u00fcyor, fazla basitle\u015ftirmelere do\u011frular\u0131 zerk ediyor ve zararl\u0131 al\u0131\u015fkanl\u0131klara kafa tutuyor. Psikoloji, liderlik teorisi ve \u00f6rg\u00fctsel davran\u0131\u015f alanlar\u0131ndan gelen b\u00fcy\u00fcleyici i\u00e7g\u00f6r\u00fcler, kli\u015feler, yanl\u0131\u015f bilgiler ve \u00f6nyarg\u0131lar tuza\u011f\u0131na d\u00fc\u015fmekten ka\u00e7\u0131nman\u0131z i\u00e7in ikna edici ve pratik bir rehber sunuyor. Geni\u015f \u00e7apl\u0131 ara\u015ft\u0131rmalardan ve ger\u00e7ek i\u015f d\u00fcnyas\u0131 \u00f6rneklerinden faydalanan bu merak uyand\u0131r\u0131c\u0131 kitap \u00e7al\u0131\u015fma hayat\u0131n\u0131n ger\u00e7eklerine otantik bir bak\u0131\u015f a\u00e7\u0131s\u0131 sunuyor ve daha iyi bir y\u00f6netici olman\u0131z i\u00e7in ihtiyac\u0131n\u0131z olan temel bilgileri sizlere getiriyor. \u0130ster i\u015fe yaramaz, ister naif hatta y\u0131k\u0131c\u0131 olsun, y\u00f6neticilik mitleri geride kalman\u0131za ve ekibinizin potansiyelini s\u00f6nd\u00fcrmenize neden olabilir. Y\u00f6neticilik Mitleri, ayd\u0131n bir y\u00f6netici olman\u0131z i\u00e7in ihtiyac\u0131n\u0131z olan rehber.<\/p>\n","protected":false},"excerpt":{"rendered":"<p>Daha uzun saatler \u00e7al\u0131\u015fman\u0131n sizi daha ba\u015far\u0131l\u0131 k\u0131laca\u011f\u0131 ger\u00e7ekten do\u011fru mu? Bir y\u00f6netici olarak sayg\u0131 kazanmak i\u00e7in duygular\u0131n\u0131z\u0131 gizlemenize ger\u00e7ekten gerek var m\u0131? Daha y\u00fcksek maa\u015f<span class=\"excerpt-hellip\"> [\u2026]<\/span><\/p>\n","protected":false},"featured_media":0,"template":"","meta":{"_monsterinsights_skip_tracking":false,"_monsterinsights_sitenote_active":false,"_monsterinsights_sitenote_note":"","_monsterinsights_sitenote_category":0},"product_brand":[],"product_cat":[13043,19008],"product_tag":[],"class_list":{"0":"post-722048","1":"product","2":"type-product","3":"status-publish","5":"product_cat-ekonomi","6":"product_cat-yonetim","7":"pa_cilt-ciltsiz","8":"pa_tur-kitap","9":"pa_yayinevi-bilgi-yayinevi","10":"pa_yazar-stefan-stern-cary-cooper","12":"first","13":"instock","14":"sale","15":"shipping-taxable","16":"purchasable","17":"product-type-simple"},"_links":{"self":[{"href":"https:\/\/roveyayinevi.com.tr\/index.php\/wp-json\/wp\/v2\/product\/722048","targetHints":{"allow":["GET"]}}],"collection":[{"href":"https:\/\/roveyayinevi.com.tr\/index.php\/wp-json\/wp\/v2\/product"}],"about":[{"href":"https:\/\/roveyayinevi.com.tr\/index.php\/wp-json\/wp\/v2\/types\/product"}],"wp:attachment":[{"href":"https:\/\/roveyayinevi.com.tr\/index.php\/wp-json\/wp\/v2\/media?parent=722048"}],"wp:term":[{"taxonomy":"product_brand","embeddable":true,"href":"https:\/\/roveyayinevi.com.tr\/index.php\/wp-json\/wp\/v2\/product_brand?post=722048"},{"taxonomy":"product_cat","embeddable":true,"href":"https:\/\/roveyayinevi.com.tr\/index.php\/wp-json\/wp\/v2\/product_cat?post=722048"},{"taxonomy":"product_tag","embeddable":true,"href":"https:\/\/roveyayinevi.com.tr\/index.php\/wp-json\/wp\/v2\/product_tag?post=722048"}],"curies":[{"name":"wp","href":"https:\/\/api.w.org\/{rel}","templated":true}]}}