{"id":722047,"date":"2025-08-27T18:59:03","date_gmt":"2025-08-27T15:59:03","guid":{"rendered":"https:\/\/roveyayinevi.com.tr\/index.php\/urun\/bambaska-bir-dost\/"},"modified":"2026-04-16T02:29:51","modified_gmt":"2026-04-15T23:29:51","slug":"bambaska-bir-dost","status":"publish","type":"product","link":"https:\/\/roveyayinevi.com.tr\/index.php\/urun\/bambaska-bir-dost\/","title":{"rendered":"Bamba\u015fka Bir Dost"},"content":{"rendered":"<p>Habbi, hoplaya z\u0131playa ormanda dola\u015f\u0131p buldu\u011fu hazineleri yanaklar\u0131ndaki ceplere t\u0131k\u0131\u015ft\u0131r\u0131yor: bir salyangoz kabu\u011fu,   bir ku\u015f t\u00fcy\u00fc, bir yusuf\u00e7uk kanad\u0131\u2026 Aniden yer sincaplar\u0131n\u0131n en b\u00fcy\u00fck d\u00fc\u015fman\u0131yla, yani bir kurtla burun buruna geliyor. Ama kurdun ona sald\u0131racak hali yok; a\u011f\u0131r yaral\u0131. Peki sincap, yaral\u0131 kurdu tek ba\u015f\u0131na m\u0131 b\u0131rakacak?   Bamba\u015fka Bir Dost, derin bir mizah anlay\u0131\u015f\u0131yla yaz\u0131lm\u0131\u015f dokunakl\u0131 bir \u00f6yk\u00fc. Y\u00fcksek sesle okumak ve birlikte d\u00fc\u015f\u00fcnmek i\u00e7in birebir! <\/p>\n","protected":false},"excerpt":{"rendered":"<p>Habbi, hoplaya z\u0131playa ormanda dola\u015f\u0131p buldu\u011fu hazineleri yanaklar\u0131ndaki ceplere t\u0131k\u0131\u015ft\u0131r\u0131yor: bir salyangoz kabu\u011fu, bir ku\u015f t\u00fcy\u00fc, bir yusuf\u00e7uk kanad\u0131\u2026 Aniden yer sincaplar\u0131n\u0131n en b\u00fcy\u00fck d\u00fc\u015fman\u0131yla, yani<span class=\"excerpt-hellip\"> [\u2026]<\/span><\/p>\n","protected":false},"featured_media":0,"template":"","meta":{"_monsterinsights_skip_tracking":false,"_monsterinsights_sitenote_active":false,"_monsterinsights_sitenote_note":"","_monsterinsights_sitenote_category":0},"product_brand":[],"product_cat":[12274,12284],"product_tag":[],"class_list":{"0":"post-722047","1":"product","2":"type-product","3":"status-publish","5":"product_cat-cocuk-ve-genclik-kitaplari","6":"product_cat-hikayeler","7":"pa_cilt-ciltsiz","8":"pa_tur-kitap","9":"pa_yayinevi-kuraldisi-yayinevi","10":"pa_yazar-oliver-scherz","12":"first","13":"instock","14":"sale","15":"shipping-taxable","16":"purchasable","17":"product-type-simple"},"_links":{"self":[{"href":"https:\/\/roveyayinevi.com.tr\/index.php\/wp-json\/wp\/v2\/product\/722047","targetHints":{"allow":["GET"]}}],"collection":[{"href":"https:\/\/roveyayinevi.com.tr\/index.php\/wp-json\/wp\/v2\/product"}],"about":[{"href":"https:\/\/roveyayinevi.com.tr\/index.php\/wp-json\/wp\/v2\/types\/product"}],"wp:attachment":[{"href":"https:\/\/roveyayinevi.com.tr\/index.php\/wp-json\/wp\/v2\/media?parent=722047"}],"wp:term":[{"taxonomy":"product_brand","embeddable":true,"href":"https:\/\/roveyayinevi.com.tr\/index.php\/wp-json\/wp\/v2\/product_brand?post=722047"},{"taxonomy":"product_cat","embeddable":true,"href":"https:\/\/roveyayinevi.com.tr\/index.php\/wp-json\/wp\/v2\/product_cat?post=722047"},{"taxonomy":"product_tag","embeddable":true,"href":"https:\/\/roveyayinevi.com.tr\/index.php\/wp-json\/wp\/v2\/product_tag?post=722047"}],"curies":[{"name":"wp","href":"https:\/\/api.w.org\/{rel}","templated":true}]}}