{"id":722046,"date":"2025-08-27T18:59:02","date_gmt":"2025-08-27T15:59:02","guid":{"rendered":"https:\/\/roveyayinevi.com.tr\/index.php\/urun\/asi-peygamberler\/"},"modified":"2026-04-16T02:29:51","modified_gmt":"2026-04-15T23:29:51","slug":"asi-peygamberler","status":"publish","type":"product","link":"https:\/\/roveyayinevi.com.tr\/index.php\/urun\/asi-peygamberler\/","title":{"rendered":"Asi Peygamberler"},"content":{"rendered":"<p>Ne dinler ne de peygamberler anlat\u0131ld\u0131\u011f\u0131 gibidir&#8230; Peygamberler tarihi, s\u0131rlarla ve \u00fczeri \u00f6rt\u00fclm\u00fc\u015f hakikatlerle doludur&#8230; Peygamberlerin y\u00fcr\u00fcd\u00fc\u011f\u00fc yollar, her devirde insanlardan saklanm\u0131\u015ft\u0131r&#8230; Bu kitap, tarih boyunca s\u0131r olarak saklanan ve sadece d\u0131\u015fa kapal\u0131 \u00f6\u011fretilerin i\u00e7inde insanl\u0131\u011fa aktar\u0131lan dinlerin ve peygamberlerin ger\u00e7e\u011fini, Hakikat\u2019in asl\u0131nda ne oldu\u011funu a\u00e7\u0131k ve yal\u0131n bir dille anlatmak amac\u0131yla yaz\u0131ld\u0131.   &#8221;Asi Peygamberler&#8221; kimlerdi ve onlar\u0131n ger\u00e7ek \u00f6\u011fretilerine insanlar\u0131n ula\u015fmalar\u0131 neden engellendi? \u00c2dem ve Havva kavramlar\u0131yla anlat\u0131lmak istenen ger\u00e7ekler nelerdi? \u0130brahim\u2019in Hint kutsal metinlerindeki yeri neydi? Nuh\u2019un Gemisi asl\u0131nda neyi anlat\u0131yordu? Hayvanlar, f\u0131rt\u0131na, sel, deniz ve kara neyi sembolize ediyordu? Ve neden masalm\u0131\u015f gibi do\u011frudan anlat\u0131ld\u0131lar? Musa ve Firavun\u2019un ger\u00e7e\u011fi neydi? H\u00e2l\u00e2 ya\u015f\u0131yorlar m\u0131? Ya\u015f\u0131yorlarsa nerede ve ne durumdalar? Hangi k\u0131yafetler alt\u0131ndalar?   AS\u0130 PEYGAMBERLER kitab\u0131 \u201c\u0130nsan\u0131n hakikati nedir? Ben kimim? Nereden geldim, nereye gidiyorum? Bu \u00e2lem neden ortaya \u00e7\u0131kt\u0131?\u201d sorular\u0131n\u0131n cevab\u0131n\u0131 bulma yolculu\u011fudur. \u201cAsi Peygamberler \u00d6\u011fretisi\u201dni anlayan insan, d\u00fcnyaya bir daha asla eskisi gibi bakamaz. Aldat\u0131lamaz, s\u00f6m\u00fcr\u00fclemez ve kand\u0131r\u0131lamaz. \u00c7\u00fcnk\u00fc peygamberlerin ger\u00e7ek mesajlar\u0131n\u0131 alm\u0131\u015f ve onlar\u0131n yolunu anlam\u0131\u015f olur. Ger\u00e7ek \u00f6zg\u00fcrl\u00fckse ancak bundan sonra gelir&#8230; <\/p>\n","protected":false},"excerpt":{"rendered":"<p>Ne dinler ne de peygamberler anlat\u0131ld\u0131\u011f\u0131 gibidir&#8230; Peygamberler tarihi, s\u0131rlarla ve \u00fczeri \u00f6rt\u00fclm\u00fc\u015f hakikatlerle doludur&#8230; Peygamberlerin y\u00fcr\u00fcd\u00fc\u011f\u00fc yollar, her devirde insanlardan saklanm\u0131\u015ft\u0131r&#8230; Bu kitap, tarih boyunca<span class=\"excerpt-hellip\"> [\u2026]<\/span><\/p>\n","protected":false},"featured_media":0,"template":"","meta":{"_monsterinsights_skip_tracking":false,"_monsterinsights_sitenote_active":false,"_monsterinsights_sitenote_note":"","_monsterinsights_sitenote_category":0},"product_brand":[],"product_cat":[12718,12719,12720],"product_tag":[],"class_list":{"0":"post-722046","1":"product","2":"type-product","3":"status-publish","5":"product_cat-din","6":"product_cat-islam","7":"product_cat-tasavvuf-mezhepler-tarikatlar","8":"pa_cilt-ciltsiz","9":"pa_tur-kitap","10":"pa_yayinevi-destek-yayinlari","11":"pa_yazar-cagri-dorter","13":"first","14":"instock","15":"sale","16":"shipping-taxable","17":"purchasable","18":"product-type-simple"},"_links":{"self":[{"href":"https:\/\/roveyayinevi.com.tr\/index.php\/wp-json\/wp\/v2\/product\/722046","targetHints":{"allow":["GET"]}}],"collection":[{"href":"https:\/\/roveyayinevi.com.tr\/index.php\/wp-json\/wp\/v2\/product"}],"about":[{"href":"https:\/\/roveyayinevi.com.tr\/index.php\/wp-json\/wp\/v2\/types\/product"}],"wp:attachment":[{"href":"https:\/\/roveyayinevi.com.tr\/index.php\/wp-json\/wp\/v2\/media?parent=722046"}],"wp:term":[{"taxonomy":"product_brand","embeddable":true,"href":"https:\/\/roveyayinevi.com.tr\/index.php\/wp-json\/wp\/v2\/product_brand?post=722046"},{"taxonomy":"product_cat","embeddable":true,"href":"https:\/\/roveyayinevi.com.tr\/index.php\/wp-json\/wp\/v2\/product_cat?post=722046"},{"taxonomy":"product_tag","embeddable":true,"href":"https:\/\/roveyayinevi.com.tr\/index.php\/wp-json\/wp\/v2\/product_tag?post=722046"}],"curies":[{"name":"wp","href":"https:\/\/api.w.org\/{rel}","templated":true}]}}