{"id":722044,"date":"2025-08-27T18:59:01","date_gmt":"2025-08-27T15:59:01","guid":{"rendered":"https:\/\/roveyayinevi.com.tr\/index.php\/urun\/ticari-isletme-hukuku-pratik-calisma-kitabi\/"},"modified":"2025-10-01T17:41:38","modified_gmt":"2025-10-01T14:41:38","slug":"ticari-isletme-hukuku-pratik-calisma-kitabi","status":"publish","type":"product","link":"https:\/\/roveyayinevi.com.tr\/index.php\/urun\/ticari-isletme-hukuku-pratik-calisma-kitabi\/","title":{"rendered":"Ticari \u0130\u015fletme Hukuku Pratik \u00c7al\u0131\u015fma Kitab\u0131"},"content":{"rendered":"<p>Ticaret hukukunun alt\u0131 kitab\u0131n\u0131n birincisi olan Ticari \u0130\u015fletme Hukuku, Hukuk fak\u00fcltesi \u00f6\u011frencilerinin Ticaret Hukuku ile kar\u015f\u0131la\u015ft\u0131klar\u0131 ilk derstir. Ticaret hukuku, kendine has kurum ve ilkeleri olan bir \u00f6zel hukuk dal\u0131d\u0131r. \u0130\u015fte bu hukuk alan\u0131nda yer alan kurum ve ilkelerin sadece teorik a\u00e7\u0131dan a\u00e7\u0131klanmas\u0131 de\u011fil, ayn\u0131 zamanda bu konular\u0131n uygulamaya nas\u0131l yans\u0131d\u0131\u011f\u0131n\u0131n \u00f6\u011frenilmesi de son derece \u00f6nemlidir. Bu d\u00fc\u015f\u00fcnce ile haz\u0131rlanan bu kitab\u0131n gerek hukuk fak\u00fcltesi \u00f6\u011frencileri gerekse konuya ilgi duyan herkese faydal\u0131 olaca\u011f\u0131 a\u00e7\u0131kt\u0131r.Kitapta Ticari \u0130\u015fletme Hukuku dersi kapsam\u0131nda g\u00f6r\u00fclen konu ba\u015fl\u0131klar\u0131 dikkate al\u0131narak pratik olaylar \u00e7\u00f6z\u00fcml\u00fc \u015fekilde haz\u0131rlanm\u0131\u015ft\u0131r. Ancak uygulamada sorunlar\u0131n genelde sadece tek bir konuyla ili\u015fkin olmas\u0131 ihtimalinin d\u00fc\u015f\u00fck oldu\u011fu dikkate al\u0131nd\u0131\u011f\u0131nda birden fazla konuyu kapsayan karma sorularda kitaba i\u015flenmi\u015ftir. Bunun d\u0131\u015f\u0131nda \u00f6nceki y\u0131llarda ara ve final s\u0131navlar\u0131nda sorulan sorular derlenmi\u015ftir. Son olarak Ticari \u0130\u015fletme Hukukunda yer alan konulara ili\u015fkin baz\u0131 \u00f6nemli Yarg\u0131tay kararlar\u0131na yer verilmi\u015ftir.\u00c7al\u0131\u015fmam\u0131z\u0131n \u00f6\u011frencilerimize faydal\u0131 olmas\u0131 dile\u011fiyle&#8230;- Prof. Dr. Mustafa \u0130smail Kaya<\/p>\n","protected":false},"excerpt":{"rendered":"<p>Ticaret hukukunun alt\u0131 kitab\u0131n\u0131n birincisi olan Ticari \u0130\u015fletme Hukuku, Hukuk fak\u00fcltesi \u00f6\u011frencilerinin Ticaret Hukuku ile kar\u015f\u0131la\u015ft\u0131klar\u0131 ilk derstir. Ticaret hukuku, kendine has kurum ve ilkeleri olan<span class=\"excerpt-hellip\"> [\u2026]<\/span><\/p>\n","protected":false},"featured_media":0,"template":"","meta":{"_monsterinsights_skip_tracking":false,"_monsterinsights_sitenote_active":false,"_monsterinsights_sitenote_note":"","_monsterinsights_sitenote_category":0},"product_brand":[],"product_cat":[15350,17602],"product_tag":[],"class_list":{"0":"post-722044","1":"product","2":"type-product","3":"status-publish","5":"product_cat-hukuk","6":"product_cat-hukuk-uzerine","7":"pa_cilt-ciltsiz","8":"pa_tur-kitap","9":"pa_yayinevi-gazi-kitabevi","10":"pa_yazar-kolektif","12":"first","13":"instock","14":"sale","15":"shipping-taxable","16":"purchasable","17":"product-type-simple"},"_links":{"self":[{"href":"https:\/\/roveyayinevi.com.tr\/index.php\/wp-json\/wp\/v2\/product\/722044","targetHints":{"allow":["GET"]}}],"collection":[{"href":"https:\/\/roveyayinevi.com.tr\/index.php\/wp-json\/wp\/v2\/product"}],"about":[{"href":"https:\/\/roveyayinevi.com.tr\/index.php\/wp-json\/wp\/v2\/types\/product"}],"wp:attachment":[{"href":"https:\/\/roveyayinevi.com.tr\/index.php\/wp-json\/wp\/v2\/media?parent=722044"}],"wp:term":[{"taxonomy":"product_brand","embeddable":true,"href":"https:\/\/roveyayinevi.com.tr\/index.php\/wp-json\/wp\/v2\/product_brand?post=722044"},{"taxonomy":"product_cat","embeddable":true,"href":"https:\/\/roveyayinevi.com.tr\/index.php\/wp-json\/wp\/v2\/product_cat?post=722044"},{"taxonomy":"product_tag","embeddable":true,"href":"https:\/\/roveyayinevi.com.tr\/index.php\/wp-json\/wp\/v2\/product_tag?post=722044"}],"curies":[{"name":"wp","href":"https:\/\/api.w.org\/{rel}","templated":true}]}}