{"id":722041,"date":"2025-08-27T18:58:59","date_gmt":"2025-08-27T15:58:59","guid":{"rendered":"https:\/\/roveyayinevi.com.tr\/index.php\/urun\/anadolu-prehistorya-arastirmalari-5\/"},"modified":"2026-04-16T02:29:51","modified_gmt":"2026-04-15T23:29:51","slug":"anadolu-prehistorya-arastirmalari-5","status":"publish","type":"product","link":"https:\/\/roveyayinevi.com.tr\/index.php\/urun\/anadolu-prehistorya-arastirmalari-5\/","title":{"rendered":"Anadolu Prehistorya Ara\u015ft\u0131rmalar\u0131 &#8211; 5"},"content":{"rendered":"<p>Benjamin ARBUCKLE \/ Zooarchaeology at Epipaleolithic Direkli Cave, Kahramanmara\u015f, TurkeyHilal G\u00dcLTEK\u0130N \/ \u00c7atalh\u00f6y\u00fck Mimari \u00d6ge ve K\u00fc\u00e7\u00fck Buluntular\u0131n \u0130li\u015fkiler ve Da\u011f\u0131l\u0131m AnaliziKemal BA\u015e, Ula\u015f T\u00f6re S\u0130VR\u0130O\u011eLU, Nevin FERHAT \/ Yak\u0131ndo\u011fu\u2019da Sava\u015f\u0131n K\u00f6kenine Dair Arkeolojik, Antropolojik ve Felsefi Bir \u0130ncelemeG\u00f6knur KARAHAN \/ Kitap Ele\u015ftirisi: Ta\u015f AletlerBerkay D\u00ceN\u00c7ER \/ Nur BALKAN-ATLI (1953-2019): Prehistoryada Bir Fevkalbe\u015ferCevdet Merih EREK \/ Prof.Dr.Nur BALKAN-ATLI An\u0131s\u0131na<\/p>\n","protected":false},"excerpt":{"rendered":"<p>Benjamin ARBUCKLE \/ Zooarchaeology at Epipaleolithic Direkli Cave, Kahramanmara\u015f, TurkeyHilal G\u00dcLTEK\u0130N \/ \u00c7atalh\u00f6y\u00fck Mimari \u00d6ge ve K\u00fc\u00e7\u00fck Buluntular\u0131n \u0130li\u015fkiler ve Da\u011f\u0131l\u0131m AnaliziKemal BA\u015e, Ula\u015f T\u00f6re S\u0130VR\u0130O\u011eLU,<span class=\"excerpt-hellip\"> [\u2026]<\/span><\/p>\n","protected":false},"featured_media":0,"template":"","meta":{"_monsterinsights_skip_tracking":false,"_monsterinsights_sitenote_active":false,"_monsterinsights_sitenote_note":"","_monsterinsights_sitenote_category":0},"product_brand":[],"product_cat":[52477,52478],"product_tag":[],"class_list":{"0":"post-722041","1":"product","2":"type-product","3":"status-publish","5":"product_cat-arastirma","6":"product_cat-arkeoloji","7":"pa_cilt-ciltsiz","8":"pa_tur-kitap","9":"pa_yayinevi-bilgin-kultur-sanat","10":"pa_yazar-kolektif","12":"first","13":"instock","14":"sale","15":"shipping-taxable","16":"purchasable","17":"product-type-simple"},"_links":{"self":[{"href":"https:\/\/roveyayinevi.com.tr\/index.php\/wp-json\/wp\/v2\/product\/722041","targetHints":{"allow":["GET"]}}],"collection":[{"href":"https:\/\/roveyayinevi.com.tr\/index.php\/wp-json\/wp\/v2\/product"}],"about":[{"href":"https:\/\/roveyayinevi.com.tr\/index.php\/wp-json\/wp\/v2\/types\/product"}],"wp:attachment":[{"href":"https:\/\/roveyayinevi.com.tr\/index.php\/wp-json\/wp\/v2\/media?parent=722041"}],"wp:term":[{"taxonomy":"product_brand","embeddable":true,"href":"https:\/\/roveyayinevi.com.tr\/index.php\/wp-json\/wp\/v2\/product_brand?post=722041"},{"taxonomy":"product_cat","embeddable":true,"href":"https:\/\/roveyayinevi.com.tr\/index.php\/wp-json\/wp\/v2\/product_cat?post=722041"},{"taxonomy":"product_tag","embeddable":true,"href":"https:\/\/roveyayinevi.com.tr\/index.php\/wp-json\/wp\/v2\/product_tag?post=722041"}],"curies":[{"name":"wp","href":"https:\/\/api.w.org\/{rel}","templated":true}]}}