{"id":722034,"date":"2025-08-27T18:58:54","date_gmt":"2025-08-27T15:58:54","guid":{"rendered":"https:\/\/roveyayinevi.com.tr\/index.php\/urun\/don-kisot-gokkusagi-cep-kitap-dizisi\/"},"modified":"2026-04-16T02:29:51","modified_gmt":"2026-04-15T23:29:51","slug":"don-kisot-gokkusagi-cep-kitap-dizisi","status":"publish","type":"product","link":"https:\/\/roveyayinevi.com.tr\/index.php\/urun\/don-kisot-gokkusagi-cep-kitap-dizisi\/","title":{"rendered":"Don Ki\u015fot &#8211; G\u00f6kku\u015fa\u011f\u0131 Cep Kitap Dizisi"},"content":{"rendered":"<p>Miguel de Cervantes\u2019in \u00f6l\u00fcms\u00fcz eseri Don Ki\u015fot modern edebiyat ve roman t\u00fcr\u00fcn\u00fcn ilk \u00f6rneklerinden biridir.   Kendisini cesur bir \u015f\u00f6valye olarak g\u00f6ren Don Ki\u015fot ve sad\u0131k seyisi San\u00e7o Panza hem ger\u00e7ek hem de d\u00fc\u015fsel d\u00fc\u015fmanlarla sava\u015f\u0131rken ger\u00e7e\u011fi ortaya \u00e7\u0131kar\u0131yorlar. Don Ki\u015fot ve San\u00e7o Panza yenilgiye de u\u011frasalar, her seferinde aya\u011fa kalk\u0131p \u00fcnl\u00fc bir \u015f\u00f6valyeye ve onun vefal\u0131 seyisine yak\u0131\u015fan yeni maceralar aramaya devam ediyorlar.   \u0130lk bas\u0131m\u0131 tam 400 y\u0131l \u00f6nce yap\u0131lan Don Ki\u015fot, modern anlamda edebiyat tarihindeki ilk roman. Klasiklerin en ba\u015f\u0131nda gelen Don Ki\u015fot, Nobel Enstit\u00fcs\u00fc\u2019n\u00fcn 2002 y\u0131l\u0131nda yazarlar aras\u0131nda yapt\u0131\u011f\u0131 bir ankette t\u00fcm zamanlar\u0131n en \u00f6nemli roman\u0131 da se\u00e7ilmi\u015ftir.<\/p>\n","protected":false},"excerpt":{"rendered":"<p>Miguel de Cervantes\u2019in \u00f6l\u00fcms\u00fcz eseri Don Ki\u015fot modern edebiyat ve roman t\u00fcr\u00fcn\u00fcn ilk \u00f6rneklerinden biridir. Kendisini cesur bir \u015f\u00f6valye olarak g\u00f6ren Don Ki\u015fot ve sad\u0131k seyisi<span class=\"excerpt-hellip\"> [\u2026]<\/span><\/p>\n","protected":false},"featured_media":0,"template":"","meta":{"_monsterinsights_skip_tracking":false,"_monsterinsights_sitenote_active":false,"_monsterinsights_sitenote_note":"","_monsterinsights_sitenote_category":0},"product_brand":[],"product_cat":[12274,12284],"product_tag":[],"class_list":{"0":"post-722034","1":"product","2":"type-product","3":"status-publish","5":"product_cat-cocuk-ve-genclik-kitaplari","6":"product_cat-hikayeler","7":"pa_cilt-ciltsiz","8":"pa_tur-kitap","9":"pa_yayinevi-arkadas-yayinlari","10":"pa_yazar-miguel-de-cervantes","12":"first","13":"instock","14":"sale","15":"shipping-taxable","16":"purchasable","17":"product-type-simple"},"_links":{"self":[{"href":"https:\/\/roveyayinevi.com.tr\/index.php\/wp-json\/wp\/v2\/product\/722034","targetHints":{"allow":["GET"]}}],"collection":[{"href":"https:\/\/roveyayinevi.com.tr\/index.php\/wp-json\/wp\/v2\/product"}],"about":[{"href":"https:\/\/roveyayinevi.com.tr\/index.php\/wp-json\/wp\/v2\/types\/product"}],"wp:attachment":[{"href":"https:\/\/roveyayinevi.com.tr\/index.php\/wp-json\/wp\/v2\/media?parent=722034"}],"wp:term":[{"taxonomy":"product_brand","embeddable":true,"href":"https:\/\/roveyayinevi.com.tr\/index.php\/wp-json\/wp\/v2\/product_brand?post=722034"},{"taxonomy":"product_cat","embeddable":true,"href":"https:\/\/roveyayinevi.com.tr\/index.php\/wp-json\/wp\/v2\/product_cat?post=722034"},{"taxonomy":"product_tag","embeddable":true,"href":"https:\/\/roveyayinevi.com.tr\/index.php\/wp-json\/wp\/v2\/product_tag?post=722034"}],"curies":[{"name":"wp","href":"https:\/\/api.w.org\/{rel}","templated":true}]}}