{"id":722033,"date":"2025-08-27T18:58:53","date_gmt":"2025-08-27T15:58:53","guid":{"rendered":"https:\/\/roveyayinevi.com.tr\/index.php\/urun\/gunesin-ardindaki-topraklar\/"},"modified":"2026-04-16T02:29:51","modified_gmt":"2026-04-15T23:29:51","slug":"gunesin-ardindaki-topraklar","status":"publish","type":"product","link":"https:\/\/roveyayinevi.com.tr\/index.php\/urun\/gunesin-ardindaki-topraklar\/","title":{"rendered":"G\u00fcne\u015fin Ard\u0131ndaki Topraklar"},"content":{"rendered":"<p>Gitmek miydi zor olan yoksa kalmak m\u0131 do\u011fdu\u011fun, kokusu ile yo\u011fruldu\u011fun topraklarda? Nas\u0131l giderdi ki insan en sevdiklerini b\u0131rak\u0131p ard\u0131nda? O topraklar \u00f6l\u00fcm, a\u00e7l\u0131k ve sefalet koksa bile\u2026Takvimler 1923 y\u0131l\u0131n\u0131 i\u015faret ederken, Kuzey \u00c7in\u2019de anneleri evlats\u0131z, \u00e7ocuklar\u0131 yetim b\u0131rakan a\u011f\u0131r bir sava\u015f h\u00fck\u00fcm s\u00fcrmektedir. Hen\u00fcz on sekiz ya\u015f\u0131ndaki Mei Ling\u2019in ailesi de bu sava\u015ftan nasibini alm\u0131\u015ft\u0131r. Geri kalan ailesinin a\u00e7l\u0131ktan \u00f6lmemesi, hayatlar\u0131n\u0131n kurtulabilmesi i\u00e7in Mei Ling\u2019in omuzlar\u0131na b\u00fcy\u00fck bir sorumluluk y\u00fcklenmi\u015ftir: Para kar\u015f\u0131l\u0131\u011f\u0131 hi\u00e7 tan\u0131mad\u0131\u011f\u0131 bir adamla evlenmek. \u00dcstelik de sahte bir isimle\u2026Yan\u0131nda ona tamamen yabanc\u0131 bir adamla uzaklara, onun i\u00e7in g\u00fcne\u015fin bile ard\u0131ndaki bir \u00fclkeden ibaret olan Amerika\u2019ya olan uzun yolculu\u011fu ba\u015flad\u0131\u011f\u0131nda, tutundu\u011fu tek \u015fey orada g\u00fczel bir hayat\u0131 olaca\u011f\u0131na dair hayalleridir. Fakat \u00e7ok ge\u00e7meden yalanlarla \u00f6r\u00fcl\u00fc bir \u00e7emberin i\u00e7inde oldu\u011funu, art\u0131k kocas\u0131 olan bu yabanc\u0131ya g\u00fcvenemeyece\u011fini fark eder. Dilini bile konu\u015famad\u0131\u011f\u0131 bir \u00fclkede, sadece kendisi i\u00e7in de\u011fil, karn\u0131ndaki bebek ve b\u00fcy\u00fck bir tehlikenin i\u00e7inde olan yetim bir k\u0131z \u00e7ocu\u011fu i\u00e7in de sava\u015fmak zorundad\u0131r.Peki, Mei Ling sevdiklerinden bu kadar uzakta bir ba\u015f\u0131na hayatta kalabilecek, sahte evlili\u011fine ra\u011fmen ger\u00e7ek bir aile kurabilmeyi ba\u015farabilecek midir? G\u00fcne\u015fin Ard\u0131ndaki Topraklar, cesaret ve inan\u00e7la atan bir kalbin inan\u0131lmaz yolculu\u011funu her sayfada y\u00fcre\u011fimize i\u015flerken, anneli\u011fin mutlaka bir canl\u0131y\u0131 d\u00fcnyaya getirmek demek olmad\u0131\u011f\u0131n\u0131 bizlere bir kez daha hat\u0131rlat\u0131yor.<\/p>\n","protected":false},"excerpt":{"rendered":"<p>Gitmek miydi zor olan yoksa kalmak m\u0131 do\u011fdu\u011fun, kokusu ile yo\u011fruldu\u011fun topraklarda? Nas\u0131l giderdi ki insan en sevdiklerini b\u0131rak\u0131p ard\u0131nda? O topraklar \u00f6l\u00fcm, a\u00e7l\u0131k ve sefalet<span class=\"excerpt-hellip\"> [\u2026]<\/span><\/p>\n","protected":false},"featured_media":0,"template":"","meta":{"_monsterinsights_skip_tracking":false,"_monsterinsights_sitenote_active":false,"_monsterinsights_sitenote_note":"","_monsterinsights_sitenote_category":0},"product_brand":[],"product_cat":[12291,12711],"product_tag":[],"class_list":{"0":"post-722033","1":"product","2":"type-product","3":"status-publish","5":"product_cat-edebiyat","6":"product_cat-roman-oyku","7":"pa_cilt-ciltsiz","8":"pa_tur-kitap","9":"pa_yayinevi-arkadya-yayinlari","10":"pa_yazar-laila-ibrahim","12":"first","13":"instock","14":"sale","15":"shipping-taxable","16":"purchasable","17":"product-type-simple"},"_links":{"self":[{"href":"https:\/\/roveyayinevi.com.tr\/index.php\/wp-json\/wp\/v2\/product\/722033","targetHints":{"allow":["GET"]}}],"collection":[{"href":"https:\/\/roveyayinevi.com.tr\/index.php\/wp-json\/wp\/v2\/product"}],"about":[{"href":"https:\/\/roveyayinevi.com.tr\/index.php\/wp-json\/wp\/v2\/types\/product"}],"wp:attachment":[{"href":"https:\/\/roveyayinevi.com.tr\/index.php\/wp-json\/wp\/v2\/media?parent=722033"}],"wp:term":[{"taxonomy":"product_brand","embeddable":true,"href":"https:\/\/roveyayinevi.com.tr\/index.php\/wp-json\/wp\/v2\/product_brand?post=722033"},{"taxonomy":"product_cat","embeddable":true,"href":"https:\/\/roveyayinevi.com.tr\/index.php\/wp-json\/wp\/v2\/product_cat?post=722033"},{"taxonomy":"product_tag","embeddable":true,"href":"https:\/\/roveyayinevi.com.tr\/index.php\/wp-json\/wp\/v2\/product_tag?post=722033"}],"curies":[{"name":"wp","href":"https:\/\/api.w.org\/{rel}","templated":true}]}}