{"id":722032,"date":"2025-08-27T18:58:52","date_gmt":"2025-08-27T15:58:52","guid":{"rendered":"https:\/\/roveyayinevi.com.tr\/index.php\/urun\/50-tarihi-anekdot\/"},"modified":"2026-04-16T02:29:51","modified_gmt":"2026-04-15T23:29:51","slug":"50-tarihi-anekdot","status":"publish","type":"product","link":"https:\/\/roveyayinevi.com.tr\/index.php\/urun\/50-tarihi-anekdot\/","title":{"rendered":"50 Tarihi Anekdot"},"content":{"rendered":"<p>Tarih, ger\u00e7ek hikayeler ve biraz da mizah: \u0130\u015fte ak\u015fam yemeklerinin y\u0131ld\u0131z\u0131! Sakin bir g\u00fcn\u00fcn ak\u015fam\u0131, g\u00fczel yemekler ve m\u00fckemmel bir sofrada eksik olan bir \u015feyler h\u00e2l\u00e2 var; anekdotlar\u2026 Tarihi s\u0131k\u0131c\u0131 bulanlar\u0131n aksine bu kitap, sizlere onun e\u011flenceli, komik ve \u015fa\u015f\u0131rt\u0131c\u0131 y\u00f6n\u00fcn\u00fc vadediyor.   ABD Ba\u015fkan\u0131 kenevir yeti\u015ftiriyordu!   Bu salg\u0131n hastal\u0131k dans ettiriyor.   Fransa\u2019n\u0131n Hintli m\u00fcstakbel kral\u0131 kim?   \u00c7atal kulland\u0131\u011f\u0131 i\u00e7in Tanr\u0131\u2019n\u0131n gazab\u0131na u\u011frad\u0131lar.   Tarihin en b\u00fcy\u00fck palavras\u0131!   Oturarak uyuyan soylular\u0131n diyar\u0131   Tarih ne zaman bitiyor? Frede Royer\u2019in yazm\u0131\u015f oldu\u011fu 50 Tarihi Anekdot ile, ak\u015fam yemeklerinde arkada\u015flar\u0131n\u0131za anlataca\u011f\u0131n\u0131z e\u011flenceli ve bir o kadar \u015fa\u015f\u0131rt\u0131c\u0131 ger\u00e7ek hikayeleri be\u011feninize sunuyoruz. <\/p>\n","protected":false},"excerpt":{"rendered":"<p>Tarih, ger\u00e7ek hikayeler ve biraz da mizah: \u0130\u015fte ak\u015fam yemeklerinin y\u0131ld\u0131z\u0131! Sakin bir g\u00fcn\u00fcn ak\u015fam\u0131, g\u00fczel yemekler ve m\u00fckemmel bir sofrada eksik olan bir \u015feyler h\u00e2l\u00e2<span class=\"excerpt-hellip\"> [\u2026]<\/span><\/p>\n","protected":false},"featured_media":0,"template":"","meta":{"_monsterinsights_skip_tracking":false,"_monsterinsights_sitenote_active":false,"_monsterinsights_sitenote_note":"","_monsterinsights_sitenote_category":0},"product_brand":[],"product_cat":[12312,12304],"product_tag":[],"class_list":{"0":"post-722032","1":"product","2":"type-product","3":"status-publish","5":"product_cat-diger","6":"product_cat-tarih","7":"pa_cilt-ciltsiz","8":"pa_tur-kitap","9":"pa_yayinevi-orenda","10":"pa_yazar-frede-royer","12":"first","13":"instock","14":"sale","15":"shipping-taxable","16":"purchasable","17":"product-type-simple"},"_links":{"self":[{"href":"https:\/\/roveyayinevi.com.tr\/index.php\/wp-json\/wp\/v2\/product\/722032","targetHints":{"allow":["GET"]}}],"collection":[{"href":"https:\/\/roveyayinevi.com.tr\/index.php\/wp-json\/wp\/v2\/product"}],"about":[{"href":"https:\/\/roveyayinevi.com.tr\/index.php\/wp-json\/wp\/v2\/types\/product"}],"wp:attachment":[{"href":"https:\/\/roveyayinevi.com.tr\/index.php\/wp-json\/wp\/v2\/media?parent=722032"}],"wp:term":[{"taxonomy":"product_brand","embeddable":true,"href":"https:\/\/roveyayinevi.com.tr\/index.php\/wp-json\/wp\/v2\/product_brand?post=722032"},{"taxonomy":"product_cat","embeddable":true,"href":"https:\/\/roveyayinevi.com.tr\/index.php\/wp-json\/wp\/v2\/product_cat?post=722032"},{"taxonomy":"product_tag","embeddable":true,"href":"https:\/\/roveyayinevi.com.tr\/index.php\/wp-json\/wp\/v2\/product_tag?post=722032"}],"curies":[{"name":"wp","href":"https:\/\/api.w.org\/{rel}","templated":true}]}}