{"id":722026,"date":"2025-08-27T18:57:54","date_gmt":"2025-08-27T15:57:54","guid":{"rendered":"https:\/\/roveyayinevi.com.tr\/index.php\/urun\/goldilocks-ve-uc-ayi-2\/"},"modified":"2026-04-16T02:29:51","modified_gmt":"2026-04-15T23:29:51","slug":"goldilocks-ve-uc-ayi-2","status":"publish","type":"product","link":"https:\/\/roveyayinevi.com.tr\/index.php\/urun\/goldilocks-ve-uc-ayi-2\/","title":{"rendered":"Goldilocks ve \u00dc\u00e7 Ay\u0131"},"content":{"rendered":"<p>\u00d6yk\u00fc zaman\u0131! D\u00fcnyaca \u00fcnl\u00fc klasikle\u015fmi\u015f eserler sizleri bekliyor. Minikler \u0130\u00e7in \u00dcnl\u00fc Eserler dizisinde yer alan \u00e7ocuklar\u0131n en sevdi\u011fi \u00f6yk\u00fcler, ilgi \u00e7ekici detaylarla s\u00fcslenen renkli resimlerle ve yal\u0131n bir anlat\u0131mla sunuluyor. <\/p>\n","protected":false},"excerpt":{"rendered":"<p>\u00d6yk\u00fc zaman\u0131! D\u00fcnyaca \u00fcnl\u00fc klasikle\u015fmi\u015f eserler sizleri bekliyor. Minikler \u0130\u00e7in \u00dcnl\u00fc Eserler dizisinde yer alan \u00e7ocuklar\u0131n en sevdi\u011fi \u00f6yk\u00fcler, ilgi \u00e7ekici detaylarla s\u00fcslenen renkli resimlerle ve<span class=\"excerpt-hellip\"> [\u2026]<\/span><\/p>\n","protected":false},"featured_media":0,"template":"","meta":{"_monsterinsights_skip_tracking":false,"_monsterinsights_sitenote_active":false,"_monsterinsights_sitenote_note":"","_monsterinsights_sitenote_category":0},"product_brand":[],"product_cat":[12274,12523],"product_tag":[],"class_list":{"0":"post-722026","1":"product","2":"type-product","3":"status-publish","5":"product_cat-cocuk-ve-genclik-kitaplari","6":"product_cat-masallar","7":"pa_cilt-ciltsiz","8":"pa_tur-kitap","9":"pa_yayinevi-almidilli","10":"pa_yazar-robert-southey","12":"first","13":"instock","14":"sale","15":"shipping-taxable","16":"purchasable","17":"product-type-simple"},"_links":{"self":[{"href":"https:\/\/roveyayinevi.com.tr\/index.php\/wp-json\/wp\/v2\/product\/722026","targetHints":{"allow":["GET"]}}],"collection":[{"href":"https:\/\/roveyayinevi.com.tr\/index.php\/wp-json\/wp\/v2\/product"}],"about":[{"href":"https:\/\/roveyayinevi.com.tr\/index.php\/wp-json\/wp\/v2\/types\/product"}],"wp:attachment":[{"href":"https:\/\/roveyayinevi.com.tr\/index.php\/wp-json\/wp\/v2\/media?parent=722026"}],"wp:term":[{"taxonomy":"product_brand","embeddable":true,"href":"https:\/\/roveyayinevi.com.tr\/index.php\/wp-json\/wp\/v2\/product_brand?post=722026"},{"taxonomy":"product_cat","embeddable":true,"href":"https:\/\/roveyayinevi.com.tr\/index.php\/wp-json\/wp\/v2\/product_cat?post=722026"},{"taxonomy":"product_tag","embeddable":true,"href":"https:\/\/roveyayinevi.com.tr\/index.php\/wp-json\/wp\/v2\/product_tag?post=722026"}],"curies":[{"name":"wp","href":"https:\/\/api.w.org\/{rel}","templated":true}]}}