{"id":722023,"date":"2025-08-27T18:57:51","date_gmt":"2025-08-27T15:57:51","guid":{"rendered":"https:\/\/roveyayinevi.com.tr\/index.php\/urun\/cerkez-ethem\/"},"modified":"2026-04-16T02:29:51","modified_gmt":"2026-04-15T23:29:51","slug":"cerkez-ethem","status":"publish","type":"product","link":"https:\/\/roveyayinevi.com.tr\/index.php\/urun\/cerkez-ethem\/","title":{"rendered":"\u00c7erkez Ethem"},"content":{"rendered":"<p>Bat\u0131 Cephesi d\u00fczenli ordusunu yeniden kuran ve bu y\u00fczden \u00c7erkez Ethem\u2019in ba\u015fkald\u0131rmas\u0131na yol a\u00e7an \u0130n\u00f6n\u00fc \u015f\u00f6yle demi\u015fti: \u201cG\u00f6steri y\u00fcr\u00fcy\u00fc\u015fleriyle, telgraflarla ve en sonunda gerilla ile bir sonu\u00e7 alabilir miyiz? \u0130\u00e7inde bulundu\u011fumuz ko\u015fullar en sonunda bir sava\u015fa varacakt\u0131r. B\u00fcy\u00fck \u00f6l\u00e7\u00fcde bir \u00e7at\u0131\u015fmaya varacakt\u0131r. Kar\u015f\u0131m\u0131zdaki Yunan ordusunu yenmemiz gerek. Benim hesab\u0131ma ve kan\u0131ma g\u00f6re, T\u00fcrkiye bug\u00fcnk\u00fc hali ile Yunan ordusunu yenebilir. Bunu yapabiliriz. Ama ordumuz yok. Bir ordu kadrosu var. Bu kadro ile bu g\u00fc\u00e7le bir \u015fey yapamay\u0131z. Yenemeyiz. \u00c7\u0131kar yol, orduyu kurmak ve b\u00fcy\u00fck silahl\u0131 \u00e7at\u0131\u015fmaya haz\u0131rlanmakt\u0131r.\u201d Ordu kurulu\u015funun zorluklar\u0131n\u0131 yine en iyi \u0130n\u00f6n\u00fc dile getiriyor: \u201cOrduyu kurmak i\u00e7in asker al\u0131yoruz, sabahleyin giydiriyoruz, donat\u0131yoruz, silahland\u0131r\u0131yoruz, ak\u015fam\u00fczeri hepsi gidiyorlar.\u201d Gerillan\u0131n geli\u015fme nedenleri aras\u0131nda toplumun savunma duygusunu ger\u00e7ekle\u015ftirmek gibi hem soylu hem de ger\u00e7ek g\u00fcd\u00fclerden ba\u015fka nedenler de vard\u0131r ve bunlar birinciler gibi soylu say\u0131lamazd\u0131, giri\u015filen ya\u011fmalardan pay almak ve d\u00fczenli ordudaki er ve subaylar\u0131n ald\u0131\u011f\u0131 maa\u015flardan birka\u00e7 kat fazla maa\u015f almak gibi maddi; su\u00e7 ortakl\u0131\u011f\u0131, \u00f6ld\u00fcr\u00fclme korkusu gibi manevi nedenler. Bu konuda \u0130smet Pa\u015fa\u2019n\u0131n \u00c7erkez Ethem\u2019in karde\u015flerinden Re\u015fit\u2019le olan bir konu\u015fmas\u0131 olduk\u00e7a a\u00e7\u0131klay\u0131c\u0131d\u0131r: \u201c \u2018Siz gitti\u011finiz yerde vuruyorsunuz, k\u0131r\u0131yorsunuz, ya\u011fma ediyorsunuz, sonra da bu halk\u0131n i\u00e7inden bu halk\u0131n \u00e7ocuklar\u0131n\u0131 al\u0131yorsunuz ve bunlar sizin sad\u0131k adamlar\u0131n\u0131z oluyor. Nas\u0131l yapabiliyorsunuz bunu?\u2019 G\u00fcld\u00fc: \u2018Usul\u00fc vard\u0131r onun,\u2019 dedi. Ben, \u2018Nedir, nas\u0131l bir usuld\u00fcr?\u2019 dedim. Re\u015fit Bey anlatmaya ba\u015flad\u0131, \u2018Gidersin, i\u015fin gere\u011fini yapars\u0131n, sonra da orada g\u00f6z\u00fcne kestirdi\u011fin adamlar\u0131 al\u0131rs\u0131n, onlar\u0131 su\u00e7 orta\u011f\u0131 yapars\u0131n. Kendilerine talan yapt\u0131r\u0131rs\u0131n, d\u00fc\u015fman\u0131 olanlara d\u00fc\u015fmanlar\u0131n\u0131 vurdurtursun. Su\u00e7a bula\u015fm\u0131\u015f olurlar. Art\u0131k bunlar k\u00f6ylerine gidip de vatanda\u015flar\u0131 ile do\u011fal ili\u015fkiye giremez duruma gelirler. B\u00fct\u00fcn ya\u015famlar\u0131 boyunca, kurtulu\u015flar\u0131 size ba\u011fl\u0131l\u0131ktad\u0131r.\u2019 Re\u015fit Bey bana kendi usullerini anlatt\u0131\u011f\u0131 zaman sordu, \u2018Bunlar\u0131 yapabilir misiniz?\u2019 Ben, \u2018Sizin yapt\u0131klar\u0131n\u0131z\u0131n hi\u00e7birini yapamay\u0131z,\u2019 dedim. O da, \u2018\u00d6yleyse orduyu da yapamazs\u0131n\u0131z,\u2019 demi\u015fti.\u201d<\/p>\n","protected":false},"excerpt":{"rendered":"<p>Bat\u0131 Cephesi d\u00fczenli ordusunu yeniden kuran ve bu y\u00fczden \u00c7erkez Ethem\u2019in ba\u015fkald\u0131rmas\u0131na yol a\u00e7an \u0130n\u00f6n\u00fc \u015f\u00f6yle demi\u015fti: \u201cG\u00f6steri y\u00fcr\u00fcy\u00fc\u015fleriyle, telgraflarla ve en sonunda gerilla ile bir<span class=\"excerpt-hellip\"> [\u2026]<\/span><\/p>\n","protected":false},"featured_media":0,"template":"","meta":{"_monsterinsights_skip_tracking":false,"_monsterinsights_sitenote_active":false,"_monsterinsights_sitenote_note":"","_monsterinsights_sitenote_category":0},"product_brand":[],"product_cat":[14009,12291],"product_tag":[],"class_list":{"0":"post-722023","1":"product","2":"type-product","3":"status-publish","5":"product_cat-biyografi-otobiyografi-edebiyat","6":"product_cat-edebiyat","7":"pa_cilt-ciltsiz","8":"pa_tur-kitap","9":"pa_yayinevi-dorlion-yayinevi","10":"pa_yazar-ahmet-seyrek","12":"first","13":"instock","14":"sale","15":"shipping-taxable","16":"purchasable","17":"product-type-simple"},"_links":{"self":[{"href":"https:\/\/roveyayinevi.com.tr\/index.php\/wp-json\/wp\/v2\/product\/722023","targetHints":{"allow":["GET"]}}],"collection":[{"href":"https:\/\/roveyayinevi.com.tr\/index.php\/wp-json\/wp\/v2\/product"}],"about":[{"href":"https:\/\/roveyayinevi.com.tr\/index.php\/wp-json\/wp\/v2\/types\/product"}],"wp:attachment":[{"href":"https:\/\/roveyayinevi.com.tr\/index.php\/wp-json\/wp\/v2\/media?parent=722023"}],"wp:term":[{"taxonomy":"product_brand","embeddable":true,"href":"https:\/\/roveyayinevi.com.tr\/index.php\/wp-json\/wp\/v2\/product_brand?post=722023"},{"taxonomy":"product_cat","embeddable":true,"href":"https:\/\/roveyayinevi.com.tr\/index.php\/wp-json\/wp\/v2\/product_cat?post=722023"},{"taxonomy":"product_tag","embeddable":true,"href":"https:\/\/roveyayinevi.com.tr\/index.php\/wp-json\/wp\/v2\/product_tag?post=722023"}],"curies":[{"name":"wp","href":"https:\/\/api.w.org\/{rel}","templated":true}]}}