{"id":722022,"date":"2025-08-27T18:57:51","date_gmt":"2025-08-27T15:57:51","guid":{"rendered":"https:\/\/roveyayinevi.com.tr\/index.php\/urun\/fransada-ilk-daimi-turk-elcisi-morali-esseyit-ali-efendi-1797-1802\/"},"modified":"2026-04-16T02:29:51","modified_gmt":"2026-04-15T23:29:51","slug":"fransada-ilk-daimi-turk-elcisi-morali-esseyit-ali-efendi-1797-1802","status":"publish","type":"product","link":"https:\/\/roveyayinevi.com.tr\/index.php\/urun\/fransada-ilk-daimi-turk-elcisi-morali-esseyit-ali-efendi-1797-1802\/","title":{"rendered":"Fransa\u2019da \u0130lk Daimi T\u00fcrk El\u00e7isi  &#8211; Moral\u0131 Esseyit Ali Efendi 1797-1802"},"content":{"rendered":"<p>\u0130lk Fransa daim\u00ee el\u00e7imiz Esseyit Ali Efendi 15 May\u0131s 1797\u2019de Marsilya\u2019ya ayak basar. Marsilya\u2019daki karantina s\u00fcresini doldurduktan sonra \u201cDevrim\u2019in yaralar\u0131n\u0131 sarmakla me\u015fgul\u201d Direktuvar y\u00f6netimindeki Fransa\u2019n\u0131n ba\u015fkenti Paris\u2019e hareket eder. Marsilya\u2019dan Paris\u2019e her u\u011frad\u0131\u011f\u0131 kentte t\u00f6renlerle kar\u015f\u0131lan\u0131r, t\u00f6renlerle u\u011furlan\u0131r. Paris\u2019te yaratt\u0131\u011f\u0131 etki ise inan\u0131lmazd\u0131r. Ba\u015fta kad\u0131nlar olmak \u00fczere b\u00fct\u00fcn Paris, Esseyit Ali Efendi\u2019nin etkisi alt\u0131nda kalm\u0131\u015f ve Osmanl\u0131 el\u00e7isi g\u00fcn\u00fcn deyimiyle \u201cParis\u2019in Kral\u0131\u201d olmu\u015ftur. Kad\u0131n modas\u0131 de\u011fi\u015fmi\u015f, Paris\u2019in en \u015f\u0131k kad\u0131nlar\u0131 ya sultan ya odal\u0131k k\u0131yafeti i\u00e7inde el\u00e7inin g\u00f6z\u00fcne girebilmek, gitti\u011fi e\u011flence yerleri ve tiyatrolarda yak\u0131n\u0131nda olabilmek i\u00e7in \u00e7\u0131rp\u0131nmaktad\u0131rlar. El\u00e7inin l\u00fctfen kabul etti\u011fi Paris y\u00fcksek sosyetesinin \u00fcnl\u00fc kad\u0131nlar\u0131n\u0131n isimleri gazetelerde liste olarak yay\u0131mlanmaktad\u0131r. Osmanl\u0131 el\u00e7isi \u201cParisli \u00e2\u015f\u0131klar\u0131n ba\u015f\u0131na bela\u201d olmu\u015ftur. Giderek \u015fereflendirece\u011fini haber verdi\u011fi e\u011flence yerlerinin bilet fiyatlar\u0131 hemen iki misli artar&#8230; Ama bu \u015fa\u015faal\u0131 g\u00f6r\u00fcnt\u00fcler bir s\u00fcre sonra s\u00f6necek ve Paris semalar\u0131n\u0131 yeni bir y\u0131ld\u0131z s\u00fcsleyecektir: General Bonaparte. Napol\u00e9on Bonaparte ve onun b\u00fct\u00fcn d\u00f6nemlerin en hilek\u00e2r d\u0131\u015fi\u015fleri bakan\u0131 Talleyrand, deneyimsiz Osmanl\u0131 el\u00e7isinin ba\u015f\u0131na \u00e7orap \u00f6recek, onu uyuturken M\u0131s\u0131r\u2019a asker \u00e7\u0131karacaklard\u0131r. Esseyit Ali Efendi\u2019nin Fransa\u2019dan d\u00fc\u015fmanl\u0131k beklenmemesi \u015feklindeki raporu ile Bonaparte\u2019\u0131n \u0130skenderiye\u2019ye asker \u00e7\u0131kartt\u0131\u011f\u0131 haberi ayn\u0131 g\u00fcn \u0130stanbul\u2019a ula\u015facak ve III. Selim raporun \u00fczerine k\u0131zg\u0131nl\u0131kla \u201cNe e\u015fek herifmi\u015f!\u201d diye yazmaktan kendini alamayacakt\u0131r. <\/p>\n","protected":false},"excerpt":{"rendered":"<p>\u0130lk Fransa daim\u00ee el\u00e7imiz Esseyit Ali Efendi 15 May\u0131s 1797\u2019de Marsilya\u2019ya ayak basar. Marsilya\u2019daki karantina s\u00fcresini doldurduktan sonra \u201cDevrim\u2019in yaralar\u0131n\u0131 sarmakla me\u015fgul\u201d Direktuvar y\u00f6netimindeki Fransa\u2019n\u0131n ba\u015fkenti<span class=\"excerpt-hellip\"> [\u2026]<\/span><\/p>\n","protected":false},"featured_media":0,"template":"","meta":{"_monsterinsights_skip_tracking":false,"_monsterinsights_sitenote_active":false,"_monsterinsights_sitenote_note":"","_monsterinsights_sitenote_category":0},"product_brand":[],"product_cat":[12370,12304],"product_tag":[],"class_list":{"0":"post-722022","1":"product","2":"type-product","3":"status-publish","5":"product_cat-arastirma-inceleme","6":"product_cat-tarih","7":"pa_cilt-ciltsiz","8":"pa_tur-kitap","9":"pa_yayinevi-otuken-nesriyat","10":"pa_yazar-maurice-herbette","12":"first","13":"instock","14":"sale","15":"shipping-taxable","16":"purchasable","17":"product-type-simple"},"_links":{"self":[{"href":"https:\/\/roveyayinevi.com.tr\/index.php\/wp-json\/wp\/v2\/product\/722022","targetHints":{"allow":["GET"]}}],"collection":[{"href":"https:\/\/roveyayinevi.com.tr\/index.php\/wp-json\/wp\/v2\/product"}],"about":[{"href":"https:\/\/roveyayinevi.com.tr\/index.php\/wp-json\/wp\/v2\/types\/product"}],"wp:attachment":[{"href":"https:\/\/roveyayinevi.com.tr\/index.php\/wp-json\/wp\/v2\/media?parent=722022"}],"wp:term":[{"taxonomy":"product_brand","embeddable":true,"href":"https:\/\/roveyayinevi.com.tr\/index.php\/wp-json\/wp\/v2\/product_brand?post=722022"},{"taxonomy":"product_cat","embeddable":true,"href":"https:\/\/roveyayinevi.com.tr\/index.php\/wp-json\/wp\/v2\/product_cat?post=722022"},{"taxonomy":"product_tag","embeddable":true,"href":"https:\/\/roveyayinevi.com.tr\/index.php\/wp-json\/wp\/v2\/product_tag?post=722022"}],"curies":[{"name":"wp","href":"https:\/\/api.w.org\/{rel}","templated":true}]}}