{"id":722015,"date":"2025-08-27T18:57:47","date_gmt":"2025-08-27T15:57:47","guid":{"rendered":"https:\/\/roveyayinevi.com.tr\/index.php\/urun\/kutup-bolgelerinde-egemenlik-mucadelesi-ve-ekonomik-yatirim-firsatlari\/"},"modified":"2026-04-16T02:29:51","modified_gmt":"2026-04-15T23:29:51","slug":"kutup-bolgelerinde-egemenlik-mucadelesi-ve-ekonomik-yatirim-firsatlari","status":"publish","type":"product","link":"https:\/\/roveyayinevi.com.tr\/index.php\/urun\/kutup-bolgelerinde-egemenlik-mucadelesi-ve-ekonomik-yatirim-firsatlari\/","title":{"rendered":"Kutup B\u00f6lgelerinde Egemenlik M\u00fccadelesi Ve Ekonomik Yat\u0131r\u0131m F\u0131rsatlar\u0131"},"content":{"rendered":"<p>Denizlerin artan siyasi ve ekonomik de\u011ferinin fark\u0131nda olan denizci devletler, II\u2019nci D\u00fcnya Sava\u015f\u0131\u2019n\u0131n bitiminden hemen sonra ba\u015flad\u0131klar\u0131 denizlerin payla\u015f\u0131m\u0131 m\u00fccadelesi neticesinde, hukukile\u015ftirdikleri i\u00e7 sular, karasular\u0131, biti\u015fik b\u00f6lge, k\u0131ta sahanl\u0131\u011f\u0131 ve m\u00fcnhas\u0131r ekonomik b\u00f6lge gibi kazan\u0131mlar\u0131n\u0131 yeterli g\u00f6rmeyerek; k\u0131ta sahanl\u0131klar\u0131n\u0131n \u00f6tesindeki deniz yata\u011f\u0131 ve kutup b\u00f6lgelerine y\u00f6nelmi\u015flerdir. Y\u0131llarca nihai s\u0131n\u0131r olarak g\u00f6r\u00fclen kutup b\u00f6lgeleri, bug\u00fcn ekonomik yat\u0131r\u0131m f\u0131rsatlar\u0131, \u00e7\u0131kar \u00e7at\u0131\u015fmalar\u0131, potansiyel do\u011fal zenginlikleri, Trilyon Dolar de\u011ferinde deniz ta\u015f\u0131mac\u0131l\u0131\u011f\u0131 rotas\u0131, askeri bir d\u00fc\u011f\u00fcm noktas\u0131 ve devletlerin egemenlik m\u00fccadelesi nedeniyle k\u00fcresel ilgiye mazhar olmu\u015ftur. Kutup b\u00f6lgelerinin \u00f6nemine binaen i\u00e7inde bulundu\u011fumuz d\u00f6nem, \u201cKutup \u00c7a\u011f\u0131\u201d olarak tan\u0131mlanm\u0131\u015ft\u0131r. Hi\u00e7 \u015f\u00fcphesiz ki kutup b\u00f6lgelerinde, T\u00fcrkiye Cumhuriyeti\u2019nin uluslararas\u0131 hukuktan kaynaklanan haklar\u0131 ve menfaatleri vard\u0131r. Deniz Hukuk M\u00fc\u015faviri \u015eenay KAYA taraf\u0131ndan haz\u0131rlanan \u201cKutup B\u00f6lgelerinde Egemenlik M\u00fccadelesi ve Ekonomik Yat\u0131r\u0131m F\u0131rsatlar\u0131\u201d isimli bu eser, Devletimizin ve Milletimizin kutuplardaki hak ve menfaatlerinin fark\u0131na var\u0131lmas\u0131, yat\u0131r\u0131m f\u0131rsatlar\u0131n\u0131n anlat\u0131lmas\u0131, karar al\u0131c\u0131lara tavsiyelerde bulunulmas\u0131, izlenecek hukuki yollar\u0131n g\u00f6sterilmesi, Ek\u2019inde Antarktika Andla\u015fma ve \u00c7evre Protokol metinlerinin yer almas\u0131 bak\u0131m\u0131ndan olduk\u00e7a k\u0131ymetlidir. <\/p>\n","protected":false},"excerpt":{"rendered":"<p>Denizlerin artan siyasi ve ekonomik de\u011ferinin fark\u0131nda olan denizci devletler, II\u2019nci D\u00fcnya Sava\u015f\u0131\u2019n\u0131n bitiminden hemen sonra ba\u015flad\u0131klar\u0131 denizlerin payla\u015f\u0131m\u0131 m\u00fccadelesi neticesinde, hukukile\u015ftirdikleri i\u00e7 sular, karasular\u0131, biti\u015fik<span class=\"excerpt-hellip\"> [\u2026]<\/span><\/p>\n","protected":false},"featured_media":0,"template":"","meta":{"_monsterinsights_skip_tracking":false,"_monsterinsights_sitenote_active":false,"_monsterinsights_sitenote_note":"","_monsterinsights_sitenote_category":0},"product_brand":[],"product_cat":[13044,13043],"product_tag":[],"class_list":{"0":"post-722015","1":"product","2":"type-product","3":"status-publish","5":"product_cat-dunya-ekonomisi","6":"product_cat-ekonomi","7":"pa_cilt-ciltsiz","8":"pa_tur-kitap","9":"pa_yayinevi-kozmostar","10":"pa_yazar-senay-kaya","12":"first","13":"instock","14":"sale","15":"shipping-taxable","16":"purchasable","17":"product-type-simple"},"_links":{"self":[{"href":"https:\/\/roveyayinevi.com.tr\/index.php\/wp-json\/wp\/v2\/product\/722015","targetHints":{"allow":["GET"]}}],"collection":[{"href":"https:\/\/roveyayinevi.com.tr\/index.php\/wp-json\/wp\/v2\/product"}],"about":[{"href":"https:\/\/roveyayinevi.com.tr\/index.php\/wp-json\/wp\/v2\/types\/product"}],"wp:attachment":[{"href":"https:\/\/roveyayinevi.com.tr\/index.php\/wp-json\/wp\/v2\/media?parent=722015"}],"wp:term":[{"taxonomy":"product_brand","embeddable":true,"href":"https:\/\/roveyayinevi.com.tr\/index.php\/wp-json\/wp\/v2\/product_brand?post=722015"},{"taxonomy":"product_cat","embeddable":true,"href":"https:\/\/roveyayinevi.com.tr\/index.php\/wp-json\/wp\/v2\/product_cat?post=722015"},{"taxonomy":"product_tag","embeddable":true,"href":"https:\/\/roveyayinevi.com.tr\/index.php\/wp-json\/wp\/v2\/product_tag?post=722015"}],"curies":[{"name":"wp","href":"https:\/\/api.w.org\/{rel}","templated":true}]}}