{"id":722012,"date":"2025-08-27T18:57:45","date_gmt":"2025-08-27T15:57:45","guid":{"rendered":"https:\/\/roveyayinevi.com.tr\/index.php\/urun\/mistik-yansimalar-kutsala-ovgu-siirleri-ve-secme-sunular\/"},"modified":"2026-04-13T02:36:37","modified_gmt":"2026-04-12T23:36:37","slug":"mistik-yansimalar-kutsala-ovgu-siirleri-ve-secme-sunular","status":"publish","type":"product","link":"https:\/\/roveyayinevi.com.tr\/index.php\/urun\/mistik-yansimalar-kutsala-ovgu-siirleri-ve-secme-sunular\/","title":{"rendered":"Mistik Yans\u0131malar Kutsala \u00d6vg\u00fc \u015eiirleri ve Se\u00e7me Sunular"},"content":{"rendered":"<p>G\u00fcn\u00fcm\u00fcz\u00fcn \u00f6nde gelen ruhsal \u00f6\u011fretmenlerinden Roy Eugene Davis, &#8220;Mistik Yans\u0131malar\u201d adl\u0131 eserinde ya\u015fam\u0131n derin ger\u00e7ekliklerine dair deneyimledi\u011fi i\u00e7sel a\u00e7\u0131l\u0131mlar\u0131n\u0131 ve di\u011fer mistiklerin anl\u0131k do\u011frudan deneyimlerini yans\u0131tan ifadeleri okuyucuyla payla\u015farak, kendi ruhsal yolunda derinle\u015ferek ilerlemekte olan, kendi anlaml\u0131 ke\u015fiflerini ya\u015famakta olan insanlar\u0131 desteklemek istemi\u015ftir.\u0130\u00e7indekilerYazardan Mistik Yans\u0131malarDua Ederken \u00c7o\u011fu Zaman Tanr\u0131\u2019y\u0131 Bilmek \u0130stiyordum B\u00fct\u00fcn\u00fc Kimler Bilebilir?Zihnim Bulan\u0131kt\u0131\u00d6l\u00fcm Mele\u011fi Kap\u0131ma Geldi\u011findeGen\u00e7li\u011fimde Yan\u0131mda Olan \u0130yiliksever bir Varl\u0131kBir Aziz Bana DokununcaBeni Yukar\u0131ya Y\u00f6nelten bir Ak\u0131\u015fSihirli bir Mevcudiyet Tek bir Varl\u0131k, Ya\u015fam, Zeka ve G\u00fc\u00e7 Uzay ve Zaman\u0131n \u0130\u00e7erisinde Seyahat EtmekBilgelik G\u00f6z\u00fc A\u00e7\u0131ld\u0131\u011f\u0131ndaZihnin Y\u00fczeyinin Arkas\u0131ndaHayali Suretler Onu Tan\u0131mlayamazBa\u015far\u0131l\u0131 bir Ruhsal Geli\u015fim i\u00e7in Rehber \u0130lkelerParamahansa Yogananda\u2019n\u0131n\u201cSonsuzlu\u011fun F\u0131s\u0131lt\u0131lar\u0131\u201d Kitab\u0131ndan Al\u0131nt\u0131larBen Buraday\u0131mBundan SonraSamadhiTanr\u0131! Tanr\u0131! Tanr\u0131!Ben Senin \u0130\u00e7in Yarat\u0131ld\u0131m Mistik Yans\u0131malarKabir\u2019den Se\u00e7me Yaz\u0131larTanr\u0131\u2019n\u0131n Ad\u0131n\u0131n RengiKutsal SuAlt\u0131n Gibi SafSevgili Eve GeliyorSenin Ad\u0131n\u0131n Dokumac\u0131s\u0131U\u011furlu AnBudizmin \u00d6z\u00fcSekiz A\u015famal\u0131 Kutsal Yol\u00d6\u011fretiler\u00d6mer Hayyam\u2019\u0131n Rubailerinden Se\u00e7meler\u0130ki ve On D\u00f6rtYirmi Alt\u0131 ve Yirmi YediOtuz Bir ve Otuz \u0130kiOtuz Dokuz ve Yetmi\u015f \u00dc\u00e7Cennetin Av K\u00f6pe\u011fiFrancis Thompson<\/p>\n","protected":false},"excerpt":{"rendered":"<p>G\u00fcn\u00fcm\u00fcz\u00fcn \u00f6nde gelen ruhsal \u00f6\u011fretmenlerinden Roy Eugene Davis, &#8220;Mistik Yans\u0131malar\u201d adl\u0131 eserinde ya\u015fam\u0131n derin ger\u00e7ekliklerine dair deneyimledi\u011fi i\u00e7sel a\u00e7\u0131l\u0131mlar\u0131n\u0131 ve di\u011fer mistiklerin anl\u0131k do\u011frudan deneyimlerini yans\u0131tan<span class=\"excerpt-hellip\"> [\u2026]<\/span><\/p>\n","protected":false},"featured_media":0,"template":"","meta":{"_monsterinsights_skip_tracking":false,"_monsterinsights_sitenote_active":false,"_monsterinsights_sitenote_note":"","_monsterinsights_sitenote_category":0},"product_brand":[],"product_cat":[12364,12376],"product_tag":[],"class_list":{"0":"post-722012","1":"product","2":"type-product","3":"status-publish","5":"product_cat-genel-konular","6":"product_cat-kisisel-gelisim","7":"pa_cilt-ciltsiz","8":"pa_tur-kitap","9":"pa_yayinevi-gazi-kitabevi","10":"pa_yazar-roy-eugene-davis","12":"first","13":"instock","14":"sale","15":"shipping-taxable","16":"purchasable","17":"product-type-simple"},"_links":{"self":[{"href":"https:\/\/roveyayinevi.com.tr\/index.php\/wp-json\/wp\/v2\/product\/722012","targetHints":{"allow":["GET"]}}],"collection":[{"href":"https:\/\/roveyayinevi.com.tr\/index.php\/wp-json\/wp\/v2\/product"}],"about":[{"href":"https:\/\/roveyayinevi.com.tr\/index.php\/wp-json\/wp\/v2\/types\/product"}],"wp:attachment":[{"href":"https:\/\/roveyayinevi.com.tr\/index.php\/wp-json\/wp\/v2\/media?parent=722012"}],"wp:term":[{"taxonomy":"product_brand","embeddable":true,"href":"https:\/\/roveyayinevi.com.tr\/index.php\/wp-json\/wp\/v2\/product_brand?post=722012"},{"taxonomy":"product_cat","embeddable":true,"href":"https:\/\/roveyayinevi.com.tr\/index.php\/wp-json\/wp\/v2\/product_cat?post=722012"},{"taxonomy":"product_tag","embeddable":true,"href":"https:\/\/roveyayinevi.com.tr\/index.php\/wp-json\/wp\/v2\/product_tag?post=722012"}],"curies":[{"name":"wp","href":"https:\/\/api.w.org\/{rel}","templated":true}]}}