{"id":722011,"date":"2025-08-27T18:57:44","date_gmt":"2025-08-27T15:57:44","guid":{"rendered":"https:\/\/roveyayinevi.com.tr\/index.php\/urun\/yedi-derste-bilincli-yasam-felsefi-ilkeler-butuncul-yasam-yonergeleri-ve-etkili-meditasyon-yontemleri\/"},"modified":"2026-04-16T02:29:51","modified_gmt":"2026-04-15T23:29:51","slug":"yedi-derste-bilincli-yasam-felsefi-ilkeler-butuncul-yasam-yonergeleri-ve-etkili-meditasyon-yontemleri","status":"publish","type":"product","link":"https:\/\/roveyayinevi.com.tr\/index.php\/urun\/yedi-derste-bilincli-yasam-felsefi-ilkeler-butuncul-yasam-yonergeleri-ve-etkili-meditasyon-yontemleri\/","title":{"rendered":"Yedi Derste Bilin\u00e7li Ya\u015fam Felsefi \u0130lkeler, B\u00fct\u00fcnc\u00fcl Ya\u015fam Y\u00f6nergeleri ve Etkili Meditasyon Y\u00f6ntemleri"},"content":{"rendered":"<p>Roy Eugene Davis, Yedi Derste Bilin\u00e7li Ya\u015fam kitab\u0131nda; Patanjali Yoga Sutralar\u0131nda (M.\u00d6.3.yy.) a\u00e7\u0131klanan kadim Kriya Yoga \u00d6\u011fretisinin temel felsefesini, ya\u015fam bi\u00e7imi ilkelerini, meditasyonu kolayla\u015ft\u0131ran nefes tekniklerini, ya\u015fanm\u0131\u015f \u00f6zg\u00fcn deneyimlerine dayal\u0131 bilgilerle destekleyerek a\u00e7\u0131klam\u0131\u015ft\u0131r. Her insan\u0131n varl\u0131\u011f\u0131n\u0131n temeli olan ger\u00e7ek \u00d6z\u2019\u00fc ke\u015ffi ve sonsuzlukla olan daimi ili\u015fkisine dair bilinmesi gereken en temel bilgilerin yan\u0131s\u0131ra, \u00f6\u011frenilen bilgilerin disiplinli bireysel \u00e7abalarla yerine getirilmesini sa\u011flayan uygulamalar\u0131n a\u00e7\u0131kland\u0131\u011f\u0131 bu eser; ruhsal geli\u015fim ve bilin\u00e7 \u00f6zg\u00fcrl\u00fc\u011f\u00fc i\u00e7in istek duyan, etkili bir \u015fekilde ya\u015famay\u0131, h\u0131zl\u0131, ger\u00e7ek ruhsal b\u00fcy\u00fcmeyi ve bilin\u00e7 \u00f6zg\u00fcrl\u00fc\u011f\u00fcn\u00fc ger\u00e7ekle\u015ftirmeyi hedefleyen her ilgili ki\u015fi i\u00e7in g\u00fcvenilir bir kaynak kitap niteli\u011findedir.    &#8220;Ruhsal fark\u0131ndal\u0131\u011f\u0131 geli\u015ftirmek \u00f6nemlidir \u00e7\u00fcnk\u00fc bu durum d\u00fc\u015f\u00fcnceleri ve eylemleri yap\u0131c\u0131 olmaya y\u00f6neltir, zihni ve bedeni faydal\u0131 \u015fekilde etkiler ve destekleyici ko\u015fullar\u0131 kendine \u00e7eker.\u201d Roy Eugene Davis \u0130\u00e7indekiler   DERS B\u0130R Felsefe: Kriya Yoga Gelene\u011fi Ya\u015fam Bi\u00e7imi \u0130lkeleri: Ya\u015fam Amac\u0131n\u0131z\u0131 Ke\u015ffedin Meditasyon Uygulamas\u0131: Mantralar\u0131 Anlamak ve Kullanmak   DERS \u0130K\u0130 Felsefe: Tek Ger\u00e7eklik, Ya\u015fam, G\u00fc\u00e7 ve Madde Ya\u015fam Bi\u00e7imi \u0130lkeleri: Sonsuzlukla Uyumlu Ya\u015fay\u0131n Meditasyon Uygulamas\u0131: Ezeli Ses OM \u00dczerine Yo\u011funla\u015fma Tekni\u011fi   DERS \u00dc\u00c7 Felsefe: Kozmik D\u0131\u015favurumun Dizinsel S\u00fcre\u00e7leri Ya\u015fam Bi\u00e7imi \u0130lkeleri: Ya\u015fam\u0131n\u0131z\u0131 Geli\u015ftiren Arzular\u0131n\u0131z\u0131 Ger\u00e7ekle\u015ftirin Meditasyon Uygulamas\u0131: Fark\u0131ndal\u0131\u011f\u0131n Bilin\u00e7li A\u00e7\u0131l\u0131m\u0131 \u0130\u00e7in Teknik   DERS D\u00d6RT Felsefe: Ger\u00e7ek Do\u011fam\u0131z\u0131 Anlamak Ya\u015fam Bi\u00e7imi \u0130lkeleri: Ya\u015fam\u0131n Her Alan\u0131nda B\u00fct\u00fcnc\u00fcl \u0130yili\u011fi Deneyimleyin Meditasyon Uygulamas\u0131: Enerji Merkezleri Boyunca Fark\u0131ndal\u0131\u011f\u0131 Harekete Ge\u00e7irme Tekni\u011fi   DERS BE\u015e Felsefe: Yoga Uygulamas\u0131n\u0131n Temelleri Ya\u015fam Bi\u00e7imi \u0130lkeleri: \u00d6z ve Tanr\u0131 Ger\u00e7ekle\u015ftirme Bilimi Meditasyon Uygulamas\u0131: \u201cKutsal Yol\u201d Tekni\u011fi xviii \u0130\u00e7indekiler   DERS ALTI Felsefe: \u0130\u00e7sel Potansiyeli Uyand\u0131rmak Ya\u015fam Bi\u00e7imi \u0130lkeleri: \u0130\u00e7sel Kalitelerinizi A\u00e7\u0131\u011fa \u00c7\u0131kar\u0131n ve \u0130fade Edin Meditasyon Uygulamas\u0131: T\u00fcm Uygulama D\u00fczeyleri \u0130\u00e7in D\u00fczenli Meditasyon Programlar\u0131   DERS YED\u0130 Felsefe: Ruhsal Ayd\u0131nlanma ve Ruh \u00d6zg\u00fcrl\u00fc\u011f\u00fc Ya\u015fam Bi\u00e7imi \u0130lkeleri: I\u015f\u0131\u011f\u0131n\u0131z\u0131n Parlamas\u0131na \u0130zin Verin Adanm\u0131\u015f Hayat: \u0130nisiyasyon ve Ruhsal \u00d6\u011frencili\u011fe Tavizsiz Kesin Ba\u011fl\u0131l\u0131k  <\/p>\n","protected":false},"excerpt":{"rendered":"<p>Roy Eugene Davis, Yedi Derste Bilin\u00e7li Ya\u015fam kitab\u0131nda; Patanjali Yoga Sutralar\u0131nda (M.\u00d6.3.yy.) a\u00e7\u0131klanan kadim Kriya Yoga \u00d6\u011fretisinin temel felsefesini, ya\u015fam bi\u00e7imi ilkelerini, meditasyonu kolayla\u015ft\u0131ran nefes tekniklerini,<span class=\"excerpt-hellip\"> [\u2026]<\/span><\/p>\n","protected":false},"featured_media":0,"template":"","meta":{"_monsterinsights_skip_tracking":false,"_monsterinsights_sitenote_active":false,"_monsterinsights_sitenote_note":"","_monsterinsights_sitenote_category":0},"product_brand":[],"product_cat":[12364,12376],"product_tag":[],"class_list":{"0":"post-722011","1":"product","2":"type-product","3":"status-publish","5":"product_cat-genel-konular","6":"product_cat-kisisel-gelisim","7":"pa_cilt-ciltsiz","8":"pa_tur-kitap","9":"pa_yayinevi-gazi-kitabevi","10":"pa_yazar-roy-eugene-davis","12":"first","13":"instock","14":"sale","15":"shipping-taxable","16":"purchasable","17":"product-type-simple"},"_links":{"self":[{"href":"https:\/\/roveyayinevi.com.tr\/index.php\/wp-json\/wp\/v2\/product\/722011","targetHints":{"allow":["GET"]}}],"collection":[{"href":"https:\/\/roveyayinevi.com.tr\/index.php\/wp-json\/wp\/v2\/product"}],"about":[{"href":"https:\/\/roveyayinevi.com.tr\/index.php\/wp-json\/wp\/v2\/types\/product"}],"wp:attachment":[{"href":"https:\/\/roveyayinevi.com.tr\/index.php\/wp-json\/wp\/v2\/media?parent=722011"}],"wp:term":[{"taxonomy":"product_brand","embeddable":true,"href":"https:\/\/roveyayinevi.com.tr\/index.php\/wp-json\/wp\/v2\/product_brand?post=722011"},{"taxonomy":"product_cat","embeddable":true,"href":"https:\/\/roveyayinevi.com.tr\/index.php\/wp-json\/wp\/v2\/product_cat?post=722011"},{"taxonomy":"product_tag","embeddable":true,"href":"https:\/\/roveyayinevi.com.tr\/index.php\/wp-json\/wp\/v2\/product_tag?post=722011"}],"curies":[{"name":"wp","href":"https:\/\/api.w.org\/{rel}","templated":true}]}}