{"id":722009,"date":"2025-08-27T18:57:43","date_gmt":"2025-08-27T15:57:43","guid":{"rendered":"https:\/\/roveyayinevi.com.tr\/index.php\/urun\/anadolu-prehistorya-arastirmalari-2\/"},"modified":"2026-04-16T02:29:51","modified_gmt":"2026-04-15T23:29:51","slug":"anadolu-prehistorya-arastirmalari-2","status":"publish","type":"product","link":"https:\/\/roveyayinevi.com.tr\/index.php\/urun\/anadolu-prehistorya-arastirmalari-2\/","title":{"rendered":"Anadolu Prehistorya Ara\u015ft\u0131rmalar\u0131 &#8211; 2"},"content":{"rendered":"<p>\u0130\u00e7indekiler;- Erdo\u011fu, Bur\u00e7in \/ Bat\u0131 Anadolu\u2019nun Neolitik ile \u0130mtihan\u0131- Baysal, Emma I. ve Holly Miller \/ Teoride S\u00fcs E\u015fyalar\u0131: Arkeolojik Kontekstlerde Prehistorik Boncuklar\u0131n Yorumu- Mustafao\u011flu, G\u00f6khan ve Ofer Bar-Yosef \/ Building Experimantal Houses at Boncuklu H\u00f6y\u00fck- Tekin, Halil \/ Domzutepe 2014 y\u0131l\u0131 Kaz\u0131lar\u0131n\u0131n \u0130lk Sonu\u00e7lar\u0131- Bulut, Hande \/ \u00d6k\u00fczini Ma\u011faras\u0131 Kemik Aletleri:Tekno-Tipolojik Analizler- Kayacan, Nurcan \/ Yontmata\u015f \u0130\u015f\u00e7ili\u011finde Bask\u0131 Tekni\u011fi ve Tan\u0131mlama Sorunlar\u0131- \u00c7ayl\u0131, P\u0131nar ve I\u015f\u0131l Demirta\u015f \/ G\u00fcvercinkayas\u0131\u2019nda \u00d6zel Konutlar: Depolama \u00dcnitelerinin Mimari D\u00fczen ve Sosyal Yap\u0131ya Etkileri- Balc\u0131, Semra \/ Tepecik-\u00c7iftlik H\u00f6y\u00fck\u2019te Obsidiyen Yongalama Alan\u0131- Ayd\u0131n, Yavuz \/ Karain Ma\u011faras\u0131 Ge\u00e7 Holesen D\u00f6nem Yontmata\u015f End\u00fcstrileri<\/p>\n","protected":false},"excerpt":{"rendered":"<p>\u0130\u00e7indekiler;- Erdo\u011fu, Bur\u00e7in \/ Bat\u0131 Anadolu\u2019nun Neolitik ile \u0130mtihan\u0131- Baysal, Emma I. ve Holly Miller \/ Teoride S\u00fcs E\u015fyalar\u0131: Arkeolojik Kontekstlerde Prehistorik Boncuklar\u0131n Yorumu- Mustafao\u011flu, G\u00f6khan<span class=\"excerpt-hellip\"> [\u2026]<\/span><\/p>\n","protected":false},"featured_media":0,"template":"","meta":{"_monsterinsights_skip_tracking":false,"_monsterinsights_sitenote_active":false,"_monsterinsights_sitenote_note":"","_monsterinsights_sitenote_category":0},"product_brand":[],"product_cat":[12370,12304],"product_tag":[],"class_list":{"0":"post-722009","1":"product","2":"type-product","3":"status-publish","5":"product_cat-arastirma-inceleme","6":"product_cat-tarih","7":"pa_cilt-ciltsiz","8":"pa_tur-kitap","9":"pa_yayinevi-bilgin-kultur-sanat","10":"pa_yazar-kolektif","12":"first","13":"instock","14":"sale","15":"shipping-taxable","16":"purchasable","17":"product-type-simple"},"_links":{"self":[{"href":"https:\/\/roveyayinevi.com.tr\/index.php\/wp-json\/wp\/v2\/product\/722009","targetHints":{"allow":["GET"]}}],"collection":[{"href":"https:\/\/roveyayinevi.com.tr\/index.php\/wp-json\/wp\/v2\/product"}],"about":[{"href":"https:\/\/roveyayinevi.com.tr\/index.php\/wp-json\/wp\/v2\/types\/product"}],"wp:attachment":[{"href":"https:\/\/roveyayinevi.com.tr\/index.php\/wp-json\/wp\/v2\/media?parent=722009"}],"wp:term":[{"taxonomy":"product_brand","embeddable":true,"href":"https:\/\/roveyayinevi.com.tr\/index.php\/wp-json\/wp\/v2\/product_brand?post=722009"},{"taxonomy":"product_cat","embeddable":true,"href":"https:\/\/roveyayinevi.com.tr\/index.php\/wp-json\/wp\/v2\/product_cat?post=722009"},{"taxonomy":"product_tag","embeddable":true,"href":"https:\/\/roveyayinevi.com.tr\/index.php\/wp-json\/wp\/v2\/product_tag?post=722009"}],"curies":[{"name":"wp","href":"https:\/\/api.w.org\/{rel}","templated":true}]}}