{"id":722008,"date":"2025-08-27T18:57:42","date_gmt":"2025-08-27T15:57:42","guid":{"rendered":"https:\/\/roveyayinevi.com.tr\/index.php\/urun\/anadolu-prehistorya-arastirmalari-3\/"},"modified":"2026-04-16T02:29:51","modified_gmt":"2026-04-15T23:29:51","slug":"anadolu-prehistorya-arastirmalari-3","status":"publish","type":"product","link":"https:\/\/roveyayinevi.com.tr\/index.php\/urun\/anadolu-prehistorya-arastirmalari-3\/","title":{"rendered":"Anadolu Prehistorya Ara\u015ft\u0131rmalar\u0131 &#8211; 3"},"content":{"rendered":"<p>\u0130\u00e7indekiler: &#8211; Adnan Baysal \/ Do\u011fu Anadolu Petroglifleri: Teknolojik, Kronolojik ve Sembolik De\u011ferlendirmeler &#8211; Berkay Din\u00e7er, Semra Balc\u0131 ve Emre G\u00fcldo\u011fan \/ \u0130stanbul \u0130li Y\u00fczey Ara\u015ft\u0131rmas\u0131 (\u0130stYA) Projesi Yontmata\u015f Buluntular\u0131 2013-2016- Mihriban \u00d6zba\u015faran \/ Ate\u015f Yakma Ara\u00e7lar\u0131 (M\u0131?) -\u015eafak Nergiz \/ Neolitik D\u00f6nem\u2019de Phallus Heykelcikleri: Mezraa-Teleilat &#8211; Ula\u015f T\u00f6re Sivrio\u011flu, Kemal Ba\u015f ve Nevin Ferhat \/ Marksist \u0130lkel Kom\u00fcnal Toplum Kuram\u0131nm Olu\u015fumu ve Ele\u015ftirisi <\/p>\n","protected":false},"excerpt":{"rendered":"<p>\u0130\u00e7indekiler: &#8211; Adnan Baysal \/ Do\u011fu Anadolu Petroglifleri: Teknolojik, Kronolojik ve Sembolik De\u011ferlendirmeler &#8211; Berkay Din\u00e7er, Semra Balc\u0131 ve Emre G\u00fcldo\u011fan \/ \u0130stanbul \u0130li Y\u00fczey Ara\u015ft\u0131rmas\u0131<span class=\"excerpt-hellip\"> [\u2026]<\/span><\/p>\n","protected":false},"featured_media":0,"template":"","meta":{"_monsterinsights_skip_tracking":false,"_monsterinsights_sitenote_active":false,"_monsterinsights_sitenote_note":"","_monsterinsights_sitenote_category":0},"product_brand":[],"product_cat":[52477,52478],"product_tag":[],"class_list":{"0":"post-722008","1":"product","2":"type-product","3":"status-publish","5":"product_cat-arastirma","6":"product_cat-arkeoloji","7":"pa_cilt-ciltsiz","8":"pa_tur-kitap","9":"pa_yayinevi-bilgin-kultur-sanat","10":"pa_yazar-kolektif","12":"first","13":"instock","14":"sale","15":"shipping-taxable","16":"purchasable","17":"product-type-simple"},"_links":{"self":[{"href":"https:\/\/roveyayinevi.com.tr\/index.php\/wp-json\/wp\/v2\/product\/722008","targetHints":{"allow":["GET"]}}],"collection":[{"href":"https:\/\/roveyayinevi.com.tr\/index.php\/wp-json\/wp\/v2\/product"}],"about":[{"href":"https:\/\/roveyayinevi.com.tr\/index.php\/wp-json\/wp\/v2\/types\/product"}],"wp:attachment":[{"href":"https:\/\/roveyayinevi.com.tr\/index.php\/wp-json\/wp\/v2\/media?parent=722008"}],"wp:term":[{"taxonomy":"product_brand","embeddable":true,"href":"https:\/\/roveyayinevi.com.tr\/index.php\/wp-json\/wp\/v2\/product_brand?post=722008"},{"taxonomy":"product_cat","embeddable":true,"href":"https:\/\/roveyayinevi.com.tr\/index.php\/wp-json\/wp\/v2\/product_cat?post=722008"},{"taxonomy":"product_tag","embeddable":true,"href":"https:\/\/roveyayinevi.com.tr\/index.php\/wp-json\/wp\/v2\/product_tag?post=722008"}],"curies":[{"name":"wp","href":"https:\/\/api.w.org\/{rel}","templated":true}]}}