{"id":722007,"date":"2025-08-27T18:57:42","date_gmt":"2025-08-27T15:57:42","guid":{"rendered":"https:\/\/roveyayinevi.com.tr\/index.php\/urun\/anadolu-prehistorya-arastirmalari-4\/"},"modified":"2026-04-16T02:29:50","modified_gmt":"2026-04-15T23:29:50","slug":"anadolu-prehistorya-arastirmalari-4","status":"publish","type":"product","link":"https:\/\/roveyayinevi.com.tr\/index.php\/urun\/anadolu-prehistorya-arastirmalari-4\/","title":{"rendered":"Anadolu Prehistorya Ara\u015ft\u0131rmalar\u0131 &#8211; 4"},"content":{"rendered":"<p>\u0130\u00e7indekiler- Cevdet Merih Erek  \/ Bir Yatay Plan Ma\u011fara Kaz\u0131s\u0131: Direkli Ma\u011faras\u0131 &#8211; Erksin G\u00fcle\u00e7 ve \u0130smail Baykara \/ Erken \u00dcst Paleolitik \u00dc\u00e7a\u011f\u0131zl\u0131 Ma\u011faras\u0131 Yerle\u015fimi &#8211; E\u015fref Erbil  \/ Sakarya \u0130li Paleoliti\u011fi &#8211; G\u00f6khan Mustafao\u011flu \/ Maddi K\u00fclt\u00fcr \u00c7al\u0131\u015fmalar\u0131 \u00c7er\u00e7evesinde: Nesneler, \u015eeyler, Akt\u00f6rler ve Ta\u015f\u0131n \u201c\u00d6tesini G\u00f6rmek\u201d \u00dczerine D\u00fc\u015f\u00fcnceler &#8211; Halil Tekin \/ Yukar\u0131 Mezopotamya\u2019n\u0131n \u0130lk \u00c7anak-\u00c7\u00f6mlekleri: Hasuna, Samarra ve Halaf Yeni Yorumlar ve Yeni Yakla\u015f\u0131mlar, B\u00f6l\u00fcm 2: Halaf &#8211; Sidar G\u00fcnd\u00fczalp \/ Yukar\u0131 Mezopotamya\u2019n\u0131n \u0130lk \u00c7anak \u00c7\u00f6mlek Grubunda Farkl\u0131 Bir Form: Kutular<\/p>\n","protected":false},"excerpt":{"rendered":"<p>\u0130\u00e7indekiler- Cevdet Merih Erek \/ Bir Yatay Plan Ma\u011fara Kaz\u0131s\u0131: Direkli Ma\u011faras\u0131 &#8211; Erksin G\u00fcle\u00e7 ve \u0130smail Baykara \/ Erken \u00dcst Paleolitik \u00dc\u00e7a\u011f\u0131zl\u0131 Ma\u011faras\u0131 Yerle\u015fimi &#8211;<span class=\"excerpt-hellip\"> [\u2026]<\/span><\/p>\n","protected":false},"featured_media":0,"template":"","meta":{"_monsterinsights_skip_tracking":false,"_monsterinsights_sitenote_active":false,"_monsterinsights_sitenote_note":"","_monsterinsights_sitenote_category":0},"product_brand":[],"product_cat":[52477,52478],"product_tag":[],"class_list":{"0":"post-722007","1":"product","2":"type-product","3":"status-publish","5":"product_cat-arastirma","6":"product_cat-arkeoloji","7":"pa_cilt-ciltsiz","8":"pa_tur-kitap","9":"pa_yayinevi-bilgin-kultur-sanat","10":"pa_yazar-kolektif","12":"first","13":"instock","14":"sale","15":"shipping-taxable","16":"purchasable","17":"product-type-simple"},"_links":{"self":[{"href":"https:\/\/roveyayinevi.com.tr\/index.php\/wp-json\/wp\/v2\/product\/722007","targetHints":{"allow":["GET"]}}],"collection":[{"href":"https:\/\/roveyayinevi.com.tr\/index.php\/wp-json\/wp\/v2\/product"}],"about":[{"href":"https:\/\/roveyayinevi.com.tr\/index.php\/wp-json\/wp\/v2\/types\/product"}],"wp:attachment":[{"href":"https:\/\/roveyayinevi.com.tr\/index.php\/wp-json\/wp\/v2\/media?parent=722007"}],"wp:term":[{"taxonomy":"product_brand","embeddable":true,"href":"https:\/\/roveyayinevi.com.tr\/index.php\/wp-json\/wp\/v2\/product_brand?post=722007"},{"taxonomy":"product_cat","embeddable":true,"href":"https:\/\/roveyayinevi.com.tr\/index.php\/wp-json\/wp\/v2\/product_cat?post=722007"},{"taxonomy":"product_tag","embeddable":true,"href":"https:\/\/roveyayinevi.com.tr\/index.php\/wp-json\/wp\/v2\/product_tag?post=722007"}],"curies":[{"name":"wp","href":"https:\/\/api.w.org\/{rel}","templated":true}]}}