{"id":722005,"date":"2025-08-27T18:57:40","date_gmt":"2025-08-27T15:57:40","guid":{"rendered":"https:\/\/roveyayinevi.com.tr\/index.php\/urun\/osmanlida-yasaklar\/"},"modified":"2026-04-16T02:29:50","modified_gmt":"2026-04-15T23:29:50","slug":"osmanlida-yasaklar","status":"publish","type":"product","link":"https:\/\/roveyayinevi.com.tr\/index.php\/urun\/osmanlida-yasaklar\/","title":{"rendered":"Osmanl\u0131&#8217;da Yasaklar"},"content":{"rendered":"<p>Yasaklar,d\u00fcnyaya gelmemizle ba\u015flar \u00f6l\u00fcm\u00fcm\u00fczle son bulur. Biraz d\u00fc\u015f\u00fcn\u00fcn ilk yasaklar\u0131m\u0131z\u0131:sobaya yakla\u015fma,misafir odas\u0131n\u0131 kar\u0131\u015ft\u0131rma,vazoya dikkat et\u2026Ard\u0131ndan okuldaki yasaklar,i\u015fteki yasaklar,\u015fer\u2019i yasaklar,orfi yasaklar\u2026 Peki ya Osmanl\u0131\u2019da? En \u00e7ok merak edilen ve maalesef karanl\u0131k kalm\u0131\u015f olan \u2018\u2019Osmanl\u0131\u2019da Yasaklar\u2019\u2019meselesi,bu kitapta ayd\u0131nlan\u0131yor. Belgelerle desteklenen bu kitap,bir taraf\u0131yla akademik olmakla birlikte di\u011fer akademik \u00e7al\u0131\u015fmalardan farkl\u0131 olarak ak\u0131c\u0131 ve herkes taraf\u0131ndan be\u011feniyle kar\u015f\u0131lanacak diliyle sizi Osmanl\u0131 d\u00f6neminde gezintiye \u00e7\u0131karacak. Kad\u0131nlara uygulanan k\u0131yafet ve d\u0131\u015far\u0131 \u00e7\u0131kma yasa\u011f\u0131,bas\u0131lmas\u0131 ve \u00fclkeye girmesi yasaklanan kitaplar,kitaplar,gayrim\u00fcslimlere uygulanan yasaklar,\u015fehzadelere uygulanan yasaklar ve di\u011ferleri\u2026 <\/p>\n","protected":false},"excerpt":{"rendered":"<p>Yasaklar,d\u00fcnyaya gelmemizle ba\u015flar \u00f6l\u00fcm\u00fcm\u00fczle son bulur. Biraz d\u00fc\u015f\u00fcn\u00fcn ilk yasaklar\u0131m\u0131z\u0131:sobaya yakla\u015fma,misafir odas\u0131n\u0131 kar\u0131\u015ft\u0131rma,vazoya dikkat et\u2026Ard\u0131ndan okuldaki yasaklar,i\u015fteki yasaklar,\u015fer\u2019i yasaklar,orfi yasaklar\u2026 Peki ya Osmanl\u0131\u2019da? En \u00e7ok merak<span class=\"excerpt-hellip\"> [\u2026]<\/span><\/p>\n","protected":false},"featured_media":0,"template":"","meta":{"_monsterinsights_skip_tracking":false,"_monsterinsights_sitenote_active":false,"_monsterinsights_sitenote_note":"","_monsterinsights_sitenote_category":0},"product_brand":[],"product_cat":[13517,12304],"product_tag":[],"class_list":{"0":"post-722005","1":"product","2":"type-product","3":"status-publish","5":"product_cat-osmanli-tarihi","6":"product_cat-tarih","7":"pa_cilt-ciltsiz","8":"pa_tur-kitap","9":"pa_yayinevi-cinaralti-yayinlari","10":"pa_yazar-nermin-taylan","12":"first","13":"instock","14":"sale","15":"shipping-taxable","16":"purchasable","17":"product-type-simple"},"_links":{"self":[{"href":"https:\/\/roveyayinevi.com.tr\/index.php\/wp-json\/wp\/v2\/product\/722005","targetHints":{"allow":["GET"]}}],"collection":[{"href":"https:\/\/roveyayinevi.com.tr\/index.php\/wp-json\/wp\/v2\/product"}],"about":[{"href":"https:\/\/roveyayinevi.com.tr\/index.php\/wp-json\/wp\/v2\/types\/product"}],"wp:attachment":[{"href":"https:\/\/roveyayinevi.com.tr\/index.php\/wp-json\/wp\/v2\/media?parent=722005"}],"wp:term":[{"taxonomy":"product_brand","embeddable":true,"href":"https:\/\/roveyayinevi.com.tr\/index.php\/wp-json\/wp\/v2\/product_brand?post=722005"},{"taxonomy":"product_cat","embeddable":true,"href":"https:\/\/roveyayinevi.com.tr\/index.php\/wp-json\/wp\/v2\/product_cat?post=722005"},{"taxonomy":"product_tag","embeddable":true,"href":"https:\/\/roveyayinevi.com.tr\/index.php\/wp-json\/wp\/v2\/product_tag?post=722005"}],"curies":[{"name":"wp","href":"https:\/\/api.w.org\/{rel}","templated":true}]}}