{"id":722002,"date":"2025-08-27T18:57:38","date_gmt":"2025-08-27T15:57:38","guid":{"rendered":"https:\/\/roveyayinevi.com.tr\/index.php\/urun\/kirik-vazo\/"},"modified":"2026-04-16T02:29:50","modified_gmt":"2026-04-15T23:29:50","slug":"kirik-vazo","status":"publish","type":"product","link":"https:\/\/roveyayinevi.com.tr\/index.php\/urun\/kirik-vazo\/","title":{"rendered":"K\u0131r\u0131k Vazo"},"content":{"rendered":"<p>\u201c\u2026sevildi\u011fimi anlad\u0131\u011f\u0131m zamanlarda y\u00fcz\u00fcmde a\u00e7an \u00e7i\u00e7ekleri bug\u00fcne kadar kimse g\u00f6rmedi. \u00c7\u00fcnk\u00fc beni ger\u00e7ekten seven bir insana hi\u00e7 denk gelmedim. Sevilmedi\u011fimi anlad\u0131\u011f\u0131m bir yerde durmakta \u0131srar edince de b\u00f6yle hayal k\u0131r\u0131klar\u0131yla dolu bir hayat\u0131m oldu. Bir \u00e7i\u00e7ek dahi g\u00fcne\u015fi g\u00f6rmedi\u011fi yerde kuruyarak \u00f6l\u00fcrken, ben \u0131srarla perdeleri kapal\u0131 karanl\u0131k bir odan\u0131n i\u00e7erisinde g\u00fcne\u015fin do\u011fmas\u0131n\u0131 bekledim. Ta ki biri gelip beni t\u00fcm kalbiyle sevinceye kadar\u2026 * * * Gen\u00e7 ya\u015fta Alzheimer hastal\u0131\u011f\u0131na yakalanan bir mahk\u00fbmun, sevdi\u011fi kad\u0131n\u0131 unutmamas\u0131 i\u00e7in verdi\u011fi sava\u015f ve ona en b\u00fcy\u00fck hayalini ger\u00e7ekle\u015ftirebilmesi i\u00e7in yard\u0131m eden \u00fc\u00e7 muhte\u015fem dostun ger\u00e7ek hayat hik\u00e2yesi. U\u011fur Babat\u2019\u0131n kendi \u00f6zg\u00fc \u00fcslubuyla kaleme ald\u0131\u011f\u0131 bu hayat hik\u00e2yesinde, ba\u015far\u0131ya ula\u015fabilmemiz i\u00e7in bug\u00fcne kadar iddia edilenin aksine bir\u00e7ok farkl\u0131 yolun daha oldu\u011funu g\u00f6steriyor.  \u00dcstelik \u201cK\u0131r\u0131k Vazo\u201d bunu yaparken de edebiyat\u0131 kullanarak bizi \u00e7ok farkl\u0131 bir d\u00fcnyaya g\u00f6t\u00fcr\u00fcyor. A\u015fk, bilgi ve dostluk ba\u011flar\u0131 bug\u00fcne kadar hi\u00e7 bu y\u00f6n\u00fcyle kaleme al\u0131nmam\u0131\u015ft\u0131.<\/p>\n","protected":false},"excerpt":{"rendered":"<p>\u201c\u2026sevildi\u011fimi anlad\u0131\u011f\u0131m zamanlarda y\u00fcz\u00fcmde a\u00e7an \u00e7i\u00e7ekleri bug\u00fcne kadar kimse g\u00f6rmedi. \u00c7\u00fcnk\u00fc beni ger\u00e7ekten seven bir insana hi\u00e7 denk gelmedim. Sevilmedi\u011fimi anlad\u0131\u011f\u0131m bir yerde durmakta \u0131srar edince<span class=\"excerpt-hellip\"> [\u2026]<\/span><\/p>\n","protected":false},"featured_media":0,"template":"","meta":{"_monsterinsights_skip_tracking":false,"_monsterinsights_sitenote_active":false,"_monsterinsights_sitenote_note":"","_monsterinsights_sitenote_category":0},"product_brand":[],"product_cat":[12291,12711],"product_tag":[],"class_list":{"0":"post-722002","1":"product","2":"type-product","3":"status-publish","5":"product_cat-edebiyat","6":"product_cat-roman-oyku","7":"pa_cilt-ciltsiz","8":"pa_tur-kitap","9":"pa_yayinevi-cinaralti-yayinlari","10":"pa_yazar-ugur-babat","12":"first","13":"instock","14":"sale","15":"shipping-taxable","16":"purchasable","17":"product-type-simple"},"_links":{"self":[{"href":"https:\/\/roveyayinevi.com.tr\/index.php\/wp-json\/wp\/v2\/product\/722002","targetHints":{"allow":["GET"]}}],"collection":[{"href":"https:\/\/roveyayinevi.com.tr\/index.php\/wp-json\/wp\/v2\/product"}],"about":[{"href":"https:\/\/roveyayinevi.com.tr\/index.php\/wp-json\/wp\/v2\/types\/product"}],"wp:attachment":[{"href":"https:\/\/roveyayinevi.com.tr\/index.php\/wp-json\/wp\/v2\/media?parent=722002"}],"wp:term":[{"taxonomy":"product_brand","embeddable":true,"href":"https:\/\/roveyayinevi.com.tr\/index.php\/wp-json\/wp\/v2\/product_brand?post=722002"},{"taxonomy":"product_cat","embeddable":true,"href":"https:\/\/roveyayinevi.com.tr\/index.php\/wp-json\/wp\/v2\/product_cat?post=722002"},{"taxonomy":"product_tag","embeddable":true,"href":"https:\/\/roveyayinevi.com.tr\/index.php\/wp-json\/wp\/v2\/product_tag?post=722002"}],"curies":[{"name":"wp","href":"https:\/\/api.w.org\/{rel}","templated":true}]}}