{"id":722001,"date":"2025-08-27T18:57:37","date_gmt":"2025-08-27T15:57:37","guid":{"rendered":"https:\/\/roveyayinevi.com.tr\/index.php\/urun\/damizlik-kizin-oykusu\/"},"modified":"2026-04-07T02:38:22","modified_gmt":"2026-04-06T23:38:22","slug":"damizlik-kizin-oykusu","status":"publish","type":"product","link":"https:\/\/roveyayinevi.com.tr\/index.php\/urun\/damizlik-kizin-oykusu\/","title":{"rendered":"Dam\u0131zl\u0131k K\u0131z\u0131n \u00d6yk\u00fcs\u00fc"},"content":{"rendered":"<p>Hi\u00e7 kimsenin y\u00fcre\u011fi m\u00fckemmel de\u011fildir.\u201cBiz iki bacakl\u0131 rahimleriz, hepsi bu.\u201dKad\u0131n, \u201cbunalt\u0131c\u0131 d\u00fc\u015flerden uyand\u0131\u011f\u0131\u201d bir sabah, hi\u00e7li\u011fe d\u00f6n\u00fc\u015fm\u00fc\u015f olarak buldu kendini. Art\u0131k bir ad\u0131 yoktu, d\u00fc\u015f\u00fcncesi, benli\u011fi, arzusu yoktu ama bir rahmi vard\u0131. Ya\u015fam\u0131n\u0131 kolonilere s\u00fcr\u00fclmeden, \u00f6ld\u00fcr\u00fclmeden, Dam\u0131zl\u0131k K\u0131z olarak s\u00fcrd\u00fcrmesini sa\u011flayan rahmi. Art\u0131k \u00e2\u015f\u0131k olmayacakt\u0131, sevmeyecekti, onaylanm\u0131\u015f bir dilin \u00f6tesine ge\u00e7meyecekti. Duvarlara as\u0131lm\u0131\u015f s\u0131ra s\u0131ra cesetler, tek ger\u00e7e\u011fin sava\u015f ve \u00fcreme oldu\u011funu hat\u0131rlat\u0131yordu. \u00d6zg\u00fcrl\u00fck hat\u0131rlanmayacak kadar uzaktayd\u0131\u2026Margaret Atwood\u2019un ba\u015fyap\u0131t niteli\u011findeki feminist distopyas\u0131 Dam\u0131zl\u0131k K\u0131z\u0131n \u00d6yk\u00fcs\u00fc, b\u00fct\u00fcn distopyalar gibi gelece\u011fe dair bir paranoyay\u0131 de\u011fil, i\u00e7inde ya\u015fad\u0131\u011f\u0131m\u0131z ger\u00e7e\u011fin ta kendisini dile getiriyor. Erkek egemen muhafazak\u00e2r bir rejimin \u00fcremeyle s\u0131n\u0131rland\u0131rd\u0131\u011f\u0131, mahrem \u00f6rt\u00fclerin  ard\u0131na gizledi\u011fi kad\u0131n bedenleriyle bize a\u015fina gelen bir ger\u00e7e\u011fin.Anlat\u0131lan bizim hikayemizdir!<\/p>\n","protected":false},"excerpt":{"rendered":"<p>Hi\u00e7 kimsenin y\u00fcre\u011fi m\u00fckemmel de\u011fildir.\u201cBiz iki bacakl\u0131 rahimleriz, hepsi bu.\u201dKad\u0131n, \u201cbunalt\u0131c\u0131 d\u00fc\u015flerden uyand\u0131\u011f\u0131\u201d bir sabah, hi\u00e7li\u011fe d\u00f6n\u00fc\u015fm\u00fc\u015f olarak buldu kendini. Art\u0131k bir ad\u0131 yoktu, d\u00fc\u015f\u00fcncesi, benli\u011fi,<span class=\"excerpt-hellip\"> [\u2026]<\/span><\/p>\n","protected":false},"featured_media":0,"template":"","meta":{"_monsterinsights_skip_tracking":false,"_monsterinsights_sitenote_active":false,"_monsterinsights_sitenote_note":"","_monsterinsights_sitenote_category":0},"product_brand":[],"product_cat":[12291,12711],"product_tag":[],"class_list":{"0":"post-722001","1":"product","2":"type-product","3":"status-publish","5":"product_cat-edebiyat","6":"product_cat-roman-oyku","7":"pa_cilt-ciltsiz","8":"pa_tur-kitap","9":"pa_yayinevi-dogan-kitap","10":"pa_yazar-margaret-atwood","12":"first","13":"instock","14":"sale","15":"shipping-taxable","16":"purchasable","17":"product-type-simple"},"_links":{"self":[{"href":"https:\/\/roveyayinevi.com.tr\/index.php\/wp-json\/wp\/v2\/product\/722001","targetHints":{"allow":["GET"]}}],"collection":[{"href":"https:\/\/roveyayinevi.com.tr\/index.php\/wp-json\/wp\/v2\/product"}],"about":[{"href":"https:\/\/roveyayinevi.com.tr\/index.php\/wp-json\/wp\/v2\/types\/product"}],"wp:attachment":[{"href":"https:\/\/roveyayinevi.com.tr\/index.php\/wp-json\/wp\/v2\/media?parent=722001"}],"wp:term":[{"taxonomy":"product_brand","embeddable":true,"href":"https:\/\/roveyayinevi.com.tr\/index.php\/wp-json\/wp\/v2\/product_brand?post=722001"},{"taxonomy":"product_cat","embeddable":true,"href":"https:\/\/roveyayinevi.com.tr\/index.php\/wp-json\/wp\/v2\/product_cat?post=722001"},{"taxonomy":"product_tag","embeddable":true,"href":"https:\/\/roveyayinevi.com.tr\/index.php\/wp-json\/wp\/v2\/product_tag?post=722001"}],"curies":[{"name":"wp","href":"https:\/\/api.w.org\/{rel}","templated":true}]}}