{"id":722000,"date":"2025-08-27T18:57:36","date_gmt":"2025-08-27T15:57:36","guid":{"rendered":"https:\/\/roveyayinevi.com.tr\/index.php\/urun\/seleucia-sayi-ix-nisan-mayis-2019\/"},"modified":"2026-04-16T02:29:50","modified_gmt":"2026-04-15T23:29:50","slug":"seleucia-sayi-ix-nisan-mayis-2019","status":"publish","type":"product","link":"https:\/\/roveyayinevi.com.tr\/index.php\/urun\/seleucia-sayi-ix-nisan-mayis-2019\/","title":{"rendered":"Seleucia &#8211;  Say\u0131 IX \/ Nisan &#8211; May\u0131s 2019"},"content":{"rendered":"<p>&#8211; Murat \u00d6zy\u0131ld\u0131r\u0131m &#8211; Yavuz Ye\u011fin \/ Olba Manast\u0131r\u0131 2018 Y\u0131l\u0131 Kaz\u0131 \u00c7al\u0131\u015fmalar\u0131 ve Sonu\u00e7lar\u0131 \/ Archaeological Excavations of Olha Monastery in 2018 and Their Results- Ceren \u00dcnal \/ Bizans Sikke \u0130konografisinde Hetoimasia Betimi: Kad\u0131kalesi \/ Anaia Kaz\u0131s\u0131 Buluntusu Dokuz Adet Bak\u0131r Trakhea \/ The Depiction Of Hetoimasia In Byzantine Coin Iconography: Nine Copper Trachea From Kad\u0131kalesi \/ Anaia Excavation- Emel Erten &#8211; Emine Akku\u015f Ko\u00e7ak \/ Olba Kaz\u0131lar\u0131ndan Hellenistik D\u00f6nem Cam Kaseleri \/ Hellenistic Glass Bowlsfrom Olha Excavations- Mustafa H. Sayar \/ Roma \u0130mparatorluk D\u00f6neminde Olba Arazisine Yerle\u015ftirilen Emekli Askerler \/ Veterans in the Territory of Olba in the Roman Imperial PeriodDiane Favro \/ K\u00f6pr\u00fcn\u00fcn \u00d6teki Ucu: Roma K\u00f6pr\u00fc Teknolojisine Do\u011fulu Bak\u0131\u015f A\u00e7\u0131s\u0131 \/ The Far Side of the Bridge: Eastern Perspectives on Roman Bridge Technology- B\u00fclent \u0130\u015fler \/ Orta Likya B\u00f6lgesinde G\u00f6yn\u00fck K\u00f6te Mevkii\u2019nde Bulunan Bizans Yerle\u015fimi \/ The Byzantine Settlement in the Village of G\u00f6yn\u00fck-K\u00f6te in the Central Lycian Region- Ercan A\u015fk\u0131n &#8211; Mehmet Kurt \/ Antik D\u00f6nemde Karada\u011f (Boratinon Oros) ve \u00c7evresinde Tar\u0131msal \u00dcretim \/ Agricultural Production in Karada\u011f (Boratinon Oros) and its Surroundings in Antiquity- Bar\u0131\u015f G\u00fcr \/ Hitit ve Miken Ticari \u0130li\u015fkileri Sorunsal\u0131n\u0131n Arz ve Talep Dengeleri \u00dczerinden Bir De\u011ferlendirmesi \/ An Assessment of the Hittite and Mycenaean Commercial Relations Issue through Supply and Demand Balances- Deniz Kaplan &#8211; Recep S. Ta\u015fk\u0131ran \/ Olba Kaya An\u0131tlar\u0131nda Mimari Cephe Tasar\u0131mlar\u0131 \/ Architectural Facade Designs in Olba Rock Monuments- S. Y\u00fccel \u015eenyurt &#8211; Atakan Ak\u00e7ay &#8211; Seda Kara \/ Ali\u015far-4 Seramik Gelene\u011fi \u0130\u00e7erisinde Ova\u00f6ren Demir \u00c7a\u011f\u0131 Geyik Fig\u00fcrl\u00fc Seramikleri \/ Ova\u00f6ren Iron Age Deer Figured Ceramics in the Ali\u015far-4 Pottery Tradition- Hatice K\u00f6rsulu \/ Isauria B\u00f6lgesindeki Philadelphia (Ermenek- G\u00f6k\u00e7eseki) Antik Kentinden Kur\u015fun S\u0131rl\u0131 Seramikler \/ Lead-Glazed Pottery from the Ancient City of Philadelphia (Ermenek-G\u00f6k\u00e7eseki) in the Isauria Region- Zeynep \u00c7akmak\u00e7\u0131 \/ Ge\u00e7 Roma-Erken Bizans D\u00f6nemi Cam \u00dcretiminde Konik Kaplar ve \u00d6demi\u015f M\u00fczesi\u2019nden Bir \u00d6rnek \/ Conical Vessels in Late Roman &#8211; Early Byzantine Glass Production and a Samplefrom \u00d6demi\u015f Museum- Sami Pataci \/ Antik D\u00f6nem Anadolu Mozaiklerinde Dalga ve Giyo\u015f Motifli Bord\u00fcr Tasar\u0131mlar\u0131 \/ Wave Patterns and Guilloches in the border designs of Antique Anatolian Mosaics- Mehmet Fatih Yavuz \/ IG I.3 61, Byzantion ve Odrys Krall\u0131\u011f\u0131 \/ IG I3 61, Byzantion and the Odrysian Kingdom- Vedat Kele\u015f &#8211; Kas\u0131m Oyar\u00e7in \/ Anonymous Folles Found in Parion Excavations \/ Parion Kaz\u0131lar\u0131nda Bulunan Anonim Follisler- Ibrahim Ethem Ko\u00e7ak \/ Magnesia ile Ephesos Aras\u0131ndaki Antik Yol \/ The Ancient Road Between Magnesia and Ephesos- \u015eebnem Ersin \/ Erken H\u0131ristiyan Sanat\u0131nda Ekmek ve Bal\u0131klar\u0131n \u00c7o\u011falt\u0131lmas\u0131 Mucizesinin ikonografisi (III &#8211; VI. y\u00fczy\u0131l) \/ The Iconography of the Miraculous Multiplication of the Loaves and Fishes In Early Christian Art (III. &#8211; VI. century)- Ok\u015fan Ba\u015fo\u011flu &#8211; P\u0131nar G\u00f6zl\u00fck K\u0131rm\u0131z\u0131o\u011flu &#8211; Tuna Ak\u00e7ay \/ Olba 2018 \u0130skelet Buluntular\u0131n\u0131n Antropolojik ve Arkeolojik De\u011ferlendirmesi \/ The Anthropological and Archaeological Interpretation of the Skeleton Finds of Olba 2018 Excavations<\/p>\n","protected":false},"excerpt":{"rendered":"<p>&#8211; Murat \u00d6zy\u0131ld\u0131r\u0131m &#8211; Yavuz Ye\u011fin \/ Olba Manast\u0131r\u0131 2018 Y\u0131l\u0131 Kaz\u0131 \u00c7al\u0131\u015fmalar\u0131 ve Sonu\u00e7lar\u0131 \/ Archaeological Excavations of Olha Monastery in 2018 and Their Results-<span class=\"excerpt-hellip\"> [\u2026]<\/span><\/p>\n","protected":false},"featured_media":0,"template":"","meta":{"_monsterinsights_skip_tracking":false,"_monsterinsights_sitenote_active":false,"_monsterinsights_sitenote_note":"","_monsterinsights_sitenote_category":0},"product_brand":[],"product_cat":[52477,52478],"product_tag":[],"class_list":{"0":"post-722000","1":"product","2":"type-product","3":"status-publish","5":"product_cat-arastirma","6":"product_cat-arkeoloji","7":"pa_cilt-ciltsiz","8":"pa_tur-kitap","9":"pa_yayinevi-bilgin-kultur-sanat","10":"pa_yazar-kolektif","12":"first","13":"instock","14":"sale","15":"shipping-taxable","16":"purchasable","17":"product-type-simple"},"_links":{"self":[{"href":"https:\/\/roveyayinevi.com.tr\/index.php\/wp-json\/wp\/v2\/product\/722000","targetHints":{"allow":["GET"]}}],"collection":[{"href":"https:\/\/roveyayinevi.com.tr\/index.php\/wp-json\/wp\/v2\/product"}],"about":[{"href":"https:\/\/roveyayinevi.com.tr\/index.php\/wp-json\/wp\/v2\/types\/product"}],"wp:attachment":[{"href":"https:\/\/roveyayinevi.com.tr\/index.php\/wp-json\/wp\/v2\/media?parent=722000"}],"wp:term":[{"taxonomy":"product_brand","embeddable":true,"href":"https:\/\/roveyayinevi.com.tr\/index.php\/wp-json\/wp\/v2\/product_brand?post=722000"},{"taxonomy":"product_cat","embeddable":true,"href":"https:\/\/roveyayinevi.com.tr\/index.php\/wp-json\/wp\/v2\/product_cat?post=722000"},{"taxonomy":"product_tag","embeddable":true,"href":"https:\/\/roveyayinevi.com.tr\/index.php\/wp-json\/wp\/v2\/product_tag?post=722000"}],"curies":[{"name":"wp","href":"https:\/\/api.w.org\/{rel}","templated":true}]}}