{"id":721999,"date":"2025-08-27T18:57:36","date_gmt":"2025-08-27T15:57:36","guid":{"rendered":"https:\/\/roveyayinevi.com.tr\/index.php\/urun\/coldeki-hilal\/"},"modified":"2026-04-16T02:29:50","modified_gmt":"2026-04-15T23:29:50","slug":"coldeki-hilal","status":"publish","type":"product","link":"https:\/\/roveyayinevi.com.tr\/index.php\/urun\/coldeki-hilal\/","title":{"rendered":"\u00c7\u00f6ldeki Hilal"},"content":{"rendered":"<p>\u201cT\u00fcrk\u2019\u00fcm diyen her \u015fehir, her kasaba ve en k\u00fc\u00e7\u00fck T\u00fcrk k\u00f6y\u00fc, Gazianteplileri kahramanl\u0131k misali olarak alabilirler.\u201dMustafa Kemal Atat\u00fcrk \/ 25 Aral\u0131k 1936Romandaki olaylar, 1918-1939 y\u0131llar\u0131 aras\u0131nda ge\u00e7mektedir. Filistin Cephesi\u2019nde esir d\u00fc\u015fen bir askerin, Antep Savunmas\u0131na kadar s\u00fcren macera dolu hayat \u00f6yk\u00fcs\u00fc dile getirilirken \u0130ngilizlerin kurdu\u011fu Osmanl\u0131 esir kamplar\u0131nda ya\u015fan\u0131lm\u0131\u015f ger\u00e7ekliklere \u0131\u015f\u0131k tutulmaktad\u0131r. M\u0131s\u0131r\u2019\u0131n \u0130skenderiye \u015fehrine yak\u0131n kurulmu\u015f, \u00e7\u00f6l\u00fcn ortas\u0131ndaki Seydibe\u015fir Esir Kamp\u0131\u2019n\u0131n ac\u0131larla dolu ya\u015fam\u0131n\u0131, kurgusal bir boyutta tekrar hat\u0131rlatmak amac\u0131yla yaz\u0131lan bu roman, heyecan dolu ser\u00fcveniyle sizi ge\u00e7mi\u015fe g\u00f6t\u00fcrecektir.<\/p>\n","protected":false},"excerpt":{"rendered":"<p>\u201cT\u00fcrk\u2019\u00fcm diyen her \u015fehir, her kasaba ve en k\u00fc\u00e7\u00fck T\u00fcrk k\u00f6y\u00fc, Gazianteplileri kahramanl\u0131k misali olarak alabilirler.\u201dMustafa Kemal Atat\u00fcrk \/ 25 Aral\u0131k 1936Romandaki olaylar, 1918-1939 y\u0131llar\u0131 aras\u0131nda<span class=\"excerpt-hellip\"> [\u2026]<\/span><\/p>\n","protected":false},"featured_media":0,"template":"","meta":{"_monsterinsights_skip_tracking":false,"_monsterinsights_sitenote_active":false,"_monsterinsights_sitenote_note":"","_monsterinsights_sitenote_category":0},"product_brand":[],"product_cat":[12291,12745],"product_tag":[],"class_list":{"0":"post-721999","1":"product","2":"type-product","3":"status-publish","5":"product_cat-edebiyat","6":"product_cat-tarihi-roman","7":"pa_cilt-ciltsiz","8":"pa_tur-kitap","9":"pa_yayinevi-vaveyla-yayincilik","10":"pa_yazar-zeki-marakoglu","12":"first","13":"instock","14":"sale","15":"shipping-taxable","16":"purchasable","17":"product-type-simple"},"_links":{"self":[{"href":"https:\/\/roveyayinevi.com.tr\/index.php\/wp-json\/wp\/v2\/product\/721999","targetHints":{"allow":["GET"]}}],"collection":[{"href":"https:\/\/roveyayinevi.com.tr\/index.php\/wp-json\/wp\/v2\/product"}],"about":[{"href":"https:\/\/roveyayinevi.com.tr\/index.php\/wp-json\/wp\/v2\/types\/product"}],"wp:attachment":[{"href":"https:\/\/roveyayinevi.com.tr\/index.php\/wp-json\/wp\/v2\/media?parent=721999"}],"wp:term":[{"taxonomy":"product_brand","embeddable":true,"href":"https:\/\/roveyayinevi.com.tr\/index.php\/wp-json\/wp\/v2\/product_brand?post=721999"},{"taxonomy":"product_cat","embeddable":true,"href":"https:\/\/roveyayinevi.com.tr\/index.php\/wp-json\/wp\/v2\/product_cat?post=721999"},{"taxonomy":"product_tag","embeddable":true,"href":"https:\/\/roveyayinevi.com.tr\/index.php\/wp-json\/wp\/v2\/product_tag?post=721999"}],"curies":[{"name":"wp","href":"https:\/\/api.w.org\/{rel}","templated":true}]}}