{"id":721998,"date":"2025-08-27T18:57:35","date_gmt":"2025-08-27T15:57:35","guid":{"rendered":"https:\/\/roveyayinevi.com.tr\/index.php\/urun\/evvel-zaman-icinde-bir-kar-firtinasindai\/"},"modified":"2026-04-16T02:29:50","modified_gmt":"2026-04-15T23:29:50","slug":"evvel-zaman-icinde-bir-kar-firtinasindai","status":"publish","type":"product","link":"https:\/\/roveyayinevi.com.tr\/index.php\/urun\/evvel-zaman-icinde-bir-kar-firtinasindai\/","title":{"rendered":"Evvel Zaman \u0130\u00e7inde Bir Kar F\u0131rt\u0131nas\u0131ndai"},"content":{"rendered":"<p>\u0130ll\u00fcstrat\u00f6r Richard Johnson&#8217;\u0131n b\u00fcy\u00fcleyici resimleriyle s\u00fcsledi\u011fi bu s\u00f6zs\u00fcz kitapta hik\u00e2yeyi \u00e7ocuklar\u0131n kendisi hayal ediyor. \u201cM\u00fcthi\u015f\u2026 R\u00fcya gibi ill\u00fcstrasyonlar ayaklar\u0131m\u0131 yerden kesip beni olduk\u00e7a inan\u0131lmaz, g\u00f6rsel olarak b\u00fcy\u00fcleyici bir yolculu\u011fa \u00e7\u0131kard\u0131. Tek bir hareketle bu g\u00fczel s\u00f6zs\u00fcz kitap kalbimi \u00e7ald\u0131.\u201dDavid Litchfield \u201cB\u00fcy\u00fcleyici ve nefes kesici.\u201dLevi Pinfold \u201c\u00c7ok g\u00fczel. Sihirle s\u00fcslenmi\u015f s\u0131cac\u0131k bir hik\u00e2ye.\u201dPolly Dunbar \u201c\u00c7ok ho\u015f, ormanla k\u0131\u015f manzaras\u0131n\u0131n narin ve g\u00fczel g\u00f6rselleri.\u201dTomislav Tomic \u201cB\u00fcy\u00fcl\u00fc.\u201dSarah McIntyre \u201cHem samimi hem de masals\u0131 duygular uyand\u0131r\u0131yor\u2026 ve de ger\u00e7eklikle bir \u00e7ocu\u011fun hayal g\u00fcc\u00fcn\u00fcn tabiat\u0131n\u0131n bir araya geldi\u011fi bir d\u00fcnya\u2026 Bu, bize her zaman kelimelere ihtiyac\u0131m\u0131z olmad\u0131\u011f\u0131n\u0131 hat\u0131rlatan bir kitap.\u201dOlivia Lomenech Gill<\/p>\n","protected":false},"excerpt":{"rendered":"<p>\u0130ll\u00fcstrat\u00f6r Richard Johnson&#8217;\u0131n b\u00fcy\u00fcleyici resimleriyle s\u00fcsledi\u011fi bu s\u00f6zs\u00fcz kitapta hik\u00e2yeyi \u00e7ocuklar\u0131n kendisi hayal ediyor. \u201cM\u00fcthi\u015f\u2026 R\u00fcya gibi ill\u00fcstrasyonlar ayaklar\u0131m\u0131 yerden kesip beni olduk\u00e7a inan\u0131lmaz, g\u00f6rsel olarak<span class=\"excerpt-hellip\"> [\u2026]<\/span><\/p>\n","protected":false},"featured_media":0,"template":"","meta":{"_monsterinsights_skip_tracking":false,"_monsterinsights_sitenote_active":false,"_monsterinsights_sitenote_note":"","_monsterinsights_sitenote_category":0},"product_brand":[],"product_cat":[12913,12274],"product_tag":[],"class_list":{"0":"post-721998","1":"product","2":"type-product","3":"status-publish","5":"product_cat-3-6-yas-kitaplari","6":"product_cat-cocuk-ve-genclik-kitaplari","7":"pa_cilt-ciltsiz","8":"pa_tur-kitap","9":"pa_yayinevi-bilgi-yayinevi","10":"pa_yazar-richard-johnson","12":"first","13":"instock","14":"sale","15":"shipping-taxable","16":"purchasable","17":"product-type-simple"},"_links":{"self":[{"href":"https:\/\/roveyayinevi.com.tr\/index.php\/wp-json\/wp\/v2\/product\/721998","targetHints":{"allow":["GET"]}}],"collection":[{"href":"https:\/\/roveyayinevi.com.tr\/index.php\/wp-json\/wp\/v2\/product"}],"about":[{"href":"https:\/\/roveyayinevi.com.tr\/index.php\/wp-json\/wp\/v2\/types\/product"}],"wp:attachment":[{"href":"https:\/\/roveyayinevi.com.tr\/index.php\/wp-json\/wp\/v2\/media?parent=721998"}],"wp:term":[{"taxonomy":"product_brand","embeddable":true,"href":"https:\/\/roveyayinevi.com.tr\/index.php\/wp-json\/wp\/v2\/product_brand?post=721998"},{"taxonomy":"product_cat","embeddable":true,"href":"https:\/\/roveyayinevi.com.tr\/index.php\/wp-json\/wp\/v2\/product_cat?post=721998"},{"taxonomy":"product_tag","embeddable":true,"href":"https:\/\/roveyayinevi.com.tr\/index.php\/wp-json\/wp\/v2\/product_tag?post=721998"}],"curies":[{"name":"wp","href":"https:\/\/api.w.org\/{rel}","templated":true}]}}