{"id":721997,"date":"2025-08-27T18:57:34","date_gmt":"2025-08-27T15:57:34","guid":{"rendered":"https:\/\/roveyayinevi.com.tr\/index.php\/urun\/bizim-deniz-oyunbaz-yadigar\/"},"modified":"2026-03-12T02:38:55","modified_gmt":"2026-03-11T23:38:55","slug":"bizim-deniz-oyunbaz-yadigar","status":"publish","type":"product","link":"https:\/\/roveyayinevi.com.tr\/index.php\/urun\/bizim-deniz-oyunbaz-yadigar\/","title":{"rendered":"Bizim Deniz &#8211; Oyunbaz Yadigar"},"content":{"rendered":"<p>&#8220;Evimizi de\u011fi\u015ftirece\u011fimizi biliyorduk ama bu kadar yak\u0131n zamanda olaca\u011f\u0131 akl\u0131m\u0131za gelmemi\u015fti. Art\u0131k  bah\u00e7eli bir evde ya\u015fayacakt\u0131k&#8230;K\u00f6pe\u011fimiz Siyah&#8217;\u0131n bizimle ya\u015famas\u0131 i\u00e7im day\u0131m\u0131n onu kabul etmesi gerkiyordu. Day\u0131m\u0131n Yadigar ad\u0131nda bir kedisi vard\u0131 ve o ba\u015f\u0131na buyruk, \u00f6zg\u00fcr bir kediydi&#8230;Yadigar b\u00fct\u00fcn bu bah\u00e7enin i\u00e7inde, buralar bana ait y\u00fcr\u00fcy\u00fc\u015f\u00fc tavr\u0131 yap\u0131nca birden Siyah geldi akl\u0131ma. Ya bu kedi Siyah&#8217;\u0131n burada ya\u015famas\u0131na izin vermezse?\u00d6nde yadigar arkas\u0131nda Siyah ve onlar\u0131n arkas\u0131nda bizim Can&#8217;\u0131 g\u00f6rd\u00fcm. Yadigar hemen kiraz a\u011fac\u0131na t\u0131rmand\u0131 ve Siyah&#8217;\u0131n ona ula\u015fmas\u0131na engel olmu\u015ftu&#8230;Siyah&#8217;la Yadigar ilk kavgalar\u0131n\u0131 yapm\u0131\u015flard\u0131 ama bu son olur muydu bilmiyorum&#8230;K\u00f6pekler, kediler, di\u011fer hayvanlar ve insanlar acaba kavga etmeden birlikte ya\u015fayabilirler mi?<\/p>\n","protected":false},"excerpt":{"rendered":"<p>&#8220;Evimizi de\u011fi\u015ftirece\u011fimizi biliyorduk ama bu kadar yak\u0131n zamanda olaca\u011f\u0131 akl\u0131m\u0131za gelmemi\u015fti. Art\u0131k bah\u00e7eli bir evde ya\u015fayacakt\u0131k&#8230;K\u00f6pe\u011fimiz Siyah&#8217;\u0131n bizimle ya\u015famas\u0131 i\u00e7im day\u0131m\u0131n onu kabul etmesi gerkiyordu. Day\u0131m\u0131n<span class=\"excerpt-hellip\"> [\u2026]<\/span><\/p>\n","protected":false},"featured_media":0,"template":"","meta":{"_monsterinsights_skip_tracking":false,"_monsterinsights_sitenote_active":false,"_monsterinsights_sitenote_note":"","_monsterinsights_sitenote_category":0},"product_brand":[],"product_cat":[12274,12284],"product_tag":[],"class_list":{"0":"post-721997","1":"product","2":"type-product","3":"status-publish","5":"product_cat-cocuk-ve-genclik-kitaplari","6":"product_cat-hikayeler","7":"pa_cilt-ciltsiz","8":"pa_tur-kitap","9":"pa_yayinevi-kirmizi-cati-yayinlari","10":"pa_yazar-haldun-aciksozlu","12":"first","13":"instock","14":"sale","15":"shipping-taxable","16":"purchasable","17":"product-type-simple"},"_links":{"self":[{"href":"https:\/\/roveyayinevi.com.tr\/index.php\/wp-json\/wp\/v2\/product\/721997","targetHints":{"allow":["GET"]}}],"collection":[{"href":"https:\/\/roveyayinevi.com.tr\/index.php\/wp-json\/wp\/v2\/product"}],"about":[{"href":"https:\/\/roveyayinevi.com.tr\/index.php\/wp-json\/wp\/v2\/types\/product"}],"wp:attachment":[{"href":"https:\/\/roveyayinevi.com.tr\/index.php\/wp-json\/wp\/v2\/media?parent=721997"}],"wp:term":[{"taxonomy":"product_brand","embeddable":true,"href":"https:\/\/roveyayinevi.com.tr\/index.php\/wp-json\/wp\/v2\/product_brand?post=721997"},{"taxonomy":"product_cat","embeddable":true,"href":"https:\/\/roveyayinevi.com.tr\/index.php\/wp-json\/wp\/v2\/product_cat?post=721997"},{"taxonomy":"product_tag","embeddable":true,"href":"https:\/\/roveyayinevi.com.tr\/index.php\/wp-json\/wp\/v2\/product_tag?post=721997"}],"curies":[{"name":"wp","href":"https:\/\/api.w.org\/{rel}","templated":true}]}}