{"id":721993,"date":"2025-08-27T18:57:31","date_gmt":"2025-08-27T15:57:31","guid":{"rendered":"https:\/\/roveyayinevi.com.tr\/index.php\/urun\/goodly-ve-grave\/"},"modified":"2026-04-16T02:29:50","modified_gmt":"2026-04-15T23:29:50","slug":"goodly-ve-grave","status":"publish","type":"product","link":"https:\/\/roveyayinevi.com.tr\/index.php\/urun\/goodly-ve-grave\/","title":{"rendered":"Goodly ve Grave"},"content":{"rendered":"<p>Lucy Goodly, Grave Malik\u00e2nesi\u2019nin sahibi ta\u015f kalpli Lord Grave\u2019in yeni \u00e7izmeci k\u0131z\u0131yd\u0131. Evin di\u011fer \u00e7al\u0131\u015fanlar\u0131 k\u00e2hya Vonk, a\u015f\u00e7\u0131 Bayan Crawley ve hizmet\u00e7i k\u0131z Violet dost canl\u0131s\u0131 davran\u0131yorlard\u0131. Fakat Lucy \u00e7ok ge\u00e7meden malik\u00e2nede \u00e7ok tuhaf \u015feylerin d\u00f6nd\u00fc\u011f\u00fcn\u00fc ister istemez fark etti: yer de\u011fi\u015ftiren heykeller, sihirli kitaplar ve Lord Grave\u2019in herkesten gizledi\u011fi s\u0131rr\u0131. Bu esnadaysa \u00fclkenin her yerinde \u00e7ocuklar kayboluyordu.T\u00fcm bu tuhafl\u0131klarla kay\u0131p \u00e7ocuklar\u0131n aras\u0131nda bir ba\u011flant\u0131 m\u0131 vard\u0131? Lucy bu gizemi \u00e7\u00f6zmeye kararl\u0131yd\u0131\u2026<\/p>\n","protected":false},"excerpt":{"rendered":"<p>Lucy Goodly, Grave Malik\u00e2nesi\u2019nin sahibi ta\u015f kalpli Lord Grave\u2019in yeni \u00e7izmeci k\u0131z\u0131yd\u0131. Evin di\u011fer \u00e7al\u0131\u015fanlar\u0131 k\u00e2hya Vonk, a\u015f\u00e7\u0131 Bayan Crawley ve hizmet\u00e7i k\u0131z Violet dost canl\u0131s\u0131<span class=\"excerpt-hellip\"> [\u2026]<\/span><\/p>\n","protected":false},"featured_media":0,"template":"","meta":{"_monsterinsights_skip_tracking":false,"_monsterinsights_sitenote_active":false,"_monsterinsights_sitenote_note":"","_monsterinsights_sitenote_category":0},"product_brand":[],"product_cat":[13829,12274],"product_tag":[],"class_list":{"0":"post-721993","1":"product","2":"type-product","3":"status-publish","5":"product_cat-bilimsel-kitaplar","6":"product_cat-cocuk-ve-genclik-kitaplari","7":"pa_cilt-ciltsiz","8":"pa_tur-kitap","9":"pa_yayinevi-yabanci-yayinevi","10":"pa_yazar-justine-windsor","12":"first","13":"instock","14":"sale","15":"shipping-taxable","16":"purchasable","17":"product-type-simple"},"_links":{"self":[{"href":"https:\/\/roveyayinevi.com.tr\/index.php\/wp-json\/wp\/v2\/product\/721993","targetHints":{"allow":["GET"]}}],"collection":[{"href":"https:\/\/roveyayinevi.com.tr\/index.php\/wp-json\/wp\/v2\/product"}],"about":[{"href":"https:\/\/roveyayinevi.com.tr\/index.php\/wp-json\/wp\/v2\/types\/product"}],"wp:attachment":[{"href":"https:\/\/roveyayinevi.com.tr\/index.php\/wp-json\/wp\/v2\/media?parent=721993"}],"wp:term":[{"taxonomy":"product_brand","embeddable":true,"href":"https:\/\/roveyayinevi.com.tr\/index.php\/wp-json\/wp\/v2\/product_brand?post=721993"},{"taxonomy":"product_cat","embeddable":true,"href":"https:\/\/roveyayinevi.com.tr\/index.php\/wp-json\/wp\/v2\/product_cat?post=721993"},{"taxonomy":"product_tag","embeddable":true,"href":"https:\/\/roveyayinevi.com.tr\/index.php\/wp-json\/wp\/v2\/product_tag?post=721993"}],"curies":[{"name":"wp","href":"https:\/\/api.w.org\/{rel}","templated":true}]}}