{"id":721990,"date":"2025-08-27T18:57:29","date_gmt":"2025-08-27T15:57:29","guid":{"rendered":"https:\/\/roveyayinevi.com.tr\/index.php\/urun\/bir-uzun-yuruyus\/"},"modified":"2026-04-16T02:29:50","modified_gmt":"2026-04-15T23:29:50","slug":"bir-uzun-yuruyus","status":"publish","type":"product","link":"https:\/\/roveyayinevi.com.tr\/index.php\/urun\/bir-uzun-yuruyus\/","title":{"rendered":"Bir Uzun Y\u00fcr\u00fcy\u00fc\u015f"},"content":{"rendered":"<p>&#8220;&#8230; Dostu ve d\u00fc\u015fman\u0131 \u015funu kabul etmelidir ki Boran, sosyalizm kavgas\u0131nda en soluklu ve en diren\u00e7li olanlardan biriydi. Sosyalizm inanc\u0131ndanbir an bile geri d\u00f6nmedi. Uzun sava\u015f\u0131m y\u0131llar\u0131n\u0131n son g\u00fcnlerinde \u00e7eli\u015fkili \u00e7izgiler \u00e7izse de, genel do\u011frultusundan hi\u00e7 \u00f6d\u00fcn vermedi;\u00e7ileli ve ac\u0131l\u0131 oldu.1 May\u0131s olan do\u011fum tarihi, bir bak\u0131ma Boran&#8217;\u0131n Marksizm&#8217;le b\u00fct\u00fcnle\u015fen siyasal ve ideolojik \u00e7izgisini de belirlemi\u015f oldu&#8230; T\u0130P olay\u0131 ya\u015fand\u0131.Ayn\u0131 olay\u0131 bir kez daha ya\u015famak art\u0131k olas\u0131 de\u011fildir. Fakat ya\u015fanan bu olaydan, aradan ge\u00e7en bunca y\u0131ldan sonra ders \u00e7\u0131kart\u0131lamaz m\u0131? San\u0131yoruz, arayanlar i\u00e7in bu r\u00f6portajlarda b\u00f6yle dersler de &#8211; hem de bol bol &#8211; var!.. &#8220;U\u011fur Mumcu<\/p>\n","protected":false},"excerpt":{"rendered":"<p>&#8220;&#8230; Dostu ve d\u00fc\u015fman\u0131 \u015funu kabul etmelidir ki Boran, sosyalizm kavgas\u0131nda en soluklu ve en diren\u00e7li olanlardan biriydi. Sosyalizm inanc\u0131ndanbir an bile geri d\u00f6nmedi. Uzun sava\u015f\u0131m<span class=\"excerpt-hellip\"> [\u2026]<\/span><\/p>\n","protected":false},"featured_media":0,"template":"","meta":{"_monsterinsights_skip_tracking":false,"_monsterinsights_sitenote_active":false,"_monsterinsights_sitenote_note":"","_monsterinsights_sitenote_category":0},"product_brand":[],"product_cat":[12364,12826],"product_tag":[],"class_list":{"0":"post-721990","1":"product","2":"type-product","3":"status-publish","5":"product_cat-genel-konular","6":"product_cat-soylesi","7":"pa_cilt-ciltsiz","8":"pa_tur-kitap","9":"pa_yayinevi-umag-yayinevi","10":"pa_yazar-ugur-mumcu","12":"first","13":"instock","14":"sale","15":"shipping-taxable","16":"purchasable","17":"product-type-simple"},"_links":{"self":[{"href":"https:\/\/roveyayinevi.com.tr\/index.php\/wp-json\/wp\/v2\/product\/721990","targetHints":{"allow":["GET"]}}],"collection":[{"href":"https:\/\/roveyayinevi.com.tr\/index.php\/wp-json\/wp\/v2\/product"}],"about":[{"href":"https:\/\/roveyayinevi.com.tr\/index.php\/wp-json\/wp\/v2\/types\/product"}],"wp:attachment":[{"href":"https:\/\/roveyayinevi.com.tr\/index.php\/wp-json\/wp\/v2\/media?parent=721990"}],"wp:term":[{"taxonomy":"product_brand","embeddable":true,"href":"https:\/\/roveyayinevi.com.tr\/index.php\/wp-json\/wp\/v2\/product_brand?post=721990"},{"taxonomy":"product_cat","embeddable":true,"href":"https:\/\/roveyayinevi.com.tr\/index.php\/wp-json\/wp\/v2\/product_cat?post=721990"},{"taxonomy":"product_tag","embeddable":true,"href":"https:\/\/roveyayinevi.com.tr\/index.php\/wp-json\/wp\/v2\/product_tag?post=721990"}],"curies":[{"name":"wp","href":"https:\/\/api.w.org\/{rel}","templated":true}]}}