{"id":721989,"date":"2025-08-27T18:57:29","date_gmt":"2025-08-27T15:57:29","guid":{"rendered":"https:\/\/roveyayinevi.com.tr\/index.php\/urun\/uzayin-sekli-nasildir\/"},"modified":"2026-04-16T02:29:50","modified_gmt":"2026-04-15T23:29:50","slug":"uzayin-sekli-nasildir","status":"publish","type":"product","link":"https:\/\/roveyayinevi.com.tr\/index.php\/urun\/uzayin-sekli-nasildir\/","title":{"rendered":"Uzay\u0131n \u015eekli Nas\u0131ld\u0131r?"},"content":{"rendered":"<p>Hep kitap\u2019tan yenilik\u00e7i, bilgilendirici, \u00e7\u0131\u011f\u0131r a\u00e7\u0131c\u0131 yepyeni bir dizi: \u00d6nemli Sorular! Bu kitaplar, hayatlar\u0131m\u0131zda ve bug\u00fcn\u00fcn d\u00fcnyas\u0131nda b\u00fcy\u00fck etkisi olan temel meselelere yepyeni bir pencereden bak\u0131yor. E\u015fsiz g\u00f6rsel tasar\u0131m\u0131 ve katmanl\u0131 metin yap\u0131s\u0131yla karma\u015f\u0131k konular\u0131 anlamam\u0131z\u0131 kolayla\u015ft\u0131r\u0131yor. Geriye sadece \u00f6nemli sorular\u0131n ard\u0131ndaki tart\u0131\u015fmalar\u0131n derinliklerine inmek kal\u0131yor.E\u011fer g\u00f6zlemlenebilen evrenin s\u0131n\u0131r\u0131 her \u015feyin s\u0131n\u0131r\u0131 de\u011filse evren nerede biter? E\u011fer g\u00f6zlemlenebilen evrenimizin ucunda durursak \u00f6n\u00fcm\u00fczde ba\u015fka bir evrenin uzand\u0131\u011f\u0131n\u0131 m\u0131 g\u00f6r\u00fcr\u00fcz?Evren sonsuz derken nas\u0131l bir sonsuzluktan bahsediyoruz? Say\u0131s\u0131z baloncuk evrenlerden mi olu\u015fuyor?Yoksa paralel ve \u00e7oklu evrenlerden olu\u015fan bir dizi evrenden mi bahsediyoruz?Bu ve daha bir\u00e7ok sorunun cevab\u0131 bu e\u015fsiz kitapta sizi bekliyor!<\/p>\n","protected":false},"excerpt":{"rendered":"<p>Hep kitap\u2019tan yenilik\u00e7i, bilgilendirici, \u00e7\u0131\u011f\u0131r a\u00e7\u0131c\u0131 yepyeni bir dizi: \u00d6nemli Sorular! Bu kitaplar, hayatlar\u0131m\u0131zda ve bug\u00fcn\u00fcn d\u00fcnyas\u0131nda b\u00fcy\u00fck etkisi olan temel meselelere yepyeni bir pencereden bak\u0131yor.<span class=\"excerpt-hellip\"> [\u2026]<\/span><\/p>\n","protected":false},"featured_media":0,"template":"","meta":{"_monsterinsights_skip_tracking":false,"_monsterinsights_sitenote_active":false,"_monsterinsights_sitenote_note":"","_monsterinsights_sitenote_category":0},"product_brand":[],"product_cat":[43754,13005],"product_tag":[],"class_list":{"0":"post-721989","1":"product","2":"type-product","3":"status-publish","5":"product_cat-astronomi","6":"product_cat-bilim-muhendislik","7":"pa_cilt-ciltsiz","8":"pa_tur-kitap","9":"pa_yayinevi-hep-kitap","10":"pa_yazar-giles-sparrow","12":"first","13":"instock","14":"sale","15":"shipping-taxable","16":"purchasable","17":"product-type-simple"},"_links":{"self":[{"href":"https:\/\/roveyayinevi.com.tr\/index.php\/wp-json\/wp\/v2\/product\/721989","targetHints":{"allow":["GET"]}}],"collection":[{"href":"https:\/\/roveyayinevi.com.tr\/index.php\/wp-json\/wp\/v2\/product"}],"about":[{"href":"https:\/\/roveyayinevi.com.tr\/index.php\/wp-json\/wp\/v2\/types\/product"}],"wp:attachment":[{"href":"https:\/\/roveyayinevi.com.tr\/index.php\/wp-json\/wp\/v2\/media?parent=721989"}],"wp:term":[{"taxonomy":"product_brand","embeddable":true,"href":"https:\/\/roveyayinevi.com.tr\/index.php\/wp-json\/wp\/v2\/product_brand?post=721989"},{"taxonomy":"product_cat","embeddable":true,"href":"https:\/\/roveyayinevi.com.tr\/index.php\/wp-json\/wp\/v2\/product_cat?post=721989"},{"taxonomy":"product_tag","embeddable":true,"href":"https:\/\/roveyayinevi.com.tr\/index.php\/wp-json\/wp\/v2\/product_tag?post=721989"}],"curies":[{"name":"wp","href":"https:\/\/api.w.org\/{rel}","templated":true}]}}