{"id":721987,"date":"2025-08-27T18:57:27","date_gmt":"2025-08-27T15:57:27","guid":{"rendered":"https:\/\/roveyayinevi.com.tr\/index.php\/urun\/kararsiz-zaman-zamansiz-olum\/"},"modified":"2026-04-16T02:29:50","modified_gmt":"2026-04-15T23:29:50","slug":"kararsiz-zaman-zamansiz-olum","status":"publish","type":"product","link":"https:\/\/roveyayinevi.com.tr\/index.php\/urun\/kararsiz-zaman-zamansiz-olum\/","title":{"rendered":"Karars\u0131z Zaman, Zamans\u0131z \u00d6l\u00fcm"},"content":{"rendered":"<p>Pi\u015fmanl\u0131k, yaraya iyile\u015fsin diye bas\u0131lan ama onu daha da derinle\u015ftiren k\u0131zg\u0131n ve mikroplu bir b\u0131\u00e7ak ucu gibi. Ta\u015fran\u0131n a\u011f\u0131rl\u0131\u011f\u0131, dost meclisleri, tren istasyonlar\u0131 ve mezar yerleri s\u00fcrekli derinle\u015fen, derinle\u015ftik\u00e7e insan\u0131 bamba\u015fka biri haline getiren bu yaray\u0131 s\u00fcrekli \u00e7o\u011falt\u0131yor. Pi\u015fmanl\u0131k bazen \u00f6l\u00fcm\u00fcn, bazen oyuncak bebeklerin, bazen de yeni bir a\u015fk\u0131n arkas\u0131na saklan\u0131p gizliyor kendini. Aldatanla ihanete u\u011frayan\u0131n aras\u0131nda bir tercih yapmak zorunda kal\u0131yor. Av hayvanlar\u0131 ko\u015fturuyor onu tan\u0131yanlar\u0131n ci\u011ferlerinde. En sonunda da noktas\u0131z bir \u00f6yk\u00fc olup soluksuz b\u0131rak\u0131yor herkesi.Karars\u0131z Zaman, Zamans\u0131z \u00d6l\u00fcm, Ahmet K\u0131rkavak\u2019\u0131n bizi \u00e7eki\u015ftirmeden, tek bir el i\u015fareti ile yan\u0131na \u00e7a\u011f\u0131ran, yeni dostlarla tan\u0131\u015ft\u0131r\u0131p amans\u0131z d\u00fc\u015fmanlarla kavgaya tutu\u015fturan \u00f6yk\u00fclerinden olu\u015fuyor.\u201cHuzur dolu bir birlikteli\u011fin, otuz y\u0131lda nas\u0131l olup da birbirini dayan\u0131lmaz bulan iki ki\u015finin ili\u015fkisine d\u00f6n\u00fc\u015ft\u00fc\u011f\u00fcn\u00fc ne kadar d\u00fc\u015f\u00fcnsem de anlayam\u0131yordum. Tahamm\u00fcls\u00fczl\u00fck birka\u00e7 y\u0131lda h\u0131zla nefrete ve zamanla gizli bir yok etme iste\u011fine evrilmi\u015fti. Hatta s\u0131k s\u0131k kendimi ondan kurtulma alternatiflerini de\u011ferlendirirken bulmu\u015ftum.\u201d<\/p>\n","protected":false},"excerpt":{"rendered":"<p>Pi\u015fmanl\u0131k, yaraya iyile\u015fsin diye bas\u0131lan ama onu daha da derinle\u015ftiren k\u0131zg\u0131n ve mikroplu bir b\u0131\u00e7ak ucu gibi. Ta\u015fran\u0131n a\u011f\u0131rl\u0131\u011f\u0131, dost meclisleri, tren istasyonlar\u0131 ve mezar yerleri<span class=\"excerpt-hellip\"> [\u2026]<\/span><\/p>\n","protected":false},"featured_media":0,"template":"","meta":{"_monsterinsights_skip_tracking":false,"_monsterinsights_sitenote_active":false,"_monsterinsights_sitenote_note":"","_monsterinsights_sitenote_category":0},"product_brand":[],"product_cat":[12291,12711],"product_tag":[],"class_list":{"0":"post-721987","1":"product","2":"type-product","3":"status-publish","5":"product_cat-edebiyat","6":"product_cat-roman-oyku","7":"pa_cilt-ciltsiz","8":"pa_tur-kitap","9":"pa_yayinevi-ithaki-yayinlari","10":"pa_yazar-ahmet-kirkavak","12":"first","13":"instock","14":"sale","15":"shipping-taxable","16":"purchasable","17":"product-type-simple"},"_links":{"self":[{"href":"https:\/\/roveyayinevi.com.tr\/index.php\/wp-json\/wp\/v2\/product\/721987","targetHints":{"allow":["GET"]}}],"collection":[{"href":"https:\/\/roveyayinevi.com.tr\/index.php\/wp-json\/wp\/v2\/product"}],"about":[{"href":"https:\/\/roveyayinevi.com.tr\/index.php\/wp-json\/wp\/v2\/types\/product"}],"wp:attachment":[{"href":"https:\/\/roveyayinevi.com.tr\/index.php\/wp-json\/wp\/v2\/media?parent=721987"}],"wp:term":[{"taxonomy":"product_brand","embeddable":true,"href":"https:\/\/roveyayinevi.com.tr\/index.php\/wp-json\/wp\/v2\/product_brand?post=721987"},{"taxonomy":"product_cat","embeddable":true,"href":"https:\/\/roveyayinevi.com.tr\/index.php\/wp-json\/wp\/v2\/product_cat?post=721987"},{"taxonomy":"product_tag","embeddable":true,"href":"https:\/\/roveyayinevi.com.tr\/index.php\/wp-json\/wp\/v2\/product_tag?post=721987"}],"curies":[{"name":"wp","href":"https:\/\/api.w.org\/{rel}","templated":true}]}}