{"id":721985,"date":"2025-08-27T18:57:25","date_gmt":"2025-08-27T15:57:25","guid":{"rendered":"https:\/\/roveyayinevi.com.tr\/index.php\/urun\/mutlulugu-ara\/"},"modified":"2026-04-16T02:29:50","modified_gmt":"2026-04-15T23:29:50","slug":"mutlulugu-ara","status":"publish","type":"product","link":"https:\/\/roveyayinevi.com.tr\/index.php\/urun\/mutlulugu-ara\/","title":{"rendered":"Mutlulu\u011fu Ara"},"content":{"rendered":"<p>Ko\u015f! Caddelere ve sokaklara\u2026 Ko\u015f! K\u0131rlara ve ko\u015f bay\u0131rlara\u2026 Elinde bir mumla dal karanl\u0131\u011fa Haydi durma ko\u015f mutlulu\u011fu ara!   B\u0131rak kendini ya\u011fan ya\u011fmura, E\u015flik et! R\u00fczg\u00e2r\u0131n u\u011fultular\u0131na\u2026 E\u015flik et! \u015een dalgalar\u0131n sesine\u2026 \u0130\u00e7inde k\u0131p\u0131rt\u0131 ile ba\u015fla \u015fark\u0131lara.   Sev, t\u00fcm kalbinle ba\u011flan hayata! Sev, y\u00f6n ver hamla\u015fan duygular\u0131na! Sev, t\u00fcm inanc\u0131nla yalvar Allah\u2019a! Haydi durma ko\u015f mutlulu\u011fu ara! <\/p>\n","protected":false},"excerpt":{"rendered":"<p>Ko\u015f! Caddelere ve sokaklara\u2026 Ko\u015f! K\u0131rlara ve ko\u015f bay\u0131rlara\u2026 Elinde bir mumla dal karanl\u0131\u011fa Haydi durma ko\u015f mutlulu\u011fu ara! B\u0131rak kendini ya\u011fan ya\u011fmura, E\u015flik et! R\u00fczg\u00e2r\u0131n<span class=\"excerpt-hellip\"> [\u2026]<\/span><\/p>\n","protected":false},"featured_media":0,"template":"","meta":{"_monsterinsights_skip_tracking":false,"_monsterinsights_sitenote_active":false,"_monsterinsights_sitenote_note":"","_monsterinsights_sitenote_category":0},"product_brand":[],"product_cat":[12291,12509],"product_tag":[],"class_list":{"0":"post-721985","1":"product","2":"type-product","3":"status-publish","5":"product_cat-edebiyat","6":"product_cat-siir","7":"pa_cilt-ciltsiz","8":"pa_tur-kitap","9":"pa_yayinevi-luna-yayinlari","10":"pa_yazar-sultan-yuksek","12":"first","13":"instock","14":"sale","15":"shipping-taxable","16":"purchasable","17":"product-type-simple"},"_links":{"self":[{"href":"https:\/\/roveyayinevi.com.tr\/index.php\/wp-json\/wp\/v2\/product\/721985","targetHints":{"allow":["GET"]}}],"collection":[{"href":"https:\/\/roveyayinevi.com.tr\/index.php\/wp-json\/wp\/v2\/product"}],"about":[{"href":"https:\/\/roveyayinevi.com.tr\/index.php\/wp-json\/wp\/v2\/types\/product"}],"wp:attachment":[{"href":"https:\/\/roveyayinevi.com.tr\/index.php\/wp-json\/wp\/v2\/media?parent=721985"}],"wp:term":[{"taxonomy":"product_brand","embeddable":true,"href":"https:\/\/roveyayinevi.com.tr\/index.php\/wp-json\/wp\/v2\/product_brand?post=721985"},{"taxonomy":"product_cat","embeddable":true,"href":"https:\/\/roveyayinevi.com.tr\/index.php\/wp-json\/wp\/v2\/product_cat?post=721985"},{"taxonomy":"product_tag","embeddable":true,"href":"https:\/\/roveyayinevi.com.tr\/index.php\/wp-json\/wp\/v2\/product_tag?post=721985"}],"curies":[{"name":"wp","href":"https:\/\/api.w.org\/{rel}","templated":true}]}}