{"id":721982,"date":"2025-08-27T18:57:23","date_gmt":"2025-08-27T15:57:23","guid":{"rendered":"https:\/\/roveyayinevi.com.tr\/index.php\/urun\/rosewater-istila-wormwood-uclemesi-birinci-kitap\/"},"modified":"2026-04-16T02:29:50","modified_gmt":"2026-04-15T23:29:50","slug":"rosewater-istila-wormwood-uclemesi-birinci-kitap","status":"publish","type":"product","link":"https:\/\/roveyayinevi.com.tr\/index.php\/urun\/rosewater-istila-wormwood-uclemesi-birinci-kitap\/","title":{"rendered":"Rosewater \u0130stila &#8211; Wormwood \u00dc\u00e7lemesi Birinci Kitap"},"content":{"rendered":"<p>2019 Arthur C. Clarke En \u0130yi Roman \u00d6d\u00fcl\u00fcInaugural Nommo En \u0130yi Roman \u00d6d\u00fcl\u00fcJohn W. Campbell En \u0130yi Bilim Kurgu Roman \u00d6d\u00fcl\u00fc finalisti.Y\u0131l, 2066. Yer, Nijerya. Umut arayanlar, \u00e7aresizler uzaydan gelen bir biyokubbenin etraf\u0131nda kurtulu\u015f aray\u0131\u015f\u0131 i\u00e7in bir araya gelirler. Kubbe Rosewater adl\u0131 kenarda kalm\u0131\u015f bir kasaban\u0131n yan\u0131nda yer al\u0131r. Toplulu\u011fun \u00e7aresiz sakinleri y\u0131lda bir kez kap\u0131lar\u0131n\u0131 a\u00e7arak iyile\u015ftirici g\u00fc\u00e7ler da\u011f\u0131tt\u0131\u011f\u0131 s\u00f6ylenen kubbenin i\u00e7ine bir kez olsun bakmak isterler. Psi\u015fik g\u00fc\u00e7lere sahip bir devlet ajan\u0131 olan Kaaro, bilinmeyen bir sebeple ger\u00e7ekle\u015fen \u00f6l\u00fcmleri ara\u015ft\u0131rmaya ba\u015flar.<\/p>\n","protected":false},"excerpt":{"rendered":"<p>2019 Arthur C. Clarke En \u0130yi Roman \u00d6d\u00fcl\u00fcInaugural Nommo En \u0130yi Roman \u00d6d\u00fcl\u00fcJohn W. Campbell En \u0130yi Bilim Kurgu Roman \u00d6d\u00fcl\u00fc finalisti.Y\u0131l, 2066. Yer, Nijerya. Umut<span class=\"excerpt-hellip\"> [\u2026]<\/span><\/p>\n","protected":false},"featured_media":0,"template":"","meta":{"_monsterinsights_skip_tracking":false,"_monsterinsights_sitenote_active":false,"_monsterinsights_sitenote_note":"","_monsterinsights_sitenote_category":0},"product_brand":[],"product_cat":[12540,12291],"product_tag":[],"class_list":{"0":"post-721982","1":"product","2":"type-product","3":"status-publish","5":"product_cat-bilim-kurgu","6":"product_cat-edebiyat","7":"pa_cilt-ciltsiz","8":"pa_tur-kitap","9":"pa_yayinevi-eksik-parca-yayinlari","10":"pa_yazar-tade-thompson","12":"first","13":"instock","14":"sale","15":"shipping-taxable","16":"purchasable","17":"product-type-simple"},"_links":{"self":[{"href":"https:\/\/roveyayinevi.com.tr\/index.php\/wp-json\/wp\/v2\/product\/721982","targetHints":{"allow":["GET"]}}],"collection":[{"href":"https:\/\/roveyayinevi.com.tr\/index.php\/wp-json\/wp\/v2\/product"}],"about":[{"href":"https:\/\/roveyayinevi.com.tr\/index.php\/wp-json\/wp\/v2\/types\/product"}],"wp:attachment":[{"href":"https:\/\/roveyayinevi.com.tr\/index.php\/wp-json\/wp\/v2\/media?parent=721982"}],"wp:term":[{"taxonomy":"product_brand","embeddable":true,"href":"https:\/\/roveyayinevi.com.tr\/index.php\/wp-json\/wp\/v2\/product_brand?post=721982"},{"taxonomy":"product_cat","embeddable":true,"href":"https:\/\/roveyayinevi.com.tr\/index.php\/wp-json\/wp\/v2\/product_cat?post=721982"},{"taxonomy":"product_tag","embeddable":true,"href":"https:\/\/roveyayinevi.com.tr\/index.php\/wp-json\/wp\/v2\/product_tag?post=721982"}],"curies":[{"name":"wp","href":"https:\/\/api.w.org\/{rel}","templated":true}]}}