{"id":721978,"date":"2025-08-27T18:57:20","date_gmt":"2025-08-27T15:57:20","guid":{"rendered":"https:\/\/roveyayinevi.com.tr\/index.php\/urun\/bos-zaman-ilgileniminin-bos-zaman-tatmini-ve-sadakati-uzerine-etkisi-eskisehirdeki-fitnes-merkezleri-uzerine-arastirma\/"},"modified":"2026-04-16T02:29:50","modified_gmt":"2026-04-15T23:29:50","slug":"bos-zaman-ilgileniminin-bos-zaman-tatmini-ve-sadakati-uzerine-etkisi-eskisehirdeki-fitnes-merkezleri-uzerine-arastirma","status":"publish","type":"product","link":"https:\/\/roveyayinevi.com.tr\/index.php\/urun\/bos-zaman-ilgileniminin-bos-zaman-tatmini-ve-sadakati-uzerine-etkisi-eskisehirdeki-fitnes-merkezleri-uzerine-arastirma\/","title":{"rendered":"Bo\u015f Zaman \u0130lgileniminin Bo\u015f Zaman Tatmini ve Sadakati \u00dczerine Etkisi : Eski\u015fehir\u2019deki Fitnes Merkezleri \u00dczerine Ara\u015ft\u0131rma"},"content":{"rendered":"<p>G\u0130R\u0130\u015e ve AMA\u00c7 KAYNAK B\u0130LG\u0130S\u0130 BO\u015e ZAMAN VE \u00d6ZELL\u0130KLER\u0130 REKREASYON VE \u00d6ZELL\u0130KLER\u0130 \u0130LG\u0130LEN\u0130M \u0130LG\u0130LEN\u0130M\u0130N T\u00dcRLER\u0130 \u0130LG\u0130LEN\u0130M\u0130N D\u00dcZEY\u0130 \u0130LG\u0130LEN\u0130M\u0130 ETK\u0130LEYEN FAKT\u00d6RLER BO\u015e ZAMANA Y\u00d6NEL\u0130K \u0130LG\u0130LEN\u0130M\u0130 ARTTIRMA STRATEJ\u0130LER\u0130 BA\u011eLILIK VE \u0130LG\u0130LEN\u0130M BO\u015e ZAMAN \u0130LG\u0130LEN\u0130M\u0130 REKREASYON \u0130LG\u0130LEN\u0130M\u0130 BO\u015e ZAMAN \u0130LG\u0130LEN\u0130M\u0130 VE BO\u015e ZAMAN SADAKAT\u0130 \u0130L\u0130\u015eK\u0130S\u0130 BO\u015e ZAMAN \u0130LG\u0130LEN\u0130M\u0130 VE BO\u015e ZAMAN TATM\u0130N\u0130 \u0130L\u0130\u015eK\u0130S\u0130 Y\u00d6NTEM ARA\u015eTIRMANIN KONUSU ARA\u015eTIRMANIN \u00d6NEM\u0130 ARA\u015eTIRMANIN KAPSAMI VE SINIRLILIKLARI ARA\u015eTIRMANIN AMACI ARA\u015eTIRMANIN Y\u00d6NTEM\u0130 BULGULAR   SONU\u00c7, TARTI\u015eMA ve \u00d6NER\u0130LER <\/p>\n","protected":false},"excerpt":{"rendered":"<p>G\u0130R\u0130\u015e ve AMA\u00c7 KAYNAK B\u0130LG\u0130S\u0130 BO\u015e ZAMAN VE \u00d6ZELL\u0130KLER\u0130 REKREASYON VE \u00d6ZELL\u0130KLER\u0130 \u0130LG\u0130LEN\u0130M \u0130LG\u0130LEN\u0130M\u0130N T\u00dcRLER\u0130 \u0130LG\u0130LEN\u0130M\u0130N D\u00dcZEY\u0130 \u0130LG\u0130LEN\u0130M\u0130 ETK\u0130LEYEN FAKT\u00d6RLER BO\u015e ZAMANA Y\u00d6NEL\u0130K \u0130LG\u0130LEN\u0130M\u0130 ARTTIRMA STRATEJ\u0130LER\u0130<span class=\"excerpt-hellip\"> [\u2026]<\/span><\/p>\n","protected":false},"featured_media":0,"template":"","meta":{"_monsterinsights_skip_tracking":false,"_monsterinsights_sitenote_active":false,"_monsterinsights_sitenote_note":"","_monsterinsights_sitenote_category":0},"product_brand":[],"product_cat":[15563,15564],"product_tag":[],"class_list":{"0":"post-721978","1":"product","2":"type-product","3":"status-publish","5":"product_cat-hobi","6":"product_cat-spor","7":"pa_cilt-ciltsiz","8":"pa_tur-kitap","9":"pa_yayinevi-gazi-kitabevi","10":"pa_yazar-gozde-yetim-metin-argan","12":"first","13":"instock","14":"sale","15":"shipping-taxable","16":"purchasable","17":"product-type-simple"},"_links":{"self":[{"href":"https:\/\/roveyayinevi.com.tr\/index.php\/wp-json\/wp\/v2\/product\/721978","targetHints":{"allow":["GET"]}}],"collection":[{"href":"https:\/\/roveyayinevi.com.tr\/index.php\/wp-json\/wp\/v2\/product"}],"about":[{"href":"https:\/\/roveyayinevi.com.tr\/index.php\/wp-json\/wp\/v2\/types\/product"}],"wp:attachment":[{"href":"https:\/\/roveyayinevi.com.tr\/index.php\/wp-json\/wp\/v2\/media?parent=721978"}],"wp:term":[{"taxonomy":"product_brand","embeddable":true,"href":"https:\/\/roveyayinevi.com.tr\/index.php\/wp-json\/wp\/v2\/product_brand?post=721978"},{"taxonomy":"product_cat","embeddable":true,"href":"https:\/\/roveyayinevi.com.tr\/index.php\/wp-json\/wp\/v2\/product_cat?post=721978"},{"taxonomy":"product_tag","embeddable":true,"href":"https:\/\/roveyayinevi.com.tr\/index.php\/wp-json\/wp\/v2\/product_tag?post=721978"}],"curies":[{"name":"wp","href":"https:\/\/api.w.org\/{rel}","templated":true}]}}