{"id":721976,"date":"2025-08-27T18:57:19","date_gmt":"2025-08-27T15:57:19","guid":{"rendered":"https:\/\/roveyayinevi.com.tr\/index.php\/urun\/ortaokul-ogrencilerinin-sportmenlik-davranislarinin-incelenmesi\/"},"modified":"2026-04-16T02:29:50","modified_gmt":"2026-04-15T23:29:50","slug":"ortaokul-ogrencilerinin-sportmenlik-davranislarinin-incelenmesi","status":"publish","type":"product","link":"https:\/\/roveyayinevi.com.tr\/index.php\/urun\/ortaokul-ogrencilerinin-sportmenlik-davranislarinin-incelenmesi\/","title":{"rendered":"Ortaokul \u00d6\u011frencilerinin Sportmenlik Davran\u0131\u015flar\u0131n\u0131n \u0130ncelenmesi"},"content":{"rendered":"<p>G\u0130R\u0130\u015e 1. G\u0130R\u0130\u015e ve AMA\u00c7 1.1. Ara\u015ft\u0131rman\u0131n Amac\u0131 1.2. Ara\u015ft\u0131rman\u0131n \u00d6nemi 1.3. Ara\u015ft\u0131rman\u0131n Problem C\u00fcmlesi 1.4. Say\u0131lt\u0131lar 1.5. S\u0131n\u0131rl\u0131l\u0131klar 1.6. Tan\u0131mlar   2. L\u0130TERAT\u00dcR TARAMA 3. GENEL B\u0130LG\u0130LER 3.1. E\u011fitim 3.2. Beden E\u011fitimi 3.3. Spor 3.4. Sportmenlik (Fair-play) 3.5. Davran\u0131\u015f 4. MATERYAL ve METOT 4.1. Evren ve \u00d6rneklem 4.2. Veri Toplama Ara\u00e7lar\u0131 4.3. Ara\u015ft\u0131rman\u0131n Modeli 4.4. Verilerin Toplanmas\u0131 4.5. Verilerin Analizi   5. BULGULAR   6. TARTI\u015eMA   7. SONU\u00c7LAR ve \u00d6NER\u0130LER <\/p>\n","protected":false},"excerpt":{"rendered":"<p>G\u0130R\u0130\u015e 1. G\u0130R\u0130\u015e ve AMA\u00c7 1.1. Ara\u015ft\u0131rman\u0131n Amac\u0131 1.2. Ara\u015ft\u0131rman\u0131n \u00d6nemi 1.3. Ara\u015ft\u0131rman\u0131n Problem C\u00fcmlesi 1.4. Say\u0131lt\u0131lar 1.5. S\u0131n\u0131rl\u0131l\u0131klar 1.6. Tan\u0131mlar 2. L\u0130TERAT\u00dcR TARAMA 3. GENEL<span class=\"excerpt-hellip\"> [\u2026]<\/span><\/p>\n","protected":false},"featured_media":0,"template":"","meta":{"_monsterinsights_skip_tracking":false,"_monsterinsights_sitenote_active":false,"_monsterinsights_sitenote_note":"","_monsterinsights_sitenote_category":0},"product_brand":[],"product_cat":[12573,12566],"product_tag":[],"class_list":{"0":"post-721976","1":"product","2":"type-product","3":"status-publish","5":"product_cat-akademik-kitaplar","6":"product_cat-egitim","7":"pa_cilt-ciltsiz","8":"pa_tur-kitap","9":"pa_yayinevi-gazi-kitabevi","10":"pa_yazar-esra-yilmaz","12":"first","13":"instock","14":"sale","15":"shipping-taxable","16":"purchasable","17":"product-type-simple"},"_links":{"self":[{"href":"https:\/\/roveyayinevi.com.tr\/index.php\/wp-json\/wp\/v2\/product\/721976","targetHints":{"allow":["GET"]}}],"collection":[{"href":"https:\/\/roveyayinevi.com.tr\/index.php\/wp-json\/wp\/v2\/product"}],"about":[{"href":"https:\/\/roveyayinevi.com.tr\/index.php\/wp-json\/wp\/v2\/types\/product"}],"wp:attachment":[{"href":"https:\/\/roveyayinevi.com.tr\/index.php\/wp-json\/wp\/v2\/media?parent=721976"}],"wp:term":[{"taxonomy":"product_brand","embeddable":true,"href":"https:\/\/roveyayinevi.com.tr\/index.php\/wp-json\/wp\/v2\/product_brand?post=721976"},{"taxonomy":"product_cat","embeddable":true,"href":"https:\/\/roveyayinevi.com.tr\/index.php\/wp-json\/wp\/v2\/product_cat?post=721976"},{"taxonomy":"product_tag","embeddable":true,"href":"https:\/\/roveyayinevi.com.tr\/index.php\/wp-json\/wp\/v2\/product_tag?post=721976"}],"curies":[{"name":"wp","href":"https:\/\/api.w.org\/{rel}","templated":true}]}}