{"id":721973,"date":"2025-08-27T18:57:17","date_gmt":"2025-08-27T15:57:17","guid":{"rendered":"https:\/\/roveyayinevi.com.tr\/index.php\/urun\/bilissel-psikoloji-kognitif-yetiler\/"},"modified":"2026-04-16T02:29:50","modified_gmt":"2026-04-15T23:29:50","slug":"bilissel-psikoloji-kognitif-yetiler","status":"publish","type":"product","link":"https:\/\/roveyayinevi.com.tr\/index.php\/urun\/bilissel-psikoloji-kognitif-yetiler\/","title":{"rendered":"Bili\u015fsel Psikoloji Kognitif Yetiler"},"content":{"rendered":"<p>Bug\u00fcn psikolojiye b\u00fcy\u00fck \u00f6l\u00e7\u00fcde egemen olan bili\u015fsel (kognitif) yakla\u015f\u0131m, 20. y\u00fczy\u0131l\u0131n ortalar\u0131nda psikolojik bilimlerde dikkat \u00e7ekici bir seri yeni teknolojinin kullan\u0131lmas\u0131yla birlikte ortaya \u00e7\u0131km\u0131\u015ft\u0131r. Bili\u015fsel psikoloji, g\u00fcn\u00fcm\u00fczde davran\u0131\u015flar\u0131 ve \u00f6\u011frenmeyi, esas alarak insan kognisyonunun etkiledi\u011fi temeli \u00fczerinden \u015fekillenen psikoloji dal\u0131d\u0131r.Bili\u015fsel psikoloji, giderek y\u00fckselen bir bilim disiplini olarak yapay zeka, epistemoloji, felsefe, dilbilim, matematik ve n\u00f6robilimler alanlar\u0131ndan dev\u015firilmi\u015f g\u00f6r\u00fc\u015fleri b\u00fct\u00fcnle\u015ftirir.Bili\u015fsel Psikoloji&#8217;nin ana oda\u011f\u0131, insano\u011flunun bilgiyi insan beyni olarak bilinen karma\u015f\u0131k bilgi i\u015flem sistemi i\u00e7erisinde nas\u0131l elde etti\u011fi, nas\u0131l i\u015flemledi\u011fi ve nas\u0131l depolad\u0131\u011f\u0131 \u00fczerinde \u00e7al\u0131\u015fmakt\u0131r.<\/p>\n","protected":false},"excerpt":{"rendered":"<p>Bug\u00fcn psikolojiye b\u00fcy\u00fck \u00f6l\u00e7\u00fcde egemen olan bili\u015fsel (kognitif) yakla\u015f\u0131m, 20. y\u00fczy\u0131l\u0131n ortalar\u0131nda psikolojik bilimlerde dikkat \u00e7ekici bir seri yeni teknolojinin kullan\u0131lmas\u0131yla birlikte ortaya \u00e7\u0131km\u0131\u015ft\u0131r. Bili\u015fsel psikoloji,<span class=\"excerpt-hellip\"> [\u2026]<\/span><\/p>\n","protected":false},"featured_media":0,"template":"","meta":{"_monsterinsights_skip_tracking":false,"_monsterinsights_sitenote_active":false,"_monsterinsights_sitenote_note":"","_monsterinsights_sitenote_category":0},"product_brand":[],"product_cat":[12358,12357],"product_tag":[],"class_list":{"0":"post-721973","1":"product","2":"type-product","3":"status-publish","5":"product_cat-genel-psikoloji","6":"product_cat-psikoloji","7":"pa_cilt-ciltsiz","8":"pa_tur-kitap","9":"pa_yayinevi-psikonet-yayinlari","10":"pa_yazar-ismet-kirpinar","12":"first","13":"instock","14":"sale","15":"shipping-taxable","16":"purchasable","17":"product-type-simple"},"_links":{"self":[{"href":"https:\/\/roveyayinevi.com.tr\/index.php\/wp-json\/wp\/v2\/product\/721973","targetHints":{"allow":["GET"]}}],"collection":[{"href":"https:\/\/roveyayinevi.com.tr\/index.php\/wp-json\/wp\/v2\/product"}],"about":[{"href":"https:\/\/roveyayinevi.com.tr\/index.php\/wp-json\/wp\/v2\/types\/product"}],"wp:attachment":[{"href":"https:\/\/roveyayinevi.com.tr\/index.php\/wp-json\/wp\/v2\/media?parent=721973"}],"wp:term":[{"taxonomy":"product_brand","embeddable":true,"href":"https:\/\/roveyayinevi.com.tr\/index.php\/wp-json\/wp\/v2\/product_brand?post=721973"},{"taxonomy":"product_cat","embeddable":true,"href":"https:\/\/roveyayinevi.com.tr\/index.php\/wp-json\/wp\/v2\/product_cat?post=721973"},{"taxonomy":"product_tag","embeddable":true,"href":"https:\/\/roveyayinevi.com.tr\/index.php\/wp-json\/wp\/v2\/product_tag?post=721973"}],"curies":[{"name":"wp","href":"https:\/\/api.w.org\/{rel}","templated":true}]}}