{"id":721969,"date":"2025-08-27T18:57:14","date_gmt":"2025-08-27T15:57:14","guid":{"rendered":"https:\/\/roveyayinevi.com.tr\/index.php\/urun\/farkin-danalik\/"},"modified":"2026-04-16T02:29:50","modified_gmt":"2026-04-15T23:29:50","slug":"farkin-danalik","status":"publish","type":"product","link":"https:\/\/roveyayinevi.com.tr\/index.php\/urun\/farkin-danalik\/","title":{"rendered":"Fark\u0131n Danal\u0131k"},"content":{"rendered":"<p>Bu kitap, varla-yok aras\u0131nda kalan \u2018o\u2019 ince \u00e7izgide yaz\u0131lm\u0131\u015f, s\u0131radanl\u0131ktan uzak bir hesapla\u015fmad\u0131r. Kendimizi s\u00fcrekli \u201cNeden ben?\u201d sorgulamas\u0131na tabi tutar\u0131z. Neden bu kadar baht\u0131 karay\u0131zd\u0131r, neden zengin olan biz de\u011filizdir, Paris Hilton kadar \u015fansl\u0131 do\u011fma ve devasa bir servete konma hali niye bize \u00e7atmam\u0131\u015ft\u0131r, her \u015fey bir yana onca berbat giden i\u015fin aras\u0131nda ne bahts\u0131z bir vedala\u015fma, yoksa ihanete u\u011frama h\u00e2li de mi s\u0131rayla, mutsuzluk neden bizi se\u00e7mi\u015ftir ve neden olan biteni sorgulama s\u0131ras\u0131 \u2018Ha\u015f\u0131rttadanak\u2019 bize ge\u00e7mi\u015ftir? Oysa a\u00e7\u0131k baht, herkese bir noktadan te\u011fet ge\u00e7er ve herkes i\u00e7in farkl\u0131 bir maske se\u00e7er. Onu fark edebilene y\u00fcz\u00fcn\u00fc g\u00f6sterir, ki\u015finin \u015fans\u0131n\u0131 a\u00e7ar ve aya\u011f\u0131n\u0131n tozuyla bir sonraki istasyona ka\u00e7ar. Alemi ervahtan alemi berzaha g\u00f6\u00e7t\u00fc\u011f\u00fcn\u00fc, kafas\u0131n\u0131 kald\u0131rd\u0131\u011f\u0131nda tabuta \u00e7arp\u0131nca anlayan mevta gibi ya\u015f\u0131yoruz. E\u011fer sadece bir \u00f6l\u00fc kadar a\u00e7\u0131ksa \u015fuurumuz, niye can ta\u015f\u0131yoruz? ARTIK; FARKINA VARMA, DANALIKTAN KURTULMA , VE HER ANI FIRSATA \u00c7EV\u0130RME VAKT\u0130\u2026<\/p>\n","protected":false},"excerpt":{"rendered":"<p>Bu kitap, varla-yok aras\u0131nda kalan \u2018o\u2019 ince \u00e7izgide yaz\u0131lm\u0131\u015f, s\u0131radanl\u0131ktan uzak bir hesapla\u015fmad\u0131r. Kendimizi s\u00fcrekli \u201cNeden ben?\u201d sorgulamas\u0131na tabi tutar\u0131z. Neden bu kadar baht\u0131 karay\u0131zd\u0131r, neden<span class=\"excerpt-hellip\"> [\u2026]<\/span><\/p>\n","protected":false},"featured_media":0,"template":"","meta":{"_monsterinsights_skip_tracking":false,"_monsterinsights_sitenote_active":false,"_monsterinsights_sitenote_note":"","_monsterinsights_sitenote_category":0},"product_brand":[],"product_cat":[12291,12711],"product_tag":[],"class_list":{"0":"post-721969","1":"product","2":"type-product","3":"status-publish","5":"product_cat-edebiyat","6":"product_cat-roman-oyku","7":"pa_cilt-ciltsiz","8":"pa_tur-kitap","9":"pa_yayinevi-perseus","10":"pa_yazar-joker-abdul","12":"first","13":"instock","14":"sale","15":"shipping-taxable","16":"purchasable","17":"product-type-simple"},"_links":{"self":[{"href":"https:\/\/roveyayinevi.com.tr\/index.php\/wp-json\/wp\/v2\/product\/721969","targetHints":{"allow":["GET"]}}],"collection":[{"href":"https:\/\/roveyayinevi.com.tr\/index.php\/wp-json\/wp\/v2\/product"}],"about":[{"href":"https:\/\/roveyayinevi.com.tr\/index.php\/wp-json\/wp\/v2\/types\/product"}],"wp:attachment":[{"href":"https:\/\/roveyayinevi.com.tr\/index.php\/wp-json\/wp\/v2\/media?parent=721969"}],"wp:term":[{"taxonomy":"product_brand","embeddable":true,"href":"https:\/\/roveyayinevi.com.tr\/index.php\/wp-json\/wp\/v2\/product_brand?post=721969"},{"taxonomy":"product_cat","embeddable":true,"href":"https:\/\/roveyayinevi.com.tr\/index.php\/wp-json\/wp\/v2\/product_cat?post=721969"},{"taxonomy":"product_tag","embeddable":true,"href":"https:\/\/roveyayinevi.com.tr\/index.php\/wp-json\/wp\/v2\/product_tag?post=721969"}],"curies":[{"name":"wp","href":"https:\/\/api.w.org\/{rel}","templated":true}]}}