{"id":721966,"date":"2025-08-27T18:57:12","date_gmt":"2025-08-27T15:57:12","guid":{"rendered":"https:\/\/roveyayinevi.com.tr\/index.php\/urun\/cesur-dahiler\/"},"modified":"2026-04-16T02:29:50","modified_gmt":"2026-04-15T23:29:50","slug":"cesur-dahiler","status":"publish","type":"product","link":"https:\/\/roveyayinevi.com.tr\/index.php\/urun\/cesur-dahiler\/","title":{"rendered":"Cesur Dahiler"},"content":{"rendered":"<p>1940 \u0130lkbahar\u0131nda tan\u0131nmayan ama gelecek vaat eden bir yazar olan Camus ile, \u00e7i\u00e7e\u011fi burnunda bir bilim insan\u0131 olan Jacques Monod, Paris\u2019te sessizce kendi hayatlar\u0131n\u0131 ya\u015fayan iki insand\u0131. Almanlar Fransa\u2019ya sald\u0131rd\u0131ktan ve Fransa\u2019y\u0131 i\u015fgal ettikten sonra ikisi de \u00fclkelerinin Nazilerden kurtulu\u015funa yard\u0131m etmek i\u00e7in Direni\u015f \u00f6rg\u00fct\u00fcne kat\u0131ld\u0131lar, bu u\u011furda \u00f6nemli, tehlikeli roller \u00fcstlendiler, bereket versin bu m\u00fccadeleden sa\u011f \u00e7\u0131kmay\u0131 ba\u015fard\u0131lar. Beklenmedik geli\u015fmeler sonucunda iki adam sava\u015ftan sonra dost oldu. Tutkulu kararl\u0131l\u0131klar\u0131 ve benzersiz yetenekleri sayesinde biri modern edebiyat\u0131n, \u00f6teki modern biyolojinin sesi oldu ve ikisi de ayr\u0131 ayr\u0131 kendi u\u011fra\u015f alanlar\u0131nda Nobel \u00d6d\u00fcl\u00fc ald\u0131lar.Y\u0131llar s\u00fcren ara\u015ft\u0131rmalar\u0131 s\u0131ras\u0131nda, daha \u00f6nce yay\u0131mlanmam\u0131\u015f ve bilinmeyen pek \u00e7ok malzeme toplamay\u0131 ba\u015faran Carroll, bu malzemeye dayanarak yazd\u0131\u011f\u0131 Cesur Dahiler\u2019de ola\u011fan hayatlar\u0131n ola\u011fan d\u0131\u015f\u0131 olaylar sonucunda ola\u011fan d\u0131\u015f\u0131 hayatlara d\u00f6n\u00fc\u015f\u00fcn\u00fcn \u00f6yk\u00fcs\u00fcn\u00fc anlat\u0131yor: Bu ayr\u0131ca s\u0131ra d\u0131\u015f\u0131 zorluklar kar\u015f\u0131s\u0131nda cesaretin, \u00e7i\u00e7eklenen yarat\u0131c\u0131 dehalar\u0131n, dostlu\u011fun \u00f6yk\u00fcs\u00fcd\u00fcr. <\/p>\n","protected":false},"excerpt":{"rendered":"<p>1940 \u0130lkbahar\u0131nda tan\u0131nmayan ama gelecek vaat eden bir yazar olan Camus ile, \u00e7i\u00e7e\u011fi burnunda bir bilim insan\u0131 olan Jacques Monod, Paris\u2019te sessizce kendi hayatlar\u0131n\u0131 ya\u015fayan iki<span class=\"excerpt-hellip\"> [\u2026]<\/span><\/p>\n","protected":false},"featured_media":0,"template":"","meta":{"_monsterinsights_skip_tracking":false,"_monsterinsights_sitenote_active":false,"_monsterinsights_sitenote_note":"","_monsterinsights_sitenote_category":0},"product_brand":[],"product_cat":[13072,12291],"product_tag":[],"class_list":{"0":"post-721966","1":"product","2":"type-product","3":"status-publish","5":"product_cat-arastirma-inceleme-referans","6":"product_cat-edebiyat","7":"pa_cilt-ciltsiz","8":"pa_tur-kitap","9":"pa_yayinevi-e-yayinlari","10":"pa_yazar-sean-b-caroll","12":"first","13":"instock","14":"sale","15":"shipping-taxable","16":"purchasable","17":"product-type-simple"},"_links":{"self":[{"href":"https:\/\/roveyayinevi.com.tr\/index.php\/wp-json\/wp\/v2\/product\/721966","targetHints":{"allow":["GET"]}}],"collection":[{"href":"https:\/\/roveyayinevi.com.tr\/index.php\/wp-json\/wp\/v2\/product"}],"about":[{"href":"https:\/\/roveyayinevi.com.tr\/index.php\/wp-json\/wp\/v2\/types\/product"}],"wp:attachment":[{"href":"https:\/\/roveyayinevi.com.tr\/index.php\/wp-json\/wp\/v2\/media?parent=721966"}],"wp:term":[{"taxonomy":"product_brand","embeddable":true,"href":"https:\/\/roveyayinevi.com.tr\/index.php\/wp-json\/wp\/v2\/product_brand?post=721966"},{"taxonomy":"product_cat","embeddable":true,"href":"https:\/\/roveyayinevi.com.tr\/index.php\/wp-json\/wp\/v2\/product_cat?post=721966"},{"taxonomy":"product_tag","embeddable":true,"href":"https:\/\/roveyayinevi.com.tr\/index.php\/wp-json\/wp\/v2\/product_tag?post=721966"}],"curies":[{"name":"wp","href":"https:\/\/api.w.org\/{rel}","templated":true}]}}