{"id":721963,"date":"2025-08-27T18:57:10","date_gmt":"2025-08-27T15:57:10","guid":{"rendered":"https:\/\/roveyayinevi.com.tr\/index.php\/urun\/istanbul-kayikcilari\/"},"modified":"2026-04-16T02:29:49","modified_gmt":"2026-04-15T23:29:49","slug":"istanbul-kayikcilari","status":"publish","type":"product","link":"https:\/\/roveyayinevi.com.tr\/index.php\/urun\/istanbul-kayikcilari\/","title":{"rendered":"\u0130stanbul Kay\u0131k\u00e7\u0131lar\u0131"},"content":{"rendered":"<p>\u0130stanbul; Asya ve Avrupa k\u0131talar\u0131n\u0131n birle\u015fti\u011fi, Do\u011fu ve Bat\u0131 medeniyetlerinin bulu\u015ftu\u011fu zengin tarihi dokusu, derin bir muhtevaya sahip k\u00fclt\u00fcrel birikimi, harika tabiat\u0131 ve her d\u00f6nemde insanlar\u0131n ilgisini \u00e7eken cazibe merkezi olmas\u0131 nedeniyle d\u00fcnyan\u0131n en \u00f6nemli \u015fehirlerinden biridir. Bo\u011fazi\u00e7i ve Hali\u00e7\u2019te modern motorlu ula\u015f\u0131m vas\u0131talar\u0131n\u0131n olmad\u0131\u011f\u0131 d\u00f6nemlerde, ula\u015f\u0131m vas\u0131tas\u0131 olarak kay\u0131klar kullan\u0131lmaktayd\u0131. Bu durum \u00f6zellikle Osmanl\u0131 Devleti zaman\u0131nda \u00f6nemli geli\u015fmeler kaydetmi\u015f, kay\u0131k\u00e7\u0131l\u0131k ve kay\u0131k\u00e7\u0131 esnaf\u0131 ba\u015fl\u0131 ba\u015f\u0131na bir te\u015fkilat halini alm\u0131\u015ft\u0131r.  Osmanl\u0131 k\u00fclt\u00fcr\u00fc ve medeniyeti ile yo\u011frulan \u0130stanbul\u2019da mek\u00e2nlar aras\u0131 insan naklinin yap\u0131l\u0131\u015f \u015fekli, kullan\u0131lan ara\u00e7lar, kar\u015f\u0131la\u015f\u0131lan zorluklar\u0131n yer ald\u0131\u011f\u0131 \u0130stanbul Kay\u0131k\u00e7\u0131lar\u0131\u2019nda  \u0130stanbul\u2019un ge\u00e7mi\u015fine g\u00f6t\u00fcrmeyi ama\u00e7lamaktad\u0131r.   <\/p>\n","protected":false},"excerpt":{"rendered":"<p>\u0130stanbul; Asya ve Avrupa k\u0131talar\u0131n\u0131n birle\u015fti\u011fi, Do\u011fu ve Bat\u0131 medeniyetlerinin bulu\u015ftu\u011fu zengin tarihi dokusu, derin bir muhtevaya sahip k\u00fclt\u00fcrel birikimi, harika tabiat\u0131 ve her d\u00f6nemde insanlar\u0131n<span class=\"excerpt-hellip\"> [\u2026]<\/span><\/p>\n","protected":false},"featured_media":0,"template":"","meta":{"_monsterinsights_skip_tracking":false,"_monsterinsights_sitenote_active":false,"_monsterinsights_sitenote_note":"","_monsterinsights_sitenote_category":0},"product_brand":[],"product_cat":[12370,12304],"product_tag":[],"class_list":{"0":"post-721963","1":"product","2":"type-product","3":"status-publish","5":"product_cat-arastirma-inceleme","6":"product_cat-tarih","7":"pa_cilt-ciltsiz","8":"pa_tur-kitap","9":"pa_yayinevi-yeditepe-yayinevi","10":"pa_yazar-mehmet-kazak","12":"first","13":"instock","14":"sale","15":"shipping-taxable","16":"purchasable","17":"product-type-simple"},"_links":{"self":[{"href":"https:\/\/roveyayinevi.com.tr\/index.php\/wp-json\/wp\/v2\/product\/721963","targetHints":{"allow":["GET"]}}],"collection":[{"href":"https:\/\/roveyayinevi.com.tr\/index.php\/wp-json\/wp\/v2\/product"}],"about":[{"href":"https:\/\/roveyayinevi.com.tr\/index.php\/wp-json\/wp\/v2\/types\/product"}],"wp:attachment":[{"href":"https:\/\/roveyayinevi.com.tr\/index.php\/wp-json\/wp\/v2\/media?parent=721963"}],"wp:term":[{"taxonomy":"product_brand","embeddable":true,"href":"https:\/\/roveyayinevi.com.tr\/index.php\/wp-json\/wp\/v2\/product_brand?post=721963"},{"taxonomy":"product_cat","embeddable":true,"href":"https:\/\/roveyayinevi.com.tr\/index.php\/wp-json\/wp\/v2\/product_cat?post=721963"},{"taxonomy":"product_tag","embeddable":true,"href":"https:\/\/roveyayinevi.com.tr\/index.php\/wp-json\/wp\/v2\/product_tag?post=721963"}],"curies":[{"name":"wp","href":"https:\/\/api.w.org\/{rel}","templated":true}]}}