{"id":721950,"date":"2025-08-27T18:57:00","date_gmt":"2025-08-27T15:57:00","guid":{"rendered":"https:\/\/roveyayinevi.com.tr\/index.php\/urun\/yerel-yonetimlerde-ornek-proje-uygulamalari-ciltli\/"},"modified":"2026-04-16T02:29:49","modified_gmt":"2026-04-15T23:29:49","slug":"yerel-yonetimlerde-ornek-proje-uygulamalari-ciltli","status":"publish","type":"product","link":"https:\/\/roveyayinevi.com.tr\/index.php\/urun\/yerel-yonetimlerde-ornek-proje-uygulamalari-ciltli\/","title":{"rendered":"Yerel Y\u00f6netimlerde \u00d6rnek Proje Uygulamalar\u0131 (Ciltli)"},"content":{"rendered":"<p>Yerel Y\u00f6netimlerde \u00d6rnek Proje Uygulamalar\u0131 \u201cYerel Y\u00f6netimlerin \u0130yi Proje Uygulamalar\u0131n\u0131n Yayg\u0131nla\u015ft\u0131r\u0131lmas\u0131 Projesi\u201d il \u00f6zel idareleriyle, b\u00fcy\u00fck\u015fehir, il ve il\u00e7e belediyelerince uygulanan 2005 y\u0131l\u0131ndan sonraki proje uygulamalar\u0131n\u0131 kapsamaktad\u0131r. Bu \u00e7er\u00e7evede belediyeler ve il \u00f6zel idarelerince uygulanan ve uygulanmakta olan projelerle ilgili olarak, yaz\u0131\u015fmalar sonucunda bilgi edinilmi\u015f, bu projelerden uygun g\u00f6r\u00fclenler;  iyi hizmet uygulamalar\u0131, sosyal hizmet ve yard\u0131m (ya\u015fl\u0131lar, dezavantajl\u0131 gruplar), e\u011fitim, sa\u011fl\u0131k, gen\u00e7lik ve spor, \u00e7ocuk, kad\u0131n ve \u00e7ocuklar\u0131 koruma, meslek ve beceri kazand\u0131rma, kentsel d\u00f6n\u00fc\u015f\u00fcm ve konut,  \u00e7evre ve \u00e7evre sa\u011fl\u0131\u011f\u0131 ile enerji tasarrufu, k\u00fclt\u00fcr ve sanat, tar\u0131m ve hayvanc\u0131l\u0131k, turizm ve tan\u0131t\u0131m, hayvanlar\u0131 koruma ile halk\u0131n g\u00f6n\u00fcll\u00fc kat\u0131l\u0131m\u0131 ve trafik gibi kategorilere ayr\u0131larak tasnif edilmi\u015ftir. Tasnif edilen bu kategorilere g\u00f6re yerel y\u00f6netimlerin g\u00f6rev ve yetkilerine de\u011finilmesi, her bir proje grubuyla ilgili yasal ve di\u011fer gerekli a\u00e7\u0131klamalarda bulunulmas\u0131 \u015feklinde \u00e7al\u0131\u015fma y\u00f6ntemi benimsenmi\u015ftir. Bu suretle ortaya konulan sim\u00fclasyon projeler; yerel y\u00f6netimlere proje uygulamalar\u0131nda rehberlik edecek, proje yazma ve uygulama cesaretinin artmas\u0131n\u0131 sa\u011flanacakt\u0131r. <\/p>\n","protected":false},"excerpt":{"rendered":"<p>Yerel Y\u00f6netimlerde \u00d6rnek Proje Uygulamalar\u0131 \u201cYerel Y\u00f6netimlerin \u0130yi Proje Uygulamalar\u0131n\u0131n Yayg\u0131nla\u015ft\u0131r\u0131lmas\u0131 Projesi\u201d il \u00f6zel idareleriyle, b\u00fcy\u00fck\u015fehir, il ve il\u00e7e belediyelerince uygulanan 2005 y\u0131l\u0131ndan sonraki proje uygulamalar\u0131n\u0131<span class=\"excerpt-hellip\"> [\u2026]<\/span><\/p>\n","protected":false},"featured_media":0,"template":"","meta":{"_monsterinsights_skip_tracking":false,"_monsterinsights_sitenote_active":false,"_monsterinsights_sitenote_note":"","_monsterinsights_sitenote_category":0},"product_brand":[],"product_cat":[13043,19008],"product_tag":[],"class_list":{"0":"post-721950","1":"product","2":"type-product","3":"status-publish","5":"product_cat-ekonomi","6":"product_cat-yonetim","7":"pa_cilt-ciltli","8":"pa_tur-kitap","9":"pa_yayinevi-tiav","10":"pa_yazar-kolektif","12":"first","13":"instock","14":"sale","15":"shipping-taxable","16":"purchasable","17":"product-type-simple"},"_links":{"self":[{"href":"https:\/\/roveyayinevi.com.tr\/index.php\/wp-json\/wp\/v2\/product\/721950","targetHints":{"allow":["GET"]}}],"collection":[{"href":"https:\/\/roveyayinevi.com.tr\/index.php\/wp-json\/wp\/v2\/product"}],"about":[{"href":"https:\/\/roveyayinevi.com.tr\/index.php\/wp-json\/wp\/v2\/types\/product"}],"wp:attachment":[{"href":"https:\/\/roveyayinevi.com.tr\/index.php\/wp-json\/wp\/v2\/media?parent=721950"}],"wp:term":[{"taxonomy":"product_brand","embeddable":true,"href":"https:\/\/roveyayinevi.com.tr\/index.php\/wp-json\/wp\/v2\/product_brand?post=721950"},{"taxonomy":"product_cat","embeddable":true,"href":"https:\/\/roveyayinevi.com.tr\/index.php\/wp-json\/wp\/v2\/product_cat?post=721950"},{"taxonomy":"product_tag","embeddable":true,"href":"https:\/\/roveyayinevi.com.tr\/index.php\/wp-json\/wp\/v2\/product_tag?post=721950"}],"curies":[{"name":"wp","href":"https:\/\/api.w.org\/{rel}","templated":true}]}}