{"id":721949,"date":"2025-08-27T18:57:00","date_gmt":"2025-08-27T15:57:00","guid":{"rendered":"https:\/\/roveyayinevi.com.tr\/index.php\/urun\/icisleri-bakanliginin-yapisi-ve-mulki-idare-calistayi-calistay-raporu-ciltli\/"},"modified":"2026-04-16T02:29:49","modified_gmt":"2026-04-15T23:29:49","slug":"icisleri-bakanliginin-yapisi-ve-mulki-idare-calistayi-calistay-raporu-ciltli","status":"publish","type":"product","link":"https:\/\/roveyayinevi.com.tr\/index.php\/urun\/icisleri-bakanliginin-yapisi-ve-mulki-idare-calistayi-calistay-raporu-ciltli\/","title":{"rendered":"\u0130\u00e7i\u015fleri Bakanl\u0131\u011f\u0131\u2019n\u0131n Yap\u0131s\u0131 ve M\u00fclki \u0130dare \u00c7al\u0131\u015ftay\u0131 \u2013 \u00c7al\u0131\u015ftay Raporu (Ciltli)"},"content":{"rendered":"<p>\u0130\u00e7i\u015fleri Bakanl\u0131\u011f\u0131\u2019n\u0131n Yap\u0131s\u0131 ve M\u00fclki \u0130dare \u00c7al\u0131\u015ftay\u0131 \u2013 \u00c7al\u0131\u015ftay Raporu T\u00fcrkiye\u2019de 2018 y\u0131l\u0131nda ger\u00e7ekle\u015fen Cumhurba\u015fkanl\u0131\u011f\u0131 H\u00fck\u00fcmet Sistemine ge\u00e7i\u015fe ili\u015fkin mevzuatta yap\u0131lan d\u00fczenlemelerve idari yap\u0131m\u0131zdaki de\u011fi\u015fikliklerin \u0130\u00e7i\u015fleri Bakanl\u0131\u011f\u0131 ile valilik ve kaymakaml\u0131klar\u0131n te\u015fkilat yap\u0131lar\u0131na etkileri, m\u00fclki idare sisteminin gelece\u011fi, m\u00fclki idare amirlerinin konumu, rol\u00fc, se\u00e7imi ve yeti\u015ftirilmesi, m\u00fclkiidare amirli\u011fi mesle\u011finde kar\u015f\u0131la\u015f\u0131lan sorunlar ve \u00e7\u00f6z\u00fcm \u00f6nerileri konular\u0131n\u0131n de\u011ferlendirilmesi amac\u0131yla 1012 Ocak 2019 tarihleri aras\u0131nda Ankara\u2019da\u2018\u2018\u0130\u00e7i\u015fleriBakanl\u0131\u011f\u0131n\u0131n Yap\u0131s\u0131 ve M\u00fclki \u0130dare \u00c7al\u0131\u015ftay\u0131\u2019\u2019 d\u00fczenlenmi\u015ftir.             Bu \u00c7al\u0131\u015ftay\u2019da yap\u0131lan \u00e7al\u0131\u015fmalarda ortaya konulan g\u00f6r\u00fc\u015f, d\u00fc\u015f\u00fcnce ve \u00f6neriler \u201c\u00c7al\u0131\u015ftay Raporu\u201d olarak yay\u0131mlanmaktad\u0131r.<\/p>\n","protected":false},"excerpt":{"rendered":"<p>\u0130\u00e7i\u015fleri Bakanl\u0131\u011f\u0131\u2019n\u0131n Yap\u0131s\u0131 ve M\u00fclki \u0130dare \u00c7al\u0131\u015ftay\u0131 \u2013 \u00c7al\u0131\u015ftay Raporu T\u00fcrkiye\u2019de 2018 y\u0131l\u0131nda ger\u00e7ekle\u015fen Cumhurba\u015fkanl\u0131\u011f\u0131 H\u00fck\u00fcmet Sistemine ge\u00e7i\u015fe ili\u015fkin mevzuatta yap\u0131lan d\u00fczenlemelerve idari yap\u0131m\u0131zdaki de\u011fi\u015fikliklerin \u0130\u00e7i\u015fleri<span class=\"excerpt-hellip\"> [\u2026]<\/span><\/p>\n","protected":false},"featured_media":0,"template":"","meta":{"_monsterinsights_skip_tracking":false,"_monsterinsights_sitenote_active":false,"_monsterinsights_sitenote_note":"","_monsterinsights_sitenote_category":0},"product_brand":[],"product_cat":[13043,19008],"product_tag":[],"class_list":{"0":"post-721949","1":"product","2":"type-product","3":"status-publish","5":"product_cat-ekonomi","6":"product_cat-yonetim","7":"pa_cilt-ciltli","8":"pa_tur-kitap","9":"pa_yayinevi-tiav","10":"pa_yazar-kolektif","12":"first","13":"instock","14":"sale","15":"shipping-taxable","16":"purchasable","17":"product-type-simple"},"_links":{"self":[{"href":"https:\/\/roveyayinevi.com.tr\/index.php\/wp-json\/wp\/v2\/product\/721949","targetHints":{"allow":["GET"]}}],"collection":[{"href":"https:\/\/roveyayinevi.com.tr\/index.php\/wp-json\/wp\/v2\/product"}],"about":[{"href":"https:\/\/roveyayinevi.com.tr\/index.php\/wp-json\/wp\/v2\/types\/product"}],"wp:attachment":[{"href":"https:\/\/roveyayinevi.com.tr\/index.php\/wp-json\/wp\/v2\/media?parent=721949"}],"wp:term":[{"taxonomy":"product_brand","embeddable":true,"href":"https:\/\/roveyayinevi.com.tr\/index.php\/wp-json\/wp\/v2\/product_brand?post=721949"},{"taxonomy":"product_cat","embeddable":true,"href":"https:\/\/roveyayinevi.com.tr\/index.php\/wp-json\/wp\/v2\/product_cat?post=721949"},{"taxonomy":"product_tag","embeddable":true,"href":"https:\/\/roveyayinevi.com.tr\/index.php\/wp-json\/wp\/v2\/product_tag?post=721949"}],"curies":[{"name":"wp","href":"https:\/\/api.w.org\/{rel}","templated":true}]}}