{"id":721941,"date":"2025-08-27T18:56:54","date_gmt":"2025-08-27T15:56:54","guid":{"rendered":"https:\/\/roveyayinevi.com.tr\/index.php\/urun\/costa-gavras-ve-politik-gerilim-sinemasi\/"},"modified":"2026-04-16T02:29:49","modified_gmt":"2026-04-15T23:29:49","slug":"costa-gavras-ve-politik-gerilim-sinemasi","status":"publish","type":"product","link":"https:\/\/roveyayinevi.com.tr\/index.php\/urun\/costa-gavras-ve-politik-gerilim-sinemasi\/","title":{"rendered":"Costa Gavras ve Politik Gerilim Sinemas\u0131"},"content":{"rendered":"<p>\u00d6l\u00fcms\u00fczden \u0130tiraf&#8217;a, S\u0131k\u0131y\u00f6netim&#8217;den Kay\u0131p&#8217;a M\u00fczik Kutusu&#8217;ndan Amen&#8217;e uzanan bir \u00e7izgide, politik film gelene\u011finin \u00f6nemli bir par\u00e7as\u0131na d\u00f6n\u00fc\u015fen Costa Gavras sinamas\u0131, bir yandan ana ak\u0131m sinema formlar\u0131yla uyum i\u00e7inde g\u00f6r\u00fcn\u00fcrken, di\u011fer taraftan da Bat\u0131 anlat\u0131 gelene\u011finde var olan rahatlat\u0131c\u0131 etkiyi bozma, seyirciye \u00e7\u0131\u011f\u0131r\u0131ndan \u00e7\u0131km\u0131\u015f bir d\u00fcnyada ya\u015fad\u0131\u011f\u0131n\u0131 hat\u0131rlatma gibi \u00f6nemli bir i\u015flev \u00fcstlenmi\u015ftir. Pop\u00fcler anlat\u0131n\u0131n b\u00fct\u00fcn ara\u00e7lar\u0131yla pop\u00fcler olmayan bir sineman\u0131n s\u0131n\u0131rlar\u0131n\u0131 yoklad\u0131\u011f\u0131 da \u00f6n\u00fc s\u00fcr\u00fclebilecek bu sineman\u0131n, Brecht&#8217;in de i\u015faret etti\u011fi gibi, hayat\u0131 olmasa da, onu de\u011fi\u015ftirmeye soyunanlar\u0131 de\u011fi\u015ftirmeyi hedefleyen bir yakla\u015f\u0131m\u0131n izlerini ta\u015f\u0131d\u0131\u011f\u0131 \u00f6ne s\u00fcr\u00fclebilir.\u00c7al\u0131\u015fmas\u0131na, sinema ve felsefe yaz\u0131n\u0131m\u0131z\u0131n \u00f6nemli kalemi Veysel Atayman&#8217;dan ald\u0131\u011f\u0131 ilhamla ba\u015flayan Elif Atayman&#8217;\u0131n, yerinde bir kararla sinema ve politika kavramlar\u0131n\u0131 da tart\u0131\u015fmaya a\u00e7t\u0131\u011f\u0131 eserin, \u00f6zellikle politik film t\u00fcr\u00fcn\u00fc tan\u0131mlama \u00e7abalar\u0131na \u00f6nemli katk\u0131lar sa\u011flayaca\u011f\u0131na ve yeni bir sineman\u0131n m\u00fcmk\u00fcn oldu\u011funa inananlara rehberlik edece\u011fine inan\u0131yoruz.<\/p>\n","protected":false},"excerpt":{"rendered":"<p>\u00d6l\u00fcms\u00fczden \u0130tiraf&#8217;a, S\u0131k\u0131y\u00f6netim&#8217;den Kay\u0131p&#8217;a M\u00fczik Kutusu&#8217;ndan Amen&#8217;e uzanan bir \u00e7izgide, politik film gelene\u011finin \u00f6nemli bir par\u00e7as\u0131na d\u00f6n\u00fc\u015fen Costa Gavras sinamas\u0131, bir yandan ana ak\u0131m sinema formlar\u0131yla<span class=\"excerpt-hellip\"> [\u2026]<\/span><\/p>\n","protected":false},"featured_media":0,"template":"","meta":{"_monsterinsights_skip_tracking":false,"_monsterinsights_sitenote_active":false,"_monsterinsights_sitenote_note":"","_monsterinsights_sitenote_category":0},"product_brand":[],"product_cat":[12409,12408],"product_tag":[],"class_list":{"0":"post-721941","1":"product","2":"type-product","3":"status-publish","5":"product_cat-fotograf-sinema-tiyatro","6":"product_cat-sanat","7":"pa_cilt-ciltsiz","8":"pa_tur-dergi","9":"pa_yayinevi-ayrinti-yayinlari","10":"pa_yazar-ipek-elif-atayman","12":"first","13":"instock","14":"sale","15":"shipping-taxable","16":"purchasable","17":"product-type-simple"},"_links":{"self":[{"href":"https:\/\/roveyayinevi.com.tr\/index.php\/wp-json\/wp\/v2\/product\/721941","targetHints":{"allow":["GET"]}}],"collection":[{"href":"https:\/\/roveyayinevi.com.tr\/index.php\/wp-json\/wp\/v2\/product"}],"about":[{"href":"https:\/\/roveyayinevi.com.tr\/index.php\/wp-json\/wp\/v2\/types\/product"}],"wp:attachment":[{"href":"https:\/\/roveyayinevi.com.tr\/index.php\/wp-json\/wp\/v2\/media?parent=721941"}],"wp:term":[{"taxonomy":"product_brand","embeddable":true,"href":"https:\/\/roveyayinevi.com.tr\/index.php\/wp-json\/wp\/v2\/product_brand?post=721941"},{"taxonomy":"product_cat","embeddable":true,"href":"https:\/\/roveyayinevi.com.tr\/index.php\/wp-json\/wp\/v2\/product_cat?post=721941"},{"taxonomy":"product_tag","embeddable":true,"href":"https:\/\/roveyayinevi.com.tr\/index.php\/wp-json\/wp\/v2\/product_tag?post=721941"}],"curies":[{"name":"wp","href":"https:\/\/api.w.org\/{rel}","templated":true}]}}