{"id":721940,"date":"2025-08-27T18:56:53","date_gmt":"2025-08-27T15:56:53","guid":{"rendered":"https:\/\/roveyayinevi.com.tr\/index.php\/urun\/y-kusaginin-yasli-ve-yaslilik-algisi\/"},"modified":"2026-04-16T02:29:49","modified_gmt":"2026-04-15T23:29:49","slug":"y-kusaginin-yasli-ve-yaslilik-algisi","status":"publish","type":"product","link":"https:\/\/roveyayinevi.com.tr\/index.php\/urun\/y-kusaginin-yasli-ve-yaslilik-algisi\/","title":{"rendered":"Y Ku\u015fa\u011f\u0131n\u0131n Ya\u015fl\u0131 ve Ya\u015fl\u0131l\u0131k Alg\u0131s\u0131"},"content":{"rendered":"<p>Y Ku\u015fa\u011f\u0131n\u0131n Ya\u015fl\u0131 ve Ya\u015fl\u0131l\u0131k Alg\u0131s\u0131<\/p>\n","protected":false},"excerpt":{"rendered":"<p>Y Ku\u015fa\u011f\u0131n\u0131n Ya\u015fl\u0131 ve Ya\u015fl\u0131l\u0131k Alg\u0131s\u0131<\/p>\n","protected":false},"featured_media":0,"template":"","meta":{"_monsterinsights_skip_tracking":false,"_monsterinsights_sitenote_active":false,"_monsterinsights_sitenote_note":"","_monsterinsights_sitenote_category":0},"product_brand":[],"product_cat":[13366,13365],"product_tag":[],"class_list":{"0":"post-721940","1":"product","2":"type-product","3":"status-publish","5":"product_cat-diger-saglik","6":"product_cat-saglik","7":"pa_cilt-ciltsiz","8":"pa_tur-kitap","9":"pa_yayinevi-gazi-kitabevi","10":"pa_yazar-emre-birinci","12":"first","13":"instock","14":"sale","15":"shipping-taxable","16":"purchasable","17":"product-type-simple"},"_links":{"self":[{"href":"https:\/\/roveyayinevi.com.tr\/index.php\/wp-json\/wp\/v2\/product\/721940","targetHints":{"allow":["GET"]}}],"collection":[{"href":"https:\/\/roveyayinevi.com.tr\/index.php\/wp-json\/wp\/v2\/product"}],"about":[{"href":"https:\/\/roveyayinevi.com.tr\/index.php\/wp-json\/wp\/v2\/types\/product"}],"wp:attachment":[{"href":"https:\/\/roveyayinevi.com.tr\/index.php\/wp-json\/wp\/v2\/media?parent=721940"}],"wp:term":[{"taxonomy":"product_brand","embeddable":true,"href":"https:\/\/roveyayinevi.com.tr\/index.php\/wp-json\/wp\/v2\/product_brand?post=721940"},{"taxonomy":"product_cat","embeddable":true,"href":"https:\/\/roveyayinevi.com.tr\/index.php\/wp-json\/wp\/v2\/product_cat?post=721940"},{"taxonomy":"product_tag","embeddable":true,"href":"https:\/\/roveyayinevi.com.tr\/index.php\/wp-json\/wp\/v2\/product_tag?post=721940"}],"curies":[{"name":"wp","href":"https:\/\/api.w.org\/{rel}","templated":true}]}}