{"id":721936,"date":"2025-08-27T18:56:51","date_gmt":"2025-08-27T15:56:51","guid":{"rendered":"https:\/\/roveyayinevi.com.tr\/index.php\/urun\/50-maddede-mutluluk\/"},"modified":"2026-04-16T02:29:49","modified_gmt":"2026-04-15T23:29:49","slug":"50-maddede-mutluluk","status":"publish","type":"product","link":"https:\/\/roveyayinevi.com.tr\/index.php\/urun\/50-maddede-mutluluk\/","title":{"rendered":"50 Maddede Mutluluk"},"content":{"rendered":"<p>Mutlu son var m\u0131d\u0131r? Peki ya mutlu a\u015fk? \u0130lk ansiklopedideki mutluluk maddesini kim yazd\u0131? Mutsuzlu\u011fu tan\u0131madan mutlu olmak m\u00fcmk\u00fcn m\u00fcd\u00fcr? Mutluluk g\u00f6r\u00fcnd\u00fc\u011f\u00fc gibi midir? Ki\u015fisel geli\u015fim kitaplar\u0131yla mutlulu\u011fu bulmak m\u00fcmk\u00fcn m\u00fcd\u00fcr? Sahi mutlulu\u011fun herkes i\u00e7in ge\u00e7erli bir form\u00fcl\u00fc var m\u0131d\u0131r? Orhan T\u00fcleylio\u011flu t\u00fcm d\u00fcnyadan d\u00f6nemine damgas\u0131n\u0131 vurmu\u015f  felsefecilerin, sanat\u00e7\u0131lar\u0131n ve yazarlar\u0131n \u0131\u015f\u0131\u011f\u0131nda \u201cmutluluk\u201d kavram\u0131n\u0131n pe\u015fine d\u00fc\u015f\u00fcyor. Tarih boyunca ya\u015fam\u0131\u015f en parlak ak\u0131llar mutlulu\u011fu nas\u0131l tan\u0131mlad\u0131, nas\u0131l deneyimledi ve eserlerinde nas\u0131l ele ald\u0131\u2026 50 Maddede Mutluluk, bu kavrama farkl\u0131 d\u00f6nemlerden bamba\u015fka isimlerin bak\u0131\u015f\u0131yla kendi \u201cmutluluk\u201d tan\u0131m\u0131n\u0131za hi\u00e7 olmad\u0131\u011f\u0131n\u0131z kadar yakla\u015fman\u0131z\u0131 sa\u011flayacak. <\/p>\n","protected":false},"excerpt":{"rendered":"<p>Mutlu son var m\u0131d\u0131r? Peki ya mutlu a\u015fk? \u0130lk ansiklopedideki mutluluk maddesini kim yazd\u0131? Mutsuzlu\u011fu tan\u0131madan mutlu olmak m\u00fcmk\u00fcn m\u00fcd\u00fcr? Mutluluk g\u00f6r\u00fcnd\u00fc\u011f\u00fc gibi midir? Ki\u015fisel geli\u015fim<span class=\"excerpt-hellip\"> [\u2026]<\/span><\/p>\n","protected":false},"featured_media":0,"template":"","meta":{"_monsterinsights_skip_tracking":false,"_monsterinsights_sitenote_active":false,"_monsterinsights_sitenote_note":"","_monsterinsights_sitenote_category":0},"product_brand":[],"product_cat":[16038,12388],"product_tag":[],"class_list":{"0":"post-721936","1":"product","2":"type-product","3":"status-publish","5":"product_cat-arastirma-inceleme-referans-felsefe","6":"product_cat-felsefe","7":"pa_cilt-ciltsiz","8":"pa_tur-kitap","9":"pa_yayinevi-kara-karga-yayinlari","10":"pa_yazar-orhan-tuleylioglu","12":"first","13":"instock","14":"sale","15":"shipping-taxable","16":"purchasable","17":"product-type-simple"},"_links":{"self":[{"href":"https:\/\/roveyayinevi.com.tr\/index.php\/wp-json\/wp\/v2\/product\/721936","targetHints":{"allow":["GET"]}}],"collection":[{"href":"https:\/\/roveyayinevi.com.tr\/index.php\/wp-json\/wp\/v2\/product"}],"about":[{"href":"https:\/\/roveyayinevi.com.tr\/index.php\/wp-json\/wp\/v2\/types\/product"}],"wp:attachment":[{"href":"https:\/\/roveyayinevi.com.tr\/index.php\/wp-json\/wp\/v2\/media?parent=721936"}],"wp:term":[{"taxonomy":"product_brand","embeddable":true,"href":"https:\/\/roveyayinevi.com.tr\/index.php\/wp-json\/wp\/v2\/product_brand?post=721936"},{"taxonomy":"product_cat","embeddable":true,"href":"https:\/\/roveyayinevi.com.tr\/index.php\/wp-json\/wp\/v2\/product_cat?post=721936"},{"taxonomy":"product_tag","embeddable":true,"href":"https:\/\/roveyayinevi.com.tr\/index.php\/wp-json\/wp\/v2\/product_tag?post=721936"}],"curies":[{"name":"wp","href":"https:\/\/api.w.org\/{rel}","templated":true}]}}