{"id":721935,"date":"2025-08-27T18:56:50","date_gmt":"2025-08-27T15:56:50","guid":{"rendered":"https:\/\/roveyayinevi.com.tr\/index.php\/urun\/gaipten-sesler\/"},"modified":"2026-04-16T02:29:49","modified_gmt":"2026-04-15T23:29:49","slug":"gaipten-sesler","status":"publish","type":"product","link":"https:\/\/roveyayinevi.com.tr\/index.php\/urun\/gaipten-sesler\/","title":{"rendered":"Gaipten Sesler"},"content":{"rendered":"<p>90\u2019l\u0131 y\u0131llarda efsanele\u015fen Oras\u0131 \u00d6yk\u00fcleri\u2019nin usta \u00e7izeri Ender \u00d6zkahraman, y\u0131llar sonra bamba\u015fka bir \u00f6yk\u00fcyle geri d\u00f6n\u00fcyor. \u015eark\u0131larda kullanmak \u00fczere ilgin\u00e7 seslerin pe\u015finde ko\u015fturan bir punk m\u00fczik grubu, ba\u015flar\u0131na geleceklerden habersiz, bir cinayete tan\u0131kl\u0131k eder.Kar\u0131s\u0131n\u0131 yeni \u00f6ld\u00fcrm\u00fc\u015f olan bir adam\u0131n ihtiraslar\u0131yla ilgili anlatt\u0131klar\u0131, bestesi haz\u0131r olan bir \u015fark\u0131n\u0131n s\u00f6zlerine d\u00f6n\u00fc\u015fmek \u00fczeredir.<\/p>\n","protected":false},"excerpt":{"rendered":"<p>90\u2019l\u0131 y\u0131llarda efsanele\u015fen Oras\u0131 \u00d6yk\u00fcleri\u2019nin usta \u00e7izeri Ender \u00d6zkahraman, y\u0131llar sonra bamba\u015fka bir \u00f6yk\u00fcyle geri d\u00f6n\u00fcyor. \u015eark\u0131larda kullanmak \u00fczere ilgin\u00e7 seslerin pe\u015finde ko\u015fturan bir punk m\u00fczik<span class=\"excerpt-hellip\"> [\u2026]<\/span><\/p>\n","protected":false},"featured_media":0,"template":"","meta":{"_monsterinsights_skip_tracking":false,"_monsterinsights_sitenote_active":false,"_monsterinsights_sitenote_note":"","_monsterinsights_sitenote_category":0},"product_brand":[],"product_cat":[12416,12291],"product_tag":[],"class_list":{"0":"post-721935","1":"product","2":"type-product","3":"status-publish","5":"product_cat-cizgi-roman","6":"product_cat-edebiyat","7":"pa_cilt-ciltsiz","8":"pa_tur-kitap","9":"pa_yayinevi-kara-karga-yayinlari","10":"pa_yazar-ender-ozkahraman","12":"first","13":"instock","14":"sale","15":"shipping-taxable","16":"purchasable","17":"product-type-simple"},"_links":{"self":[{"href":"https:\/\/roveyayinevi.com.tr\/index.php\/wp-json\/wp\/v2\/product\/721935","targetHints":{"allow":["GET"]}}],"collection":[{"href":"https:\/\/roveyayinevi.com.tr\/index.php\/wp-json\/wp\/v2\/product"}],"about":[{"href":"https:\/\/roveyayinevi.com.tr\/index.php\/wp-json\/wp\/v2\/types\/product"}],"wp:attachment":[{"href":"https:\/\/roveyayinevi.com.tr\/index.php\/wp-json\/wp\/v2\/media?parent=721935"}],"wp:term":[{"taxonomy":"product_brand","embeddable":true,"href":"https:\/\/roveyayinevi.com.tr\/index.php\/wp-json\/wp\/v2\/product_brand?post=721935"},{"taxonomy":"product_cat","embeddable":true,"href":"https:\/\/roveyayinevi.com.tr\/index.php\/wp-json\/wp\/v2\/product_cat?post=721935"},{"taxonomy":"product_tag","embeddable":true,"href":"https:\/\/roveyayinevi.com.tr\/index.php\/wp-json\/wp\/v2\/product_tag?post=721935"}],"curies":[{"name":"wp","href":"https:\/\/api.w.org\/{rel}","templated":true}]}}