{"id":721934,"date":"2025-08-27T18:56:49","date_gmt":"2025-08-27T15:56:49","guid":{"rendered":"https:\/\/roveyayinevi.com.tr\/index.php\/urun\/edebiyat-sosyolojisi-2\/"},"modified":"2026-04-16T02:29:49","modified_gmt":"2026-04-15T23:29:49","slug":"edebiyat-sosyolojisi-2","status":"publish","type":"product","link":"https:\/\/roveyayinevi.com.tr\/index.php\/urun\/edebiyat-sosyolojisi-2\/","title":{"rendered":"Edebiyat Sosyolojisi"},"content":{"rendered":"<p>Edeb\u00ee eseri olu\u015fturan ve a\u00e7\u0131klayan \u015fey nedir? Yazar\u0131n kendisi mi? D\u00f6nemin etkileri ve di\u011fer eserler mi? Ulusal edebiyat m\u0131? Ya da okuyucunun beklentileri mi? \u0130\u015fte bu sorulara yan\u0131t vermeye \u00e7al\u0131\u015fan bu kitap, son y\u0131llarda dikkate de\u011fer bir ara\u015ft\u0131rma ve uzmanl\u0131k alan\u0131 haline gelen edebiyat sosyolojisini konu edinmektedir.   Edeb\u00ee eserin \u201ci\u00e7eriden\u201d analizi ile \u201cd\u0131\u015far\u0131dan\u201d analizini sentezlemeye \u00e7al\u0131\u015fan edebiyat sosyolojisi, edeb\u00ee eserler ile bu eserlerin \u00fcretim \u015fartlar\u0131 aras\u0131ndaki ili\u015fkileri sosyo-politik ve sosyo-ekonomik a\u00e7\u0131dan ele ald\u0131\u011f\u0131 gibi, edeb\u00ee alan\u0131n i\u015fleyi\u015f bi\u00e7imleri ve edeb\u00ee eserlerin \u00e7e\u015fitli \u00e7evrelerde ve toplumda nas\u0131l kabul g\u00f6rd\u00fc\u011f\u00fc a\u00e7\u0131s\u0131ndan da ele al\u0131r. Bu ama\u00e7la, edebiyat sosyolo\u011fu, metin analizi, m\u00fclakatlar ve g\u00f6zlem gibi nitel y\u00f6ntemlerin yan\u0131s\u0131ra, a\u011f analizi gibi nicel y\u00f6ntemleri de kullanabilmekte; ulusa\u015f\u0131r\u0131 perspektifleri de sosyolojik analizine d\u00e2hil edebilmektedir.   Edebiyat tarihi ve edeb\u00ee incelemelerle disiplinleraras\u0131 diyalog kuran bu kitap, sanat sosyolojisi, k\u00fclt\u00fcr sosyolojisi, s\u0131n\u0131f sosyolojisi, cinsiyet ve \u201c\u0131rk\u201d sosyolojisi, meslek sosyolojisi, yay\u0131n sosyolojisi, \u00e7eviri sosyolojisi, k\u00fcreselle\u015fme sosyolojisi ve medya sosyolojisi gibi di\u011fer uzmanl\u0131k alanlar\u0131 ile edebiyat sosyolojisi aras\u0131ndaki kesi\u015fimleri de ele almaktad\u0131r. <\/p>\n","protected":false},"excerpt":{"rendered":"<p>Edeb\u00ee eseri olu\u015fturan ve a\u00e7\u0131klayan \u015fey nedir? Yazar\u0131n kendisi mi? D\u00f6nemin etkileri ve di\u011fer eserler mi? Ulusal edebiyat m\u0131? Ya da okuyucunun beklentileri mi? \u0130\u015fte bu<span class=\"excerpt-hellip\"> [\u2026]<\/span><\/p>\n","protected":false},"featured_media":0,"template":"","meta":{"_monsterinsights_skip_tracking":false,"_monsterinsights_sitenote_active":false,"_monsterinsights_sitenote_note":"","_monsterinsights_sitenote_category":0},"product_brand":[],"product_cat":[12835,12324],"product_tag":[],"class_list":{"0":"post-721934","1":"product","2":"type-product","3":"status-publish","5":"product_cat-genel-sosyoloji","6":"product_cat-sosyoloji","7":"pa_cilt-ciltsiz","8":"pa_tur-kitap","9":"pa_yayinevi-dogu-bati-yayinlari","10":"pa_yazar-gisele-sapiro","12":"first","13":"instock","14":"sale","15":"shipping-taxable","16":"purchasable","17":"product-type-simple"},"_links":{"self":[{"href":"https:\/\/roveyayinevi.com.tr\/index.php\/wp-json\/wp\/v2\/product\/721934","targetHints":{"allow":["GET"]}}],"collection":[{"href":"https:\/\/roveyayinevi.com.tr\/index.php\/wp-json\/wp\/v2\/product"}],"about":[{"href":"https:\/\/roveyayinevi.com.tr\/index.php\/wp-json\/wp\/v2\/types\/product"}],"wp:attachment":[{"href":"https:\/\/roveyayinevi.com.tr\/index.php\/wp-json\/wp\/v2\/media?parent=721934"}],"wp:term":[{"taxonomy":"product_brand","embeddable":true,"href":"https:\/\/roveyayinevi.com.tr\/index.php\/wp-json\/wp\/v2\/product_brand?post=721934"},{"taxonomy":"product_cat","embeddable":true,"href":"https:\/\/roveyayinevi.com.tr\/index.php\/wp-json\/wp\/v2\/product_cat?post=721934"},{"taxonomy":"product_tag","embeddable":true,"href":"https:\/\/roveyayinevi.com.tr\/index.php\/wp-json\/wp\/v2\/product_tag?post=721934"}],"curies":[{"name":"wp","href":"https:\/\/api.w.org\/{rel}","templated":true}]}}