{"id":721931,"date":"2025-08-27T18:56:47","date_gmt":"2025-08-27T15:56:47","guid":{"rendered":"https:\/\/roveyayinevi.com.tr\/index.php\/urun\/oliver-twist-gokkusagi-cep-kitap\/"},"modified":"2026-04-16T02:29:49","modified_gmt":"2026-04-15T23:29:49","slug":"oliver-twist-gokkusagi-cep-kitap","status":"publish","type":"product","link":"https:\/\/roveyayinevi.com.tr\/index.php\/urun\/oliver-twist-gokkusagi-cep-kitap\/","title":{"rendered":"Oliver Twist (G\u00f6kku\u015fa\u011f\u0131 Cep Kitap)"},"content":{"rendered":"<p>Annesi do\u011fum yaparken \u00f6len Oliver Twist, bir yetimhanede s\u0131k\u0131nt\u0131lar i\u00e7inde b\u00fcy\u00fcr. A\u00e7l\u0131kla ve cezalarla ge\u00e7en g\u00fcnleri, 11 ya\u015f\u0131ndayken evlatl\u0131k olarak verilmesiyle daha da zorla\u015f\u0131r. Bunun \u00fczerine evden ka\u00e7arak Londra&#8217;ya gitmeye karar verir. Yolda tan\u0131\u015ft\u0131\u011f\u0131 Jack Dawkins y\u00fcz\u00fcnden yankesicilerin aras\u0131na kat\u0131l\u0131r. H\u0131rs\u0131zl\u0131k yaparken kendisini yakalayan iyi y\u00fcrekli Bay Brownlow, Oliver&#8217;\u0131 yan\u0131na al\u0131r ve kendi o\u011flu gibi b\u00fcy\u00fctmeye karar verir. Ancak \u00e7ete, Oliver&#8217;\u0131n kendilerini ele vermesinden korktu\u011fu i\u00e7in pe\u015fini b\u0131rakmaz. Oliver&#8217;\u0131 yeni tehlikeler beklemektedir&#8230; Charles Dickens&#8217;\u0131n en sevilen d\u00fcnya klasikleri aras\u0131nda yer alan unutulmaz kitab\u0131 Oliver Twist, hemen hemen t\u00fcm dillere \u00e7evrilmi\u015f ve defalarca beyaz perdeye ve televizyona uyarlanm\u0131\u015ft\u0131r.<\/p>\n","protected":false},"excerpt":{"rendered":"<p>Annesi do\u011fum yaparken \u00f6len Oliver Twist, bir yetimhanede s\u0131k\u0131nt\u0131lar i\u00e7inde b\u00fcy\u00fcr. A\u00e7l\u0131kla ve cezalarla ge\u00e7en g\u00fcnleri, 11 ya\u015f\u0131ndayken evlatl\u0131k olarak verilmesiyle daha da zorla\u015f\u0131r. Bunun \u00fczerine<span class=\"excerpt-hellip\"> [\u2026]<\/span><\/p>\n","protected":false},"featured_media":0,"template":"","meta":{"_monsterinsights_skip_tracking":false,"_monsterinsights_sitenote_active":false,"_monsterinsights_sitenote_note":"","_monsterinsights_sitenote_category":0},"product_brand":[],"product_cat":[12274,12467],"product_tag":[],"class_list":{"0":"post-721931","1":"product","2":"type-product","3":"status-publish","5":"product_cat-cocuk-ve-genclik-kitaplari","6":"product_cat-dunya-klasikleri","7":"pa_cilt-ciltsiz","8":"pa_tur-kitap","9":"pa_yayinevi-arkadas-yayinlari","10":"pa_yazar-charles-dickens","12":"first","13":"instock","14":"sale","15":"shipping-taxable","16":"purchasable","17":"product-type-simple"},"_links":{"self":[{"href":"https:\/\/roveyayinevi.com.tr\/index.php\/wp-json\/wp\/v2\/product\/721931","targetHints":{"allow":["GET"]}}],"collection":[{"href":"https:\/\/roveyayinevi.com.tr\/index.php\/wp-json\/wp\/v2\/product"}],"about":[{"href":"https:\/\/roveyayinevi.com.tr\/index.php\/wp-json\/wp\/v2\/types\/product"}],"wp:attachment":[{"href":"https:\/\/roveyayinevi.com.tr\/index.php\/wp-json\/wp\/v2\/media?parent=721931"}],"wp:term":[{"taxonomy":"product_brand","embeddable":true,"href":"https:\/\/roveyayinevi.com.tr\/index.php\/wp-json\/wp\/v2\/product_brand?post=721931"},{"taxonomy":"product_cat","embeddable":true,"href":"https:\/\/roveyayinevi.com.tr\/index.php\/wp-json\/wp\/v2\/product_cat?post=721931"},{"taxonomy":"product_tag","embeddable":true,"href":"https:\/\/roveyayinevi.com.tr\/index.php\/wp-json\/wp\/v2\/product_tag?post=721931"}],"curies":[{"name":"wp","href":"https:\/\/api.w.org\/{rel}","templated":true}]}}